{"id":1994,"date":"2017-07-31T20:04:59","date_gmt":"2017-07-31T20:04:59","guid":{"rendered":"http:\/\/cytologystuff1.wpengine.com\/non-gyn-atlas\/effusions-metastatic-lung-cancer\/"},"modified":"2017-11-17T06:09:16","modified_gmt":"2017-11-17T06:09:16","slug":"effusions-metastatic-lung-cancer","status":"publish","type":"page","link":"https:\/\/stage.cytologystuff.com\/de\/non-gyn-atlas\/effusions-metastatic-lung-cancer\/","title":{"rendered":"Zytologie pleuraler, perikardialer und peritonealer Erg\u00fcsse"},"content":{"rendered":"<p>[vc_row 0=&#8221;&#8221;][vc_column 0=&#8221;&#8221; offset=&#8221;vc_hidden-lg vc_hidden-md&#8221;][vc_raw_html 0=&#8221;&#8221;]PGNlbnRlcj48YSBjbGFzcz0ic2hpZnRuYXYtdG9nZ2xlIHNoaWZ0bmF2LXRvZ2dsZS1idXR0b24iIGRhdGEtc2hpZnRuYXYtdGFyZ2V0PSJzaGlmdG5hdi1tYWluIj48aSBjbGFzcz0iZmEgZmEtYmFycyI+PC9pPiBUYWJsZSBvZiBDb250ZW50cyA8L2E+PC9jZW50ZXI+[\/vc_raw_html][\/vc_column][\/vc_row][vc_row][vc_column][vc_custom_heading text=&#8221;Zytologie pleuraler, perikardialer und peritonealer Erg\u00fcsse&#8221; font_container=&#8221;tag:h1|text_align:center&#8221; use_theme_fonts=&#8221;yes&#8221;][\/vc_column][\/vc_row][vc_row el_id=&#8221;acknowledgements&#8221;][vc_column width=&#8221;2\/3&#8243;][vc_column_text]    <\/p>\n<div id=>\n<p class=\"subhead\">ERG\u00dcSSE \u2013 METASTATISCHER LUNGENKREBS  <\/p>\n<p style=\"padding-left:7px\"><a href=\"javascript:void(0)\"  style=\"width:350px;display:block\"><img loading=\"lazy\" decoding=\"async\" src=\"\/images\/button27h.gif\" id=\"selfAssessImg\" width=\"350\" height=\"40\"><\/a><\/p>\n<div class=\"highslide-gallery\">\n    <strong>Erinnerung: Sie k\u00f6nnen auf jedes Bild klicken, um dieses vergr\u00f6\u00dfert zu betrachten.<\/strong><\/p>\n<div class=\"chartColumnCell\">\n    <a href=\"\/gallery\/images_large\/slide0480.jpg\" class=\"highslide\" onclick=\"return hs.expand(this)\" name=\"pap\"><br \/>\n        <img decoding=\"async\" src=\"\/gallery\/images\/slide0480.jpg\" alt=\"Image 2\" border=\"0\" title=\"Click to enlarge\"><\/a><\/p>\n<div class=\"highslide-caption\">\n    <strong>Abbildung 80<\/strong><br \/>\n    <br \/>Pleuraerguss: <br \/> Adenokarzinom der Lunge. <br \/> 20x <\/div>\n<\/div>\n<div class=\"chartColumnShortCell\">\n                <strong>Abbildung 80<br \/>\n                <\/strong><br \/>\n    Pleuraerguss: <br \/>\n    Adenokarzinom der Lunge. <br \/>\n    20x <\/div>\n<div class=\"newRow\"><\/div>\n<div class=\"chartColumnCell\">\n    <a href=\"\/gallery\/images_large\/slide0481.jpg\" class=\"highslide\" onclick=\"return hs.expand(this)\"><br \/>\n        <img decoding=\"async\" src=\"\/gallery\/images\/slide0481.jpg\" alt=\"Image 3\" border=\"0\" title=\"Click to enlarge\"><\/a><\/p>\n<div class=\"highslide-caption\">\n    <strong>Abbildung 81<\/strong><br \/>\n    <br \/> Pleuraerguss: <br \/> Adenokarzinom der Lunge. <br \/> 20x <\/div>\n<\/div>\n<div class=\"chartColumnShortCell\">\n            <strong>Abbildung 81<br \/>\n            <\/strong>        \t\tPleuraerguss: <br \/>\n    Adenokarzinom der Lunge. <br \/>\n    20x\n    <\/div>\n<div class=\"newRow\"><\/div>\n<div class=\"chartColumnCell\">\n    <a href=\"\/gallery\/images_large\/slide0482.jpg\" class=\"highslide\" onclick=\"return hs.expand(this)\"><br \/>\n        <img decoding=\"async\" src=\"\/gallery\/images\/slide0482.jpg\" alt=\"Image 3\" border=\"0\" title=\"Click to enlarge\"><\/a><\/p>\n<div class=\"highslide-caption\">\n    <strong>Abbildung 82<\/strong><br \/>\n    Pleuraerguss: <br \/> Adenokarzinom der Lunge. <br \/> 60x<\/div>\n<\/div>\n<div class=\"chartColumnLongCell\">\n    <strong>Abbildung 82<br \/>\n    <\/strong><br \/>\n    Pleuraerguss: <br \/>\n    Adenokarzinom der Lunge. <br \/>\n    60x\n    <\/div>\n<div class=\"newRow\"><\/div>\n<p>    <strong> Abbildungen 80-82: Pleuraerguss: Adenokarzinom der Lunge. <br \/><\/strong><br \/>\n    Die Mikroaufnahmen zeigen ein Adenokarzinom. H\u00e4ufig kann ein Adenokarzinom problemlos von einem Mesotheliom unterschieden werden. Manchmal kann mit Hilfe technisch hoch entwickelter Verfahren, wie z. B. Elektronenmikroskopie und Immunhistochemie, ein wahrscheinlicher Prim\u00e4rherd gefunden werden. Die Kenntnis der Krankengeschichte des Patienten ist immer der Schl\u00fcssel zur Identifizierung von Metastasen.<\/p>\n<div class=\"chartColumnCell\">\n    <a href=\"\/gallery\/images_large\/slide0483.jpg\" class=\"highslide\" onclick=\"return hs.expand(this)\" name=\"pap\"><br \/>\n        <img decoding=\"async\" src=\"\/gallery\/images\/slide0483.jpg\" alt=\"Image 2\" border=\"0\" title=\"Click to enlarge\"><\/a><\/p>\n<div class=\"highslide-caption\">\n    <strong>Abbildung 83<\/strong><br \/>\n    <br \/>Pleuraerguss: <br \/> Wenig differenziertes Adenokarzinom der Lunge. <br \/> 20x <\/div>\n<\/div>\n<div class=\"chartColumnShortCell\">\n                <strong>Abbildung 83<br \/>\n                <\/strong><br \/>\n    Pleuraerguss: <br \/>\n    Wenig differenziertes Adenokarzinom der Lunge. <br \/>\n    20x <\/div>\n<div class=\"newRow\"><\/div>\n<div class=\"chartColumnCell\">\n    <a href=\"\/gallery\/images_large\/slide0484.jpg\" class=\"highslide\" onclick=\"return hs.expand(this)\"><br \/>\n        <img decoding=\"async\" src=\"\/gallery\/images\/slide0484.jpg\" alt=\"Image 3\" border=\"0\" title=\"Click to enlarge\"><\/a><\/p>\n<div class=\"highslide-caption\">\n    <strong>Abbildung 84<\/strong><br \/>\n    <br \/> Pleuraerguss: <br \/>Wenig differenziertes Adenokarzinom der Lunge. <br \/> 60x  <\/div>\n<\/div>\n<div class=\"chartColumnLongCell\">\n            <strong>Abbildung 84<br \/>\n            <\/strong><br \/>\n    Pleuraerguss: <br \/>\n    Wenig differenziertes Adenokarzinom der Lunge. <br \/>\n    60x\n    <\/div>\n<div class=\"newRow\"><\/div>\n<p>    <strong>Abbildungen 83-84: Pleuraerguss, Wenig differenziertes Adenokarzinom der Lunge.<\/strong><br \/>\n    Beachten Sie die papill\u00e4r-dr\u00fcsige Anordnung der Tumorzellen, die markanten Zellkerne, die Vakuolisierung und die mitotischen Figuren. Unterscheidungen von anderen Ursprungsm\u00f6glichkeiten des Adenokarzinoms sind nicht m\u00f6glich.<\/p>\n<div class=\"chartColumnCell\">\n    <a href=\"\/gallery\/images_large\/slide0485.jpg\" class=\"highslide\" onclick=\"return hs.expand(this)\"><br \/>\n        <img decoding=\"async\" src=\"\/gallery\/images\/slide0485.jpg\" alt=\"Image 3\" border=\"0\" title=\"Click to enlarge\"><\/a><\/p>\n<div class=\"highslide-caption\">\n    <strong>Abbildung 85<\/strong><br \/>\n    <br \/>Peritonealerguss: <br \/> Adenokarzinom der Lunge. <br \/> 20x<\/div>\n<\/div>\n<div class=\"chartColumnShortCell\">\n            <strong>Abbildung 85<br \/>\n            <\/strong><br \/>\n    Peritonealerguss: <br \/>\n    Adenokarzinom der Lunge. <br \/>\n    20x\n    <\/div>\n<div class=\"newRow\"><\/div>\n<div class=\"chartColumnCell\">\n    <a href=\"\/gallery\/images_large\/slide0486.jpg\" class=\"highslide\" onclick=\"return hs.expand(this)\"><br \/>\n        <img decoding=\"async\" src=\"\/gallery\/images\/slide0486.jpg\" alt=\"Image 3\" border=\"0\" title=\"Click to enlarge\"><\/a><\/p>\n<div class=\"highslide-caption\">\n    <strong>Abbildung 86<\/strong><br \/>\n    <br \/>Peritonealerguss: <br \/> Adenokarzinom der Lunge. <br \/> 60x<\/div>\n<\/div>\n<div class=\"chartColumnShortCell\">\n            <strong>Abbildung 86<br \/>\n            <\/strong><br \/>\n    Peritonealerguss: <br \/>\n    Adenokarzinom der Lunge. <br \/>\n    60x\n    <\/div>\n<div class=\"newRow\"><\/div>\n<div class=\"chartColumnCell\">\n    <a href=\"\/gallery\/images_large\/slide0487.jpg\" class=\"highslide\" onclick=\"return hs.expand(this)\"><br \/>\n        <img decoding=\"async\" src=\"\/gallery\/images\/slide0487.jpg\" alt=\"Image 3\" border=\"0\" title=\"Click to enlarge\"><\/a><\/p>\n<div class=\"highslide-caption\">\n    <strong>Abbildung 87<\/strong><br \/>\n    <br \/>Peritonealerguss: <br \/> Adenokarzinom der Lunge. <br \/> 60x <\/div>\n<\/div>\n<div class=\"chartColumnShortCell\">\n            <strong>Abbildung 87<br \/>\n            <\/strong><br \/>\n    Peritonealerguss: <br \/>\n    Adenokarzinom der Lunge. <br \/>\n    60x\n    <\/div>\n<div class=\"newRow\"><\/div>\n<p>    <strong>Figures 85-87: Peritonealerguss:  Adenokarzinom der Lunge. <br \/><\/strong><br \/>\n    Cluster von Zellen mit den klassischen Merkmalen eines Adenokarzinoms. Es konnte nachgewiesen werden, dass diese Zellen von einem bronchogenen Karzinom stammen. <\/p>\n<p>    Ein undifferenziertes kleinzelliges Karzinom ist als Ursache f\u00fcr einen malignen Pleuraerguss ungew\u00f6hnlich. Die Tumorzellen sind klein und dunkel und m\u00fcssen von den Lymphoidzellen unterschieden werden. Zu den Merkmalen des kleinzelligen undifferenzierten Karzinoms geh\u00f6ren nukle\u00e4re Verformungen und die Nekrose einzelner Zellen. Immunhistochemische F\u00e4rbungen von Zellblockmaterial k\u00f6nnen erforderlich sein, um die Diagnose zu best\u00e4tigen.<\/p>\n<div class=\"chartColumnCell\">\n    <a href=\"\/gallery\/images_large\/slide0488.jpg\" class=\"highslide\" onclick=\"return hs.expand(this)\" name=\"pap\"><br \/>\n        <img decoding=\"async\" src=\"\/gallery\/images\/slide0488.jpg\" alt=\"Image 2\" border=\"0\" title=\"Click to enlarge\"><\/a><\/p>\n<div class=\"highslide-caption\">\n    <strong>Abbildung 88<\/strong><br \/>\n    <br \/>Pleuraerguss: <br \/>Kleinzelliges undifferenziertes Karzinom der Lunge. Beachten Sie die kleinen Cluster von gutartigen Mesothelzellen und die drei gr\u00f6\u00dferen Zellen des kleinzelligen undifferenzierten Karzinoms am Rand eines der Cluster. <br \/> 60x <\/div>\n<\/div>\n<div class=\"chartColumnLongCell\">\n                <strong>Abbildung 88<br \/>\n                <\/strong><br \/>\n    Pleuraerguss: <br \/>\n    Kleinzelliges undifferenziertes Karzinom der Lunge. Beachten Sie die kleinen Cluster von gutartigen Mesothelzellen und die drei gr\u00f6\u00dferen Zellen des kleinzelligen undifferenzierten Karzinoms am Rand eines der Cluster. <br \/>\n    60x <\/div>\n<div class=\"newRow\"><\/div>\n<div class=\"chartColumnCell\">\n    <a href=\"\/gallery\/images_large\/slide0489.jpg\" class=\"highslide\" onclick=\"return hs.expand(this)\"><br \/>\n        <img decoding=\"async\" src=\"\/gallery\/images\/slide0489.jpg\" alt=\"Image 3\" border=\"0\" title=\"Click to enlarge\"><\/a><\/p>\n<div class=\"highslide-caption\">\n    <strong>Abbildung 89<\/strong><br \/>\n    <br \/>Pleuraerguss: <br \/> Kleinzelliges undifferenziertes Karzinom der Lunge. Die Zellkerne weisen kleine Kernk\u00f6rperchen auf und das Chromatin hat h\u00e4ufig ein salzig-pfeffriges Aussehen. Zytoplasma ist nur sp\u00e4rlich vorhanden. <br \/> 60x  <\/div>\n<\/div>\n<div class=\"chartColumnLongCell\">\n            <strong>Abbildung 89<br \/>\n            <\/strong><br \/>\n    Pleuraerguss: <br \/>\n    Kleinzelliges undifferenziertes Karzinom der Lunge. Die Zellkerne weisen kleine Kernk\u00f6rperchen auf und das Chromatin hat h\u00e4ufig ein salzig-pfeffriges Aussehen. Zytoplasma ist nur sp\u00e4rlich vorhanden. <br \/>\n    60x\n    <\/div>\n<div class=\"newRow\"><\/div>\n<div class=\"chartColumnCell\">\n    <a href=\"\/gallery\/images_large\/slide0490.jpg\" class=\"highslide\" onclick=\"return hs.expand(this)\" name=\"pap\"><br \/>\n        <img decoding=\"async\" src=\"\/gallery\/images\/slide0490.jpg\" alt=\"Image 2\" border=\"0\" title=\"Click to enlarge\"><\/a><\/p>\n<div class=\"highslide-caption\">\n    <strong>Abbildung 90<\/strong><br \/>\n    <br \/> Pleuraerguss: <br \/> Kleinzelliges undifferenziertes Karzinom der Lunge. Die Zellen des kleinzelligen undifferenzierten Karzinoms sind unzusammenh\u00e4ngend und k\u00f6nnen den Eindruck von Einzelzellen vermitteln. Beachten Sie den nekrotischen Hintergrund. <br \/> 60x <\/div>\n<\/div>\n<div class=\"chartColumnLongCell\">\n                <strong>Abbildung 90<br \/>\n                <\/strong><br \/>\n    Pleuraerguss: <br \/>\n    Kleinzelliges undifferenziertes Karzinom der Lunge. Die Zellen des kleinzelligen undifferenzierten Karzinoms sind unzusammenh\u00e4ngend und k\u00f6nnen den Eindruck von Einzelzellen vermitteln. Beachten Sie den nekrotischen Hintergrund. <br \/>\n    60x <\/div>\n<div class=\"newRow\"><\/div>\n<div class=\"chartColumnCell\">\n    <a href=\"\/gallery\/images_large\/slide0491.jpg\" class=\"highslide\" onclick=\"return hs.expand(this)\"><br \/>\n        <img decoding=\"async\" src=\"\/gallery\/images\/slide0491.jpg\" alt=\"Image 3\" border=\"0\" title=\"Click to enlarge\"><\/a><\/p>\n<div class=\"highslide-caption\">\n    <strong>Abbildung 91<\/strong><br \/>\n    <br \/>Pleuraerguss: <br \/> Kleinzelliges undifferenziertes Karzinom der Lunge. <br \/> 20x <\/div>\n<\/div>\n<div class=\"chartColumnShortCell\">\n            <strong>Abbildung 91<br \/>\n            <\/strong><br \/>\n    Pleuraerguss: <br \/>\n    Kleinzelliges undifferenziertes Karzinom der Lunge. <br \/>\n    20x\n    <\/div>\n<div class=\"newRow\"><\/div>\n<div class=\"chartColumnCell\">\n    <a href=\"\/gallery\/images_large\/slide0492.jpg\" class=\"highslide\" onclick=\"return hs.expand(this)\"><br \/>\n        <img decoding=\"async\" src=\"\/gallery\/images\/slide0492.jpg\" alt=\"Image 3\" border=\"0\" title=\"Click to enlarge\"><\/a><\/p>\n<div class=\"highslide-caption\">\n    <strong>Abbildung 92<\/strong><br \/>\n    <br \/>Pleuraerguss: <br \/> Kleinzelliges undifferenziertes Karzinom der Lunge. <br \/> 40x<\/div>\n<\/div>\n<div class=\"chartColumnShortCell\">\n            <strong>Abbildung 92<br \/>\n            <\/strong><br \/>\n    Pleuraerguss: <br \/>\n    Kleinzelliges undifferenziertes Karzinom der Lunge. <br \/>\n    40x\n    <\/div>\n<\/div>\n<div class=\"newRow\"><\/div>\n<p>    <strong>Figures 91-92: Pleuraerguss: Kleinzelliges undifferenziertes Karzinom der Lunge. <\/strong><br \/>\n    Kleine dunkle Zellen des kleinzelligen undifferenzierten Karzinoms, die einzeln und in kleinen Gruppen vorliegen. Beachten Sie die nukle\u00e4re Verformung.  <\/p>\n<p><a class=\"back\" href=\"#\">Zur\u00fcck nach oben<\/a><\/p>\n<p><a href=\"nongyn_atlas.htm\">R\u00fcckkehr zu den Inhaltsverzeichnis<\/a><\/p>\n<\/p><\/div>\n<p>[\/vc_column_text][vc_column_text el_class=&#8221;back-to-top&#8221;]<strong><a href=\"#main\">Back to Top<\/a><\/strong>[\/vc_column_text][\/vc_column][vc_column width=&#8221;1\/3&#8243; offset=&#8221;vc_hidden-sm vc_hidden-xs&#8221;][vc_widget_sidebar sidebar_id=&#8221;consulting-right-sidebar&#8221;][\/vc_column][\/vc_row]<\/p>\n","protected":false},"excerpt":{"rendered":"<p>[vc_row 0=&#8221;&#8221;][vc_column 0=&#8221;&#8221; offset=&#8221;vc_hidden-lg vc_hidden-md&#8221;][vc_raw_html 0=&#8221;&#8221;]PGNlbnRlcj48YSBjbGFzcz0ic2hpZnRuYXYtdG9nZ2xlIHNoaWZ0bmF2LXRvZ2dsZS1idXR0b24iIGRhdGEtc2hpZnRuYXYtdGFyZ2V0PSJzaGlmdG5hdi1tYWluIj48aSBjbGFzcz0iZmEgZmEtYmFycyI+PC9pPiBUYWJsZSBvZiBDb250ZW50cyA8L2E+PC9jZW50ZXI+[\/vc_raw_html][\/vc_column][\/vc_row][vc_row][vc_column][vc_custom_heading text=&#8221;Zytologie pleuraler, perikardialer und peritonealer Erg\u00fcsse&#8221; font_container=&#8221;tag:h1|text_align:center&#8221; use_theme_fonts=&#8221;yes&#8221;][\/vc_column][\/vc_row][vc_row el_id=&#8221;acknowledgements&#8221;][vc_column width=&#8221;2\/3&#8243;][vc_column_text] ERG\u00dcSSE \u2013 METASTATISCHER LUNGENKREBS Erinnerung: Sie k\u00f6nnen auf jedes Bild klicken, um dieses vergr\u00f6\u00dfert zu betrachten. Abbildung 80 Pleuraerguss: Adenokarzinom der Lunge. 20x Abbildung 80 Pleuraerguss: Adenokarzinom der Lunge. 20x Abbildung 81 Pleuraerguss: Adenokarzinom der Lunge. 20x Abbildung 81<\/p>\n","protected":false},"author":3,"featured_media":0,"parent":1950,"menu_order":0,"comment_status":"closed","ping_status":"closed","template":"","meta":{"ngg_post_thumbnail":0,"footnotes":""},"class_list":["post-1994","page","type-page","status-publish","hentry"],"_links":{"self":[{"href":"https:\/\/stage.cytologystuff.com\/de\/wp-json\/wp\/v2\/pages\/1994","targetHints":{"allow":["GET"]}}],"collection":[{"href":"https:\/\/stage.cytologystuff.com\/de\/wp-json\/wp\/v2\/pages"}],"about":[{"href":"https:\/\/stage.cytologystuff.com\/de\/wp-json\/wp\/v2\/types\/page"}],"author":[{"embeddable":true,"href":"https:\/\/stage.cytologystuff.com\/de\/wp-json\/wp\/v2\/users\/3"}],"replies":[{"embeddable":true,"href":"https:\/\/stage.cytologystuff.com\/de\/wp-json\/wp\/v2\/comments?post=1994"}],"version-history":[{"count":0,"href":"https:\/\/stage.cytologystuff.com\/de\/wp-json\/wp\/v2\/pages\/1994\/revisions"}],"up":[{"embeddable":true,"href":"https:\/\/stage.cytologystuff.com\/de\/wp-json\/wp\/v2\/pages\/1950"}],"wp:attachment":[{"href":"https:\/\/stage.cytologystuff.com\/de\/wp-json\/wp\/v2\/media?parent=1994"}],"curies":[{"name":"wp","href":"https:\/\/api.w.org\/{rel}","templated":true}]}}