{"id":2113,"date":"2017-08-01T12:47:57","date_gmt":"2017-08-01T12:47:57","guid":{"rendered":"http:\/\/cytologystuff1.wpengine.com\/non-gyn-atlas\/respiratory-cytology-large-cell-undifferentiated-carcinoma\/"},"modified":"2017-11-21T07:37:23","modified_gmt":"2017-11-21T07:37:23","slug":"respiratory-cytology-large-cell-undifferentiated-carcinoma","status":"publish","type":"page","link":"https:\/\/stage.cytologystuff.com\/de\/non-gyn-atlas\/respiratory-cytology-large-cell-undifferentiated-carcinoma\/","title":{"rendered":"Respiratory Zytologie"},"content":{"rendered":"<p>[vc_row 0=&#8221;&#8221;][vc_column 0=&#8221;&#8221; offset=&#8221;vc_hidden-lg vc_hidden-md&#8221;][vc_raw_html 0=&#8221;&#8221;]PGNlbnRlcj48YSBjbGFzcz0ic2hpZnRuYXYtdG9nZ2xlIHNoaWZ0bmF2LXRvZ2dsZS1idXR0b24iIGRhdGEtc2hpZnRuYXYtdGFyZ2V0PSJzaGlmdG5hdi1tYWluIj48aSBjbGFzcz0iZmEgZmEtYmFycyI+PC9pPiBUYWJsZSBvZiBDb250ZW50cyA8L2E+PC9jZW50ZXI+[\/vc_raw_html][\/vc_column][\/vc_row][vc_row][vc_column][vc_custom_heading text=&#8221;Respiratory Zytologie&#8221; font_container=&#8221;tag:h1|text_align:center&#8221; use_theme_fonts=&#8221;yes&#8221;][\/vc_column][\/vc_row][vc_row][vc_column width=&#8221;2\/3&#8243;][vc_column_text]<\/p>\n<div id=>\n<p class=\"subhead\" id=\"acknowledgements\">GROSSZELLIGES UNDIFFERENZIERTES KARZINOM <\/p>\n<p style=\"padding-left:7px\"><a href=\"javascript:void(0)\"  style=\"width:350px;display:block\"><img loading=\"lazy\" decoding=\"async\" src=\"\/images\/button27h.gif\" id=\"selfAssessImg\" width=\"350\" height=\"40\"><\/a><\/p>\n<div class=\"highslide-gallery\">\n<strong>Erinnerung: Sie k\u00f6nnen auf jedes Bild klicken, um dieses vergr\u00f6\u00dfert zu betrachten.<\/strong><\/p>\n<div class=\"chartColumnCell\">\n<a href=\"\/gallery\/images_large\/slide0644.jpg\" class=\"highslide\" onclick=\"return hs.expand(this)\" name=\"pap\"><br \/>\n\t<img decoding=\"async\" src=\"\/gallery\/images\/slide0644.jpg\" alt=\"Image 2\" border=\"0\" title=\"Click to enlarge\"><\/a><\/p>\n<div class=\"highslide-caption\">\n<strong>Abbildung 131<\/strong><br \/>\n<br \/>\nB\u00fcrstenabstrich der Bronchialwand <br \/>\nDie geringe Vergr\u00f6\u00dferung zeigt einen Cluster von Zellen eines gro\u00dfzelligen undifferenzierten Karzinoms.<br \/>\n20x <\/div>\n<\/div>\n<div class=\"chartColumnLongCell\">\n<strong>Abbildung 131<br \/>\n<\/strong><br \/>\nB\u00fcrstenabstrich der Bronchialwand <br \/>\nDie geringe Vergr\u00f6\u00dferung zeigt einen Cluster von Zellen eines gro\u00dfzelligen undifferenzierten Karzinoms.<br \/>\n20x<\/div>\n<div class=\"newRow\"><\/div>\n<div class=\"chartColumnCell\">\n<a href=\"\/gallery\/images_large\/slide0645.jpg\" class=\"highslide\" onclick=\"return hs.expand(this)\"><br \/>\n\t<img decoding=\"async\" src=\"\/gallery\/images\/slide0645.jpg\" alt=\"Image 3\" border=\"0\" title=\"Click to enlarge\"><\/a><\/p>\n<div class=\"highslide-caption\">\n<strong>Abbildung 132<\/strong><br \/>\n<br \/>\nB\u00fcrstenabstrich der Bronchialwand <br \/>\nDie Zellen des gro\u00dfzelligen undifferenzierten Karzinoms sind nicht zusammenh\u00e4ngend. Vergleichen Sie die Gr\u00f6\u00dfe der malignen Zellen mit dem angrenzenden normalen Bronchialepithel.<br \/>\n40x<\/div>\n<\/div>\n<div class=\"chartColumnLongCell\">\n \t<strong>Abbildung 132<br \/>\n \t<\/strong><br \/>\n B\u00fcrstenabstrich der Bronchialwand <br \/>\nDie Zellen des gro\u00dfzelligen undifferenzierten Karzinoms sind nicht zusammenh\u00e4ngend. Vergleichen Sie die Gr\u00f6\u00dfe der malignen Zellen mit dem angrenzenden normalen Bronchialepithel.<br \/>\n40x<\/div>\n<div class=\"newRow\"><\/div>\n<div class=\"chartColumnCell\">\n<a href=\"\/gallery\/images_large\/slide0646.jpg\" class=\"highslide\" onclick=\"return hs.expand(this)\"><br \/>\n\t<img decoding=\"async\" src=\"\/gallery\/images\/slide0646.jpg\" alt=\"Image 3\" border=\"0\" title=\"Click to enlarge\"><\/a><\/p>\n<div class=\"highslide-caption\">\n<strong>Abbildung 133<br \/>\n<\/strong><br \/>\nB\u00fcrstenabstrich der Bronchialwand <br \/>\nLaut Definition ist beim gro\u00dfzelligen undifferenzierten Karzinom keine squam\u00f6se oder glandul\u00e4re Differenzierung vorhanden. Meist handelt es sich um ein schlecht differenziertes Adenokarzinom auf ultrastruktureller Ebene.<br \/>\n60x <\/div>\n<\/div>\n<div class=\"chartColumnLongCell\">\n<strong>Abbildung 133<br \/>\n<\/strong><br \/>\nB\u00fcrstenabstrich der Bronchialwand <br \/>\nLaut Definition ist beim gro\u00dfzelligen undifferenzierten Karzinom keine squam\u00f6se oder glandul\u00e4re Differenzierung vorhanden. Meist handelt es sich um ein schlecht differenziertes Adenokarzinom auf ultrastruktureller Ebene.<br \/>\n60x <\/div>\n<div class=\"newRow\"><\/div>\n<div class=\"chartColumnCell\">\n<a href=\"\/gallery\/images_large\/slide0647.jpg\" class=\"highslide\" onclick=\"return hs.expand(this)\" name=\"pap\"><br \/>\n\t<img decoding=\"async\" src=\"\/gallery\/images\/slide0647.jpg\" alt=\"Image 2\" border=\"0\" title=\"Click to enlarge\"><\/a><\/p>\n<div class=\"highslide-caption\">\n<strong>Abbildung 134<\/strong><br \/>\n<br \/>\nB\u00fcrstenabstrich der Bronchialwand <br \/>\nEin gro\u00dfzelliges undifferenziertes Karzinom aus einem B\u00fcrstenabstrich der Bronchialwand.<br \/>\n40x<\/div>\n<\/div>\n<div class=\"chartColumnLongCell\">\n<strong>Abbildung 134<br \/>\n<\/strong><br \/>\nB\u00fcrstenabstrich der Bronchialwand <br \/>\nEin gro\u00dfzelliges undifferenziertes Karzinom aus einem B\u00fcrstenabstrich der Bronchialwand.<br \/>\n40x<\/div>\n<div class=\"newRow\"><\/div>\n<div class=\"chartColumnCell\">\n<a href=\"\/gallery\/images_large\/slide0648.jpg\" class=\"highslide\" onclick=\"return hs.expand(this)\"><br \/>\n\t<img decoding=\"async\" src=\"\/gallery\/images\/slide0648.jpg\" alt=\"Image 3\" border=\"0\" title=\"Click to enlarge\"><\/a><\/p>\n<div class=\"highslide-caption\">\n<strong>Abbildung 135<\/strong><br \/>\n<br \/>\nB\u00fcrstenabstrich der Bronchialwand <br \/>\nSt\u00e4rkere Vergr\u00f6\u00dferung eines gro\u00dfzelligen undifferenzierten Karzinoms.<br \/>\n60x <\/div>\n<\/div>\n<div class=\"chartColumnShortCell\">\n \t<strong>Abbildung 135<br \/>\n \t<\/strong>B\u00fcrstenabstrich der Bronchialwand <br \/>\nSt\u00e4rkere Vergr\u00f6\u00dferung eines gro\u00dfzelligen undifferenzierten Karzinoms.<br \/>\n60x\n<\/div>\n<div class=\"newRow\"><\/div>\n<div class=\"chartColumnCell\">\n<a href=\"\/gallery\/images_large\/slide0649.jpg\" class=\"highslide\" onclick=\"return hs.expand(this)\" name=\"pap\"><br \/>\n\t<img decoding=\"async\" src=\"\/gallery\/images\/slide0649.jpg\" alt=\"Image 2\" border=\"0\" title=\"Click to enlarge\"><\/a><\/p>\n<div class=\"highslide-caption\">\n<strong>Abbildung 136<\/strong><br \/>\n<br \/>\nBronchialsp\u00fclung<br \/>\nBronchialsp\u00fclung mit Zellen eines gro\u00dfzelligen undifferenzierten Karzinoms.<br \/>\n20x<\/div>\n<\/div>\n<div class=\"chartColumnLongCell\">\n<strong>Abbildung 136<br \/>\n<\/strong><br \/>\nBronchialsp\u00fclung<br \/>\nBronchialsp\u00fclung mit Zellen eines gro\u00dfzelligen undifferenzierten Karzinoms.<br \/>\n20x<\/div>\n<div class=\"newRow\"><\/div>\n<div class=\"chartColumnCell\">\n<a href=\"\/gallery\/images_large\/slide0650.jpg\" class=\"highslide\" onclick=\"return hs.expand(this)\"><br \/>\n\t<img decoding=\"async\" src=\"\/gallery\/images\/slide0650.jpg\" alt=\"Image 3\" border=\"0\" title=\"Click to enlarge\"><\/a><\/p>\n<div class=\"highslide-caption\">\n<strong>Abbildung 137<\/strong><br \/>\n<br \/>\nBronchialsp\u00fclung<br \/>\nDieser Cluster von Tumorzellen grenzt an einen Streifen von normalem Bronchialepithel. Vergleichen Sie die Kerngr\u00f6\u00dfen.<br \/>\n40x <\/div>\n<\/div>\n<div class=\"chartColumnLongCell\">\n \t<strong>Abbildung 137<br \/>\n \t<\/strong>        \t\tBronchialsp\u00fclung<br \/>\nDieser Cluster von Tumorzellen grenzt an einen Streifen von normalem Bronchialepithel. Vergleichen Sie die Kerngr\u00f6\u00dfen.<br \/>\n40x <\/div>\n<div class=\"newRow\"><\/div>\n<div class=\"chartColumnCell\">\n<a href=\"\/gallery\/images_large\/slide0651.jpg\" class=\"highslide\" onclick=\"return hs.expand(this)\"><br \/>\n\t<img decoding=\"async\" src=\"\/gallery\/images\/slide0651.jpg\" alt=\"Image 3\" border=\"0\" title=\"Click to enlarge\"><\/a><\/p>\n<div class=\"highslide-caption\">\n<strong>Abbildung 138<\/strong><br \/>\n<br \/>\nBronchialsp\u00fclung<br \/>\nDas gro\u00dfzellige undifferenzierte Karzinom enth\u00e4lt zahlreiche Kernk\u00f6rperchen.<br \/>\n60x <\/div>\n<\/div>\n<div class=\"chartColumnLongCell\">\n \t<strong>Abbildung 138<br \/>\n \t<\/strong>        \t\tBronchialsp\u00fclung<br \/>\nDas gro\u00dfzellige undifferenzierte Karzinom enth\u00e4lt zahlreiche Kernk\u00f6rperchen.<br \/>\n60x <\/div>\n<div class=\"newRow\"><\/div>\n<div class=\"chartColumnCell\">\n<a href=\"\/gallery\/images_large\/slide0652.jpg\" class=\"highslide\" onclick=\"return hs.expand(this)\"><br \/>\n\t<img decoding=\"async\" src=\"\/gallery\/images\/slide0652.jpg\" alt=\"Image 3\" border=\"0\" title=\"Click to enlarge\"><\/a><\/p>\n<div class=\"highslide-caption\">\n<strong>Abbildung 139<\/strong><br \/>\n<br \/>\nBronchialsp\u00fclung<br \/>\nGeringe Vergr\u00f6\u00dferung eines gro\u00dfzelligen undifferenzierten Karzinoms.<br \/>\n20x <\/div>\n<\/div>\n<div class=\"chartColumnLongCell\">\n \t<strong>Abbildung 139<br \/>\n \t<\/strong>        \t\tBronchialsp\u00fclung<br \/>\nGeringe Vergr\u00f6\u00dferung eines gro\u00dfzelligen undifferenzierten Karzinoms.<br \/>\n20x  <\/div>\n<div class=\"newRow\"><\/div>\n<div class=\"chartColumnCell\">\n<a href=\"\/gallery\/images_large\/slide0653.jpg\" class=\"highslide\" onclick=\"return hs.expand(this)\" name=\"pap\"><br \/>\n\t<img decoding=\"async\" src=\"\/gallery\/images\/slide0653.jpg\" alt=\"Image 2\" border=\"0\" title=\"Click to enlarge\"><\/a><\/p>\n<div class=\"highslide-caption\">\n<strong>Abbildung 140<\/strong><br \/>\n<br \/>\nBronchialsp\u00fclung<br \/>\nDie starke Vergr\u00f6\u00dferung zeigt keine signifikante squam\u00f6se oder glandul\u00e4re Differenzierung.<br \/>\n40x  <\/div>\n<\/div>\n<div class=\"chartColumnLongCell\">\n<strong>Abbildung 140<br \/>\n<\/strong><br \/>\nBronchialsp\u00fclung<br \/>\nDie starke Vergr\u00f6\u00dferung zeigt keine signifikante squam\u00f6se oder glandul\u00e4re Differenzierung.<br \/>\n40x <\/div>\n<div class=\"newRow\"><\/div>\n<div class=\"chartColumnCell\">\n<a href=\"\/gallery\/images_large\/slide0654.jpg\" class=\"highslide\" onclick=\"return hs.expand(this)\"><br \/>\n\t<img decoding=\"async\" src=\"\/gallery\/images\/slide0654.jpg\" alt=\"Image 3\" border=\"0\" title=\"Click to enlarge\"><\/a><\/p>\n<div class=\"highslide-caption\">\n<strong>Abbildung 141<\/strong><br \/>\n<br \/>\nBronchialsp\u00fclung<br \/>\nGro\u00dfzelliges undifferenziertes Adenokarzinom.<br \/>\n60x   <\/div>\n<\/div>\n<div class=\"chartColumnShortCell\">\n \t<strong>Abbildung 141<br \/>\n \t<\/strong><br \/>\nBronchialsp\u00fclung<br \/>\nGro\u00dfzelliges undifferenziertes Adenokarzinom.<br \/>\n60x  <\/div>\n<\/div>\n<div class=\"newRow\"><\/div>\n<p><a class=\"back\" href=\"#\">Zur\u00fcck nach oben<\/a><\/p>\n<p><a href=\"nongyn_atlas.htm\"> R\u00fcckkehr zu den Inhaltsverzeichnis <\/a><\/p>\n<\/div>\n<p>[\/vc_column_text][\/vc_column][vc_column width=&#8221;1\/3&#8243; offset=&#8221;vc_hidden-sm vc_hidden-xs&#8221;][vc_widget_sidebar sidebar_id=&#8221;consulting-right-sidebar&#8221;][\/vc_column][\/vc_row]<\/p>\n","protected":false},"excerpt":{"rendered":"<p>[vc_row 0=&#8221;&#8221;][vc_column 0=&#8221;&#8221; offset=&#8221;vc_hidden-lg vc_hidden-md&#8221;][vc_raw_html 0=&#8221;&#8221;]PGNlbnRlcj48YSBjbGFzcz0ic2hpZnRuYXYtdG9nZ2xlIHNoaWZ0bmF2LXRvZ2dsZS1idXR0b24iIGRhdGEtc2hpZnRuYXYtdGFyZ2V0PSJzaGlmdG5hdi1tYWluIj48aSBjbGFzcz0iZmEgZmEtYmFycyI+PC9pPiBUYWJsZSBvZiBDb250ZW50cyA8L2E+PC9jZW50ZXI+[\/vc_raw_html][\/vc_column][\/vc_row][vc_row][vc_column][vc_custom_heading text=&#8221;Respiratory Zytologie&#8221; font_container=&#8221;tag:h1|text_align:center&#8221; use_theme_fonts=&#8221;yes&#8221;][\/vc_column][\/vc_row][vc_row][vc_column width=&#8221;2\/3&#8243;][vc_column_text] GROSSZELLIGES UNDIFFERENZIERTES KARZINOM Erinnerung: Sie k\u00f6nnen auf jedes Bild klicken, um dieses vergr\u00f6\u00dfert zu betrachten. Abbildung 131 B\u00fcrstenabstrich der Bronchialwand Die geringe Vergr\u00f6\u00dferung zeigt einen Cluster von Zellen eines gro\u00dfzelligen undifferenzierten Karzinoms. 20x Abbildung 131 B\u00fcrstenabstrich der Bronchialwand Die geringe Vergr\u00f6\u00dferung zeigt einen Cluster<\/p>\n","protected":false},"author":3,"featured_media":0,"parent":1950,"menu_order":0,"comment_status":"closed","ping_status":"closed","template":"","meta":{"ngg_post_thumbnail":0,"footnotes":""},"class_list":["post-2113","page","type-page","status-publish","hentry"],"_links":{"self":[{"href":"https:\/\/stage.cytologystuff.com\/de\/wp-json\/wp\/v2\/pages\/2113","targetHints":{"allow":["GET"]}}],"collection":[{"href":"https:\/\/stage.cytologystuff.com\/de\/wp-json\/wp\/v2\/pages"}],"about":[{"href":"https:\/\/stage.cytologystuff.com\/de\/wp-json\/wp\/v2\/types\/page"}],"author":[{"embeddable":true,"href":"https:\/\/stage.cytologystuff.com\/de\/wp-json\/wp\/v2\/users\/3"}],"replies":[{"embeddable":true,"href":"https:\/\/stage.cytologystuff.com\/de\/wp-json\/wp\/v2\/comments?post=2113"}],"version-history":[{"count":0,"href":"https:\/\/stage.cytologystuff.com\/de\/wp-json\/wp\/v2\/pages\/2113\/revisions"}],"up":[{"embeddable":true,"href":"https:\/\/stage.cytologystuff.com\/de\/wp-json\/wp\/v2\/pages\/1950"}],"wp:attachment":[{"href":"https:\/\/stage.cytologystuff.com\/de\/wp-json\/wp\/v2\/media?parent=2113"}],"curies":[{"name":"wp","href":"https:\/\/api.w.org\/{rel}","templated":true}]}}