{"id":2134,"date":"2017-08-01T12:50:03","date_gmt":"2017-08-01T12:50:03","guid":{"rendered":"http:\/\/cytologystuff1.wpengine.com\/non-gyn-atlas\/respiratory-cytology-small-cell-undifferentiated-carcinoma\/"},"modified":"2017-11-21T11:14:20","modified_gmt":"2017-11-21T11:14:20","slug":"respiratory-cytology-small-cell-undifferentiated-carcinoma","status":"publish","type":"page","link":"https:\/\/stage.cytologystuff.com\/de\/non-gyn-atlas\/respiratory-cytology-small-cell-undifferentiated-carcinoma\/","title":{"rendered":"Respiratory Zytologie"},"content":{"rendered":"<p>[vc_row 0=&#8221;&#8221;][vc_column 0=&#8221;&#8221; offset=&#8221;vc_hidden-lg vc_hidden-md&#8221;][vc_raw_html 0=&#8221;&#8221;]PGNlbnRlcj48YSBjbGFzcz0ic2hpZnRuYXYtdG9nZ2xlIHNoaWZ0bmF2LXRvZ2dsZS1idXR0b24iIGRhdGEtc2hpZnRuYXYtdGFyZ2V0PSJzaGlmdG5hdi1tYWluIj48aSBjbGFzcz0iZmEgZmEtYmFycyI+PC9pPiBUYWJsZSBvZiBDb250ZW50cyA8L2E+PC9jZW50ZXI+[\/vc_raw_html][\/vc_column][\/vc_row][vc_row][vc_column][vc_custom_heading text=&#8221;Respiratory Zytologie&#8221; font_container=&#8221;tag:h1|text_align:center&#8221; use_theme_fonts=&#8221;yes&#8221;][\/vc_column][\/vc_row][vc_row][vc_column width=&#8221;2\/3&#8243;][vc_column_text]<\/p>\n<div id=>\n<p class=\"subhead\" id=\"acknowledgements\">KLEINZELLIGES UNDIFFERENZIERTES KARZINOM <\/p>\n<p style=\"padding-left:7px\"><a href=\"javascript:void(0)\"  style=\"width:350px;display:block\"><img loading=\"lazy\" decoding=\"async\" src=\"\/images\/button27h.gif\" id=\"selfAssessImg\" width=\"350\" height=\"40\"><\/a><\/p>\n<div class=\"highslide-gallery\">\n<strong>Erinnerung: Sie k\u00f6nnen auf jedes Bild klicken, um dieses vergr\u00f6\u00dfert zu betrachten.<\/strong><\/p>\n<div class=\"chartColumnCell\">\n<a href=\"\/gallery\/images_large\/slide0655.jpg\" class=\"highslide\" onclick=\"return hs.expand(this)\" name=\"pap\"><br \/>\n\t<img decoding=\"async\" src=\"\/gallery\/images\/slide0655.jpg\" alt=\"Image 2\" border=\"0\" title=\"Click to enlarge\"><\/a><\/p>\n<div class=\"highslide-caption\">\n<strong>Abbildung 142<\/strong><br \/>\n<br \/>\nSputum<br \/>\nEine Sputum-Probe mit Zellen eines kleinzelligen undifferenzierten Karzinoms. Vergleichen Sie die Gr\u00f6\u00dfe der malignen Zellen mit den Plattenepithelzellen der obersten Zellschicht.<br \/>\n20x  <\/div>\n<\/div>\n<div class=\"chartColumnLongCell\">\n        <strong>Abbildung 142<br \/>\n        <\/strong><br \/>\nSputum<br \/>\nEine Sputum-Probe mit Zellen eines kleinzelligen undifferenzierten Karzinoms. Vergleichen Sie die Gr\u00f6\u00dfe der malignen Zellen mit den Plattenepithelzellen der obersten Zellschicht.<br \/>\n20x <\/div>\n<div class=\"newRow\"><\/div>\n<div class=\"chartColumnCell\">\n<a href=\"\/gallery\/images_large\/slide0656.jpg\" class=\"highslide\" onclick=\"return hs.expand(this)\"><br \/>\n\t<img decoding=\"async\" src=\"\/gallery\/images\/slide0656.jpg\" alt=\"Image 3\" border=\"0\" title=\"Click to enlarge\"><\/a><\/p>\n<div class=\"highslide-caption\">\n<strong>Abbildung 143<\/strong><br \/>\n<br \/>\nSputum<br \/>\nDie Kernf\u00e4rbung reicht von dunkel bis blass, was auf eine Kernpyknose bzw. eine Zellnekrose hinweist.<br \/>\n40x<\/div>\n<\/div>\n<div class=\"chartColumnLongCell\">\n \t<strong>Abbildung 143<br \/>\n \t<\/strong><br \/>\n Sputum<br \/>\nDie Kernf\u00e4rbung reicht von dunkel bis blass, was auf eine Kernpyknose bzw. eine Zellnekrose hinweist.<br \/>\n40x<\/div>\n<div class=\"newRow\"><\/div>\n<div class=\"chartColumnCell\">\n<a href=\"\/gallery\/images_large\/slide0657.jpg\" class=\"highslide\" onclick=\"return hs.expand(this)\"><br \/>\n\t<img decoding=\"async\" src=\"\/gallery\/images\/slide0657.jpg\" alt=\"Image 3\" border=\"0\" title=\"Click to enlarge\"><\/a><\/p>\n<div class=\"highslide-caption\">\n<strong>Abbildung 144<br \/>\n<\/strong><br \/>\nSputum<br \/>\nDie starke Vergr\u00f6\u00dferung zeigt ein kleinzelliges undifferenziertes Karzinom mit Kernpyknose.<br \/>\n60x  <\/div>\n<\/div>\n<div class=\"chartColumnLongCell\">\n<strong>Abbildung 144<br \/>\n<\/strong><br \/>\nSputum<br \/>\nDie starke Vergr\u00f6\u00dferung zeigt ein kleinzelliges undifferenziertes Karzinom mit Kernpyknose.<br \/>\n60x <\/div>\n<div class=\"newRow\"><\/div>\n<div class=\"chartColumnCell\">\n<a href=\"\/gallery\/images_large\/slide0658.jpg\" class=\"highslide\" onclick=\"return hs.expand(this)\" name=\"pap\"><br \/>\n\t<img decoding=\"async\" src=\"\/gallery\/images\/slide0658.jpg\" alt=\"Image 2\" border=\"0\" title=\"Click to enlarge\"><\/a><\/p>\n<div class=\"highslide-caption\">\n<strong>Abbildung 145<\/strong><br \/>\n<br \/>\nSputum<br \/>\nDie gegenseitige Verformung der Zellkerne \u2013 ein Merkmal des kleinzelligen undifferenzierten Karzinoms \u2013 ist im mittleren Bereich dieser Gruppe zu beobachten.<br \/>\n60x<\/div>\n<\/div>\n<div class=\"chartColumnLongCell\">\n        <strong>Abbildung 145<br \/>\n        <\/strong><br \/>\nSputum<br \/>\nDie gegenseitige Verformung der Zellkerne \u2013 ein Merkmal des kleinzelligen undifferenzierten Karzinoms \u2013 ist im mittleren Bereich dieser Gruppe zu beobachten.<br \/>\n60x<\/div>\n<div class=\"newRow\"><\/div>\n<div class=\"chartColumnCell\">\n<a href=\"\/gallery\/images_large\/slide0659.jpg\" class=\"highslide\" onclick=\"return hs.expand(this)\"><br \/>\n\t<img decoding=\"async\" src=\"\/gallery\/images\/slide0659.jpg\" alt=\"Image 3\" border=\"0\" title=\"Click to enlarge\"><\/a><\/p>\n<div class=\"highslide-caption\">\n<strong>Abbildung 146<\/strong><br \/>\n<br \/>\nSputum<br \/>\nKernpyknose ist im Vergleich zu direkt gewonnenen Proben h\u00e4ufiger in Sputum-Proben von kleinzelligen undifferenzierten Karzinomen zu beobachten.<br \/>\n60x <\/div>\n<\/div>\n<div class=\"chartColumnLongCell\">\n \t<strong>Abbildung 146<br \/>\n \t<\/strong><br \/>\nSputum<br \/>\nKernpyknose ist im Vergleich zu direkt gewonnenen Proben h\u00e4ufiger in Sputum-Proben von kleinzelligen undifferenzierten Karzinomen zu beobachten.<br \/>\n60x\n<\/div>\n<div class=\"newRow\"><\/div>\n<div class=\"chartColumnCell\">\n<a href=\"\/gallery\/images_large\/slide0660.jpg\" class=\"highslide\" onclick=\"return hs.expand(this)\" name=\"pap\"><br \/>\n\t<img decoding=\"async\" src=\"\/gallery\/images\/slide0660.jpg\" alt=\"Image 2\" border=\"0\" title=\"Click to enlarge\"><\/a><\/p>\n<div class=\"highslide-caption\">\n<strong>Abbildung 147<\/strong><br \/>\n<br \/>\nSputum<br \/>\nIm Sputum k\u00f6nnen die Tumorzellen eines kleinzelligen undifferenzierten Karzinoms linear angeordnet sein.<br \/>\n60x <\/div>\n<\/div>\n<div class=\"chartColumnLongCell\">\n        <strong>Abbildung 147<br \/>\n        <\/strong><br \/>\nSputum<br \/>\nIm Sputum k\u00f6nnen die Tumorzellen eines kleinzelligen undifferenzierten Karzinoms linear angeordnet sein.<br \/>\n60x <\/div>\n<div class=\"newRow\"><\/div>\n<div class=\"chartColumnCell\">\n<a href=\"\/gallery\/images_large\/slide0661.jpg\" class=\"highslide\" onclick=\"return hs.expand(this)\"><br \/>\n\t<img decoding=\"async\" src=\"\/gallery\/images\/slide0661.jpg\" alt=\"Image 3\" border=\"0\" title=\"Click to enlarge\"><\/a><\/p>\n<div class=\"highslide-caption\">\n<strong>Abbildung 148<\/strong><br \/>\n<br \/>\nWang-Nadel <br \/>\nDiese mithilfe der transbronchialen Nadelbiopsie gewonnene Probe zeigt besser konservierte und weniger stark verformte Zellkerne.<br \/>\n40x <\/div>\n<\/div>\n<div class=\"chartColumnLongCell\">\n \t<strong>Abbildung 148<br \/>\n \t<\/strong>        \t\tWang-Nadel <br \/>\nDiese mithilfe der transbronchialen Nadelbiopsie gewonnene Probe zeigt besser konservierte und weniger stark verformte Zellkerne.<br \/>\n40x <\/div>\n<div class=\"newRow\"><\/div>\n<div class=\"chartColumnCell\">\n<a href=\"\/gallery\/images_large\/slide0662.jpg\" class=\"highslide\" onclick=\"return hs.expand(this)\"><br \/>\n\t<img decoding=\"async\" src=\"\/gallery\/images\/slide0662.jpg\" alt=\"Image 3\" border=\"0\" title=\"Click to enlarge\"><\/a><\/p>\n<div class=\"highslide-caption\">\n<strong>Abbildung 149<\/strong><br \/>\n<br \/>\nWang-Nadel <br \/>\nBeachten Sie das feine Chromatin bei diesen durch Nadelaspiration gewonnenen Zellen eines kleinzelligen undifferenzierten Karzinoms. Es sind keine Kernk\u00f6rperchen erkennbar.<br \/>\n60x  <\/div>\n<\/div>\n<div class=\"chartColumnLongCell\">\n \t<strong>Abbildung 149<br \/>\n \t<\/strong>        \t\tWang-Nadel <br \/>\nBeachten Sie das feine Chromatin bei diesen durch Nadelaspiration gewonnenen Zellen eines kleinzelligen undifferenzierten Karzinoms. Es sind keine Kernk\u00f6rperchen erkennbar.<br \/>\n60x <\/div>\n<div class=\"newRow\"><\/div>\n<div class=\"chartColumnCell\">\n<a href=\"\/gallery\/images_large\/slide0663.jpg\" class=\"highslide\" onclick=\"return hs.expand(this)\"><br \/>\n\t<img decoding=\"async\" src=\"\/gallery\/images\/slide0663.jpg\" alt=\"Image 3\" border=\"0\" title=\"Click to enlarge\"><\/a><\/p>\n<div class=\"highslide-caption\">\n<strong>Abbildung 150<\/strong><br \/>\n<br \/>\nWang-Nadel <br \/>\nBei einem kleinzelligen undifferenzierten Karzinom k\u00f6nnen die Zellen rund, karottenf\u00f6rmig oder pyramidenf\u00f6rmig sein.<br \/>\n60x<\/div>\n<\/div>\n<div class=\"chartColumnLongCell\">\n \t<strong>Abbildung 150<br \/>\n \t<\/strong>        \t\tWang-Nadel <br \/>\nBei einem kleinzelligen undifferenzierten Karzinom k\u00f6nnen die Zellen rund, karottenf\u00f6rmig oder pyramidenf\u00f6rmig sein.<br \/>\n60x  <\/div>\n<div class=\"newRow\"><\/div>\n<div class=\"chartColumnCell\">\n<a href=\"\/gallery\/images_large\/slide0664.jpg\" class=\"highslide\" onclick=\"return hs.expand(this)\" name=\"pap\"><br \/>\n\t<img decoding=\"async\" src=\"\/gallery\/images\/slide0664.jpg\" alt=\"Image 2\" border=\"0\" title=\"Click to enlarge\"><\/a><\/p>\n<div class=\"highslide-caption\">\n<strong>Abbildung 151<\/strong><br \/>\n<br \/>\nB\u00fcrstenabstrich der Bronchialwand <br \/>\nB\u00fcrstenabstrich der Bronchialwand mit Zellen eines kleinzelligen undifferenzierten Karzinoms. Die Zellen bilden dichte Cluster.<br \/>\n40x  <\/div>\n<\/div>\n<div class=\"chartColumnLongCell\">\n        <strong>Abbildung 151<br \/>\n        <\/strong><br \/>\nB\u00fcrstenabstrich der Bronchialwand <br \/>\nB\u00fcrstenabstrich der Bronchialwand mit Zellen eines kleinzelligen undifferenzierten Karzinoms. Die Zellen bilden dichte Cluster.<br \/>\n40x <\/div>\n<div class=\"newRow\"><\/div>\n<div class=\"chartColumnCell\">\n<a href=\"\/gallery\/images_large\/slide0665.jpg\" class=\"highslide\" onclick=\"return hs.expand(this)\"><br \/>\n\t<img decoding=\"async\" src=\"\/gallery\/images\/slide0665.jpg\" alt=\"Image 3\" border=\"0\" title=\"Click to enlarge\"><\/a><\/p>\n<div class=\"highslide-caption\">\n<strong>Abbildung 152<\/strong><br \/>\n<br \/>\nB\u00fcrstenabstrich der Bronchialwand <br \/>\nDie st\u00e4rkere Vergr\u00f6\u00dferung zeigt eine Verformung der Zellkerne und die Nekrose einzelner Zellen.<br \/>\n60x  <\/div>\n<\/div>\n<div class=\"chartColumnLongCell\">\n \t<strong>Abbildung 152<br \/>\n \t<\/strong><br \/>\nB\u00fcrstenabstrich der Bronchialwand <br \/>\nDie st\u00e4rkere Vergr\u00f6\u00dferung zeigt eine Verformung der Zellkerne und die Nekrose einzelner Zellen.<br \/>\n60x   <\/div>\n<div class=\"newRow\"><\/div>\n<div class=\"chartColumnCell\">\n<a href=\"\/gallery\/images_large\/slide0666.jpg\" class=\"highslide\" onclick=\"return hs.expand(this)\"><br \/>\n\t<img decoding=\"async\" src=\"\/gallery\/images\/slide0666.jpg\" alt=\"Image 3\" border=\"0\" title=\"Click to enlarge\"><\/a><\/p>\n<div class=\"highslide-caption\">\n<strong>Abbildung 153<\/strong><br \/>\n<br \/>\nBronchoalveol\u00e4re Lavage <br \/>\nDer intermedi\u00e4re Zelltyp des kleinzelligen undifferenzierten Karzinoms weist einen etwas gr\u00f6\u00dferen Zelldurchmesser auf.<br \/>\n20x  <\/div>\n<\/div>\n<div class=\"chartColumnLongCell\">\n \t<strong>Abbildung 153<br \/>\n \t<\/strong><br \/>\nBronchoalveol\u00e4re Lavage <br \/>\nDer intermedi\u00e4re Zelltyp des kleinzelligen undifferenzierten Karzinoms weist einen etwas gr\u00f6\u00dferen Zelldurchmesser auf.<br \/>\n20x <\/div>\n<div class=\"newRow\"><\/div>\n<div class=\"chartColumnCell\">\n<a href=\"\/gallery\/images_large\/slide0667.jpg\" class=\"highslide\" onclick=\"return hs.expand(this)\"><br \/>\n\t<img decoding=\"async\" src=\"\/gallery\/images\/slide0667.jpg\" alt=\"Image 3\" border=\"0\" title=\"Click to enlarge\"><\/a><\/p>\n<div class=\"highslide-caption\">\n<strong>Abbildung 154<\/strong><br \/>\n<br \/>\nBronchoalveol\u00e4re Lavage <br \/>\nIntermedi\u00e4rer Zelltyp des kleinen undifferenzierten Karzinoms. Vergleichen Sie die Gr\u00f6\u00dfe der malignen Zellen mit der der angrenzenden zylinderf\u00f6rmigen Bronchialepithelzelle.<br \/>\n60x <\/div>\n<\/div>\n<div class=\"chartColumnLongCell\">\n \t<strong>Abbildung 154<br \/>\n \t<\/strong><br \/>\nBronchoalveol\u00e4re Lavage <br \/>\nIntermedi\u00e4rer Zelltyp des kleinen undifferenzierten Karzinoms. Vergleichen Sie die Gr\u00f6\u00dfe der malignen Zellen mit der der angrenzenden zylinderf\u00f6rmigen Bronchialepithelzelle.<br \/>\n60x<\/div>\n<\/div>\n<div class=\"newRow\"><\/div>\n<p><a class=\"back\" href=\"#\">Zur\u00fcck nach oben<\/a><\/p>\n<p><a href=\"nongyn_atlas.htm\"> R\u00fcckkehr zu den Inhaltsverzeichnis <\/a><\/p>\n<\/div>\n<p>[\/vc_column_text][vc_column_text el_class=&#8221;back-to-top&#8221;]<strong><a href=\"#main\">Back to Top<\/a><\/strong>[\/vc_column_text][\/vc_column][vc_column width=&#8221;1\/3&#8243; offset=&#8221;vc_hidden-sm vc_hidden-xs&#8221;][vc_widget_sidebar sidebar_id=&#8221;consulting-right-sidebar&#8221;][\/vc_column][\/vc_row]<\/p>\n","protected":false},"excerpt":{"rendered":"<p>[vc_row 0=&#8221;&#8221;][vc_column 0=&#8221;&#8221; offset=&#8221;vc_hidden-lg vc_hidden-md&#8221;][vc_raw_html 0=&#8221;&#8221;]PGNlbnRlcj48YSBjbGFzcz0ic2hpZnRuYXYtdG9nZ2xlIHNoaWZ0bmF2LXRvZ2dsZS1idXR0b24iIGRhdGEtc2hpZnRuYXYtdGFyZ2V0PSJzaGlmdG5hdi1tYWluIj48aSBjbGFzcz0iZmEgZmEtYmFycyI+PC9pPiBUYWJsZSBvZiBDb250ZW50cyA8L2E+PC9jZW50ZXI+[\/vc_raw_html][\/vc_column][\/vc_row][vc_row][vc_column][vc_custom_heading text=&#8221;Respiratory Zytologie&#8221; font_container=&#8221;tag:h1|text_align:center&#8221; use_theme_fonts=&#8221;yes&#8221;][\/vc_column][\/vc_row][vc_row][vc_column width=&#8221;2\/3&#8243;][vc_column_text] KLEINZELLIGES UNDIFFERENZIERTES KARZINOM Erinnerung: Sie k\u00f6nnen auf jedes Bild klicken, um dieses vergr\u00f6\u00dfert zu betrachten. Abbildung 142 Sputum Eine Sputum-Probe mit Zellen eines kleinzelligen undifferenzierten Karzinoms. Vergleichen Sie die Gr\u00f6\u00dfe der malignen Zellen mit den Plattenepithelzellen der obersten Zellschicht. 20x Abbildung 142 Sputum Eine<\/p>\n","protected":false},"author":7,"featured_media":0,"parent":1950,"menu_order":0,"comment_status":"closed","ping_status":"closed","template":"","meta":{"ngg_post_thumbnail":0,"footnotes":""},"class_list":["post-2134","page","type-page","status-publish","hentry"],"_links":{"self":[{"href":"https:\/\/stage.cytologystuff.com\/de\/wp-json\/wp\/v2\/pages\/2134","targetHints":{"allow":["GET"]}}],"collection":[{"href":"https:\/\/stage.cytologystuff.com\/de\/wp-json\/wp\/v2\/pages"}],"about":[{"href":"https:\/\/stage.cytologystuff.com\/de\/wp-json\/wp\/v2\/types\/page"}],"author":[{"embeddable":true,"href":"https:\/\/stage.cytologystuff.com\/de\/wp-json\/wp\/v2\/users\/7"}],"replies":[{"embeddable":true,"href":"https:\/\/stage.cytologystuff.com\/de\/wp-json\/wp\/v2\/comments?post=2134"}],"version-history":[{"count":0,"href":"https:\/\/stage.cytologystuff.com\/de\/wp-json\/wp\/v2\/pages\/2134\/revisions"}],"up":[{"embeddable":true,"href":"https:\/\/stage.cytologystuff.com\/de\/wp-json\/wp\/v2\/pages\/1950"}],"wp:attachment":[{"href":"https:\/\/stage.cytologystuff.com\/de\/wp-json\/wp\/v2\/media?parent=2134"}],"curies":[{"name":"wp","href":"https:\/\/api.w.org\/{rel}","templated":true}]}}