{"id":2148,"date":"2017-08-01T13:06:23","date_gmt":"2017-08-01T13:06:23","guid":{"rendered":"http:\/\/cytologystuff1.wpengine.com\/non-gyn-atlas\/urinary-tract-cytology-high-grade-urothelial-carcinoma\/"},"modified":"2017-11-22T07:17:19","modified_gmt":"2017-11-22T07:17:19","slug":"urinary-tract-cytology-high-grade-urothelial-carcinoma","status":"publish","type":"page","link":"https:\/\/stage.cytologystuff.com\/de\/non-gyn-atlas\/urinary-tract-cytology-high-grade-urothelial-carcinoma\/","title":{"rendered":"Zytologie der Harnwege"},"content":{"rendered":"<p>[vc_row 0=&#8221;&#8221;][vc_column 0=&#8221;&#8221; offset=&#8221;vc_hidden-lg vc_hidden-md&#8221;][vc_raw_html 0=&#8221;&#8221;]PGNlbnRlcj48YSBjbGFzcz0ic2hpZnRuYXYtdG9nZ2xlIHNoaWZ0bmF2LXRvZ2dsZS1idXR0b24iIGRhdGEtc2hpZnRuYXYtdGFyZ2V0PSJzaGlmdG5hdi1tYWluIj48aSBjbGFzcz0iZmEgZmEtYmFycyI+PC9pPiBUYWJsZSBvZiBDb250ZW50cyA8L2E+PC9jZW50ZXI+[\/vc_raw_html][\/vc_column][\/vc_row][vc_row][vc_column][vc_custom_heading text=&#8221;Zytologie der Harnwege&#8221; font_container=&#8221;tag:h1|text_align:center&#8221; use_theme_fonts=&#8221;yes&#8221;][\/vc_column][\/vc_row][vc_row][vc_column width=&#8221;2\/3&#8243;][vc_column_text]<\/p>\n<div id=>\n<p class=\"subhead\">H\u00d6HERGRADIGE UROTHELKARZINOME <\/p>\n<p style=\"padding-left:7px\"><a href=\"javascript:void(0)\"  style=\"width:350px;display:block\"><img loading=\"lazy\" decoding=\"async\" src=\"\/images\/button27h.gif\" id=\"selfAssessImg\" width=\"350\" height=\"40\"><\/a><\/p>\n<div class=\"highslide-gallery\">\n<strong>Erinnerung: Sie k\u00f6nnen auf jedes Bild klicken, um dieses vergr\u00f6\u00dfert zu betrachten.<\/strong><\/p>\n<div class=\"chartColumnCell\">\n<a href=\"\/gallery\/images_large\/slide0713.jpg\" class=\"highslide\" onclick=\"return hs.expand(this)\"><br \/>\n\t<img decoding=\"async\" src=\"\/gallery\/images\/slide0713.jpg\" alt=\"Image 2\" title=\"Click to enlarge\" border=\"0\"><\/a><\/p>\n<div class=\"highslide-caption\">\n<strong>Abbildung 31<\/strong><br \/>\n<br \/>\nKatheterurin, h\u00f6hergradiges Urothelkarzinom.<br \/>\nH\u00f6hergradige Urothelkarzinome sind h\u00e4ufig reich an Zellen.<br \/>\n20x<\/div>\n<\/div>\n<div class=\"chartColumnLongCell\">\n        <strong>Abbildung 31<br \/>\n        <\/strong><br \/>\nKatheterurin, h\u00f6hergradiges Urothelkarzinom.<br \/>\nH\u00f6hergradige Urothelkarzinome sind h\u00e4ufig reich an Zellen.<br \/>\n20x<\/div>\n<div class=\"newRow\"><\/div>\n<div class=\"chartColumnCell\">\n<a href=\"\/gallery\/images_large\/slide0714.jpg\" class=\"highslide\" onclick=\"return hs.expand(this)\"><br \/>\n\t<img decoding=\"async\" src=\"\/gallery\/images\/slide0714.jpg\" alt=\"Image 3\" title=\"Click to enlarge\" border=\"0\"><\/a><\/p>\n<div class=\"highslide-caption\">\n<strong>Abbildung 32<\/strong><br \/>\n<br \/>\nKatheterurin, h\u00f6hergradiges Urothelkarzinom.<br \/>\nZellen h\u00f6hergradiger Urothelkarzinome haben eine hohe Kern-Plasma-Relation.<br \/>\n40x  <\/div>\n<\/div>\n<div class=\"chartColumnLongCell\">\n \t<strong>Abbildung 32<br \/>\n \t<\/strong><br \/>\nKatheterurin, h\u00f6hergradiges Urothelkarzinom.<br \/>\nZellen h\u00f6hergradiger Urothelkarzinome haben eine hohe Kern-Plasma-Relation.<br \/>\n40x <\/div>\n<div class=\"newRow\"><\/div>\n<div class=\"chartColumnCell\">\n<a href=\"\/gallery\/images_large\/slide0715.jpg\" class=\"highslide\" onclick=\"return hs.expand(this)\"><br \/>\n\t<img decoding=\"async\" src=\"\/gallery\/images\/slide0715.jpg\" alt=\"Image 3\" title=\"Click to enlarge\" border=\"0\"><\/a><\/p>\n<div class=\"highslide-caption\">\n<strong>Abbildung 33<br \/>\n<\/strong><br \/>\nKatheterurin, h\u00f6hergradiges Urothelkarzinom.<br \/>\nDie Zellkerne h\u00f6hergradiger Urothelkarzinome sind h\u00e4ufig au\u00dfermittig angeordnet und weisen eine gewundene, verdickte Membran auf.<br \/>\n60x<\/div>\n<\/div>\n<div class=\"chartColumnLongCell\">\n<strong>Abbildung 33<br \/>\n<\/strong><br \/>\nKatheterurin, h\u00f6hergradiges Urothelkarzinom.<br \/>\nDie Zellkerne h\u00f6hergradiger Urothelkarzinome sind h\u00e4ufig au\u00dfermittig angeordnet und weisen eine gewundene, verdickte Membran auf.<br \/>\n60x <\/div>\n<div class=\"newRow\"><\/div>\n<div class=\"chartColumnCell\">\n<a href=\"\/gallery\/images_large\/slide0716.jpg\" class=\"highslide\" onclick=\"return hs.expand(this)\" name=\"pap\"><br \/>\n\t<img decoding=\"async\" src=\"\/gallery\/images\/slide0716.jpg\" alt=\"Image 2\" title=\"Click to enlarge\" border=\"0\"><\/a><\/p>\n<div class=\"highslide-caption\">\n<strong>Abbildung 34<\/strong><br \/>\n<br \/>\nUrin, h\u00f6hergradiges Urothelkarzinom.<br \/>\nDas Chromatin in den Zellkernen h\u00f6hergradiger Karzinome ist grobk\u00f6rnig, hyperchromatisch und h\u00e4ufig ungleichm\u00e4\u00dfig verteilt.<br \/>\n60x  <\/div>\n<\/div>\n<div class=\"chartColumnLongCell\">\n        <strong>Abbildung 34<br \/>\n        <\/strong><br \/>\nUrin, h\u00f6hergradiges Urothelkarzinom.<br \/>\nDas Chromatin in den Zellkernen h\u00f6hergradiger Karzinome ist grobk\u00f6rnig, hyperchromatisch und h\u00e4ufig ungleichm\u00e4\u00dfig verteilt.<br \/>\n60x <\/div>\n<div class=\"newRow\"><\/div>\n<div class=\"chartColumnCell\">\n<a href=\"\/gallery\/images_large\/slide0717.jpg\" class=\"highslide\" onclick=\"return hs.expand(this)\"><br \/>\n\t<img decoding=\"async\" src=\"\/gallery\/images\/slide0717.jpg\" alt=\"Image 3\" title=\"Click to enlarge\" border=\"0\"><\/a><\/p>\n<div class=\"highslide-caption\">\n<strong>Abbildung 35<\/strong><br \/>\n<br \/>\nUrin, h\u00f6hergradiges Urothelkarzinom.<br \/>\nDie Zellen h\u00f6hergradiger Urothelkarzinome sind pleomorph; die Zellkerne k\u00f6nnen ein markantes, unregelm\u00e4\u00dfiges Kernk\u00f6rperchen enthalten.<br \/>\n60x <\/div>\n<\/div>\n<div class=\"chartColumnLongCell\">\n \t<strong>Abbildung 35<br \/>\n \t<\/strong><br \/>\nUrin, h\u00f6hergradiges Urothelkarzinom.<br \/>\nDie Zellen h\u00f6hergradiger Urothelkarzinome sind pleomorph; die Zellkerne k\u00f6nnen ein markantes, unregelm\u00e4\u00dfiges Kernk\u00f6rperchen enthalten.<br \/>\n60x\n<\/div>\n<div class=\"newRow\"><\/div>\n<div class=\"chartColumnCell\">\n<a href=\"\/gallery\/images_large\/slide0718.jpg\" class=\"highslide\" onclick=\"return hs.expand(this)\" name=\"pap\"><br \/>\n\t<img decoding=\"async\" src=\"\/gallery\/images\/slide0718.jpg\" alt=\"Image 2\" title=\"Click to enlarge\" border=\"0\"><\/a><\/p>\n<div class=\"highslide-caption\">\n<strong>Abbildung 36<\/strong><br \/>\n<br \/>\nUrin, h\u00f6hergradiges Urothelkarzinom.<br \/>\nDas Chromatin in den Zellkernen h\u00f6hergradiger Karzinome ist grobk\u00f6rnig und hyperchromatisch.<br \/>\n60x <\/div>\n<\/div>\n<div class=\"chartColumnLongCell\">\n        <strong>Abbildung 36<br \/>\n        <\/strong><br \/>\nUrin, h\u00f6hergradiges Urothelkarzinom.<br \/>\nDas Chromatin in den Zellkernen h\u00f6hergradiger Karzinome ist grobk\u00f6rnig und hyperchromatisch.<br \/>\n60x <\/div>\n<div class=\"newRow\"><\/div>\n<div class=\"chartColumnCell\">\n<a href=\"\/gallery\/images_large\/slide0719.jpg\" class=\"highslide\" onclick=\"return hs.expand(this)\"><br \/>\n\t<img decoding=\"async\" src=\"\/gallery\/images\/slide0719.jpg\" alt=\"Image 3\" title=\"Click to enlarge\" border=\"0\"><\/a><\/p>\n<div class=\"highslide-caption\">\n<strong>Abbildung 37<\/strong><br \/>\n<br \/>\nUrin, h\u00f6hergradiges Urothelkarzinom.<br \/>\nH\u00e4ufig einzelne Zellen mit schlecht abgegrenztem zyanophilem Zytoplasma.<br \/>\n60x <\/div>\n<\/div>\n<div class=\"chartColumnLongCell\">\n \t<strong>Abbildung 37<br \/>\n \t<\/strong><br \/>\nUrin, h\u00f6hergradiges Urothelkarzinom.<br \/>\nH\u00e4ufig einzelne Zellen mit schlecht abgegrenztem zyanophilem Zytoplasma.<br \/>\n60x <\/div>\n<div class=\"newRow\"><\/div>\n<div class=\"chartColumnCell\">\n<a href=\"\/gallery\/images_large\/slide0720.jpg\" class=\"highslide\" onclick=\"return hs.expand(this)\"><br \/>\n\t<img decoding=\"async\" src=\"\/gallery\/images\/slide0720.jpg\" alt=\"Image 3\" title=\"Click to enlarge\" border=\"0\"><\/a><\/p>\n<div class=\"highslide-caption\">\n<strong>Abbildung 38<\/strong><br \/>\n<br \/>\nUrin, h\u00f6hergradiges Urothelkarzinom.<br \/>\nDie Zellkerne k\u00f6nnen bei h\u00f6hergradigen Urothelkarzinomen spitz zulaufend geformt sein.<br \/>\n60x <\/div>\n<\/div>\n<div class=\"chartColumnLongCell\">\n \t<strong>Abbildung 38<br \/>\n \t<\/strong><br \/>\nUrin, h\u00f6hergradiges Urothelkarzinom.<br \/>\n<br \/>\nDie Zellkerne k\u00f6nnen bei h\u00f6hergradigen Urothelkarzinomen spitz zulaufend geformt sein.<br \/>\n60x <\/div>\n<div class=\"newRow\"><\/div>\n<div class=\"chartColumnCell\">\n<a href=\"\/gallery\/images_large\/slide0721.jpg\" class=\"highslide\" onclick=\"return hs.expand(this)\"><br \/>\n\t<img decoding=\"async\" src=\"\/gallery\/images\/slide0721.jpg\" alt=\"Image 3\" title=\"Click to enlarge\" border=\"0\"><\/a><\/p>\n<div class=\"highslide-caption\">\n<strong>Abbildung 39<\/strong><br \/>\n<br \/>\nKatheterurin, h\u00f6hergradiges Urothelkarzinom.<br \/>\nAufgrund der anaplastischen Zellen sind h\u00f6hergradige Urothelkarzinome relativ leicht zu diagnostizieren.<br \/>\n60x <\/div>\n<\/div>\n<div class=\"chartColumnLongCell\">\n \t<strong>Abbildung 39<br \/>\n \t<\/strong><br \/>\nKatheterurin, h\u00f6hergradiges Urothelkarzinom.<br \/>\n<br \/>\nAufgrund der anaplastischen Zellen sind h\u00f6hergradige Urothelkarzinome relativ leicht zu diagnostizieren.<br \/>\n60x <\/div>\n<div class=\"newRow\"><\/div>\n<div class=\"chartColumnCell\">\n<a href=\"\/gallery\/images_large\/slide0722.jpg\" class=\"highslide\" onclick=\"return hs.expand(this)\" name=\"pap\"><br \/>\n\t<img decoding=\"async\" src=\"\/gallery\/images\/slide0722.jpg\" alt=\"Image 2\" title=\"Click to enlarge\" border=\"0\"><\/a><\/p>\n<div class=\"highslide-caption\">\n<strong>Abbildung 40<\/strong><br \/>\n<br \/>\nKatheterurin, h\u00f6hergradiges Urothelkarzinom.<br \/>\nDie Zellen h\u00f6hergradiger Urothelkarzinome k\u00f6nnen Cluster bilden.<br \/>\n60x  <\/div>\n<\/div>\n<div class=\"chartColumnLongCell\">\n        <strong>Abbildung 40<br \/>\n        <\/strong><br \/>\nKatheterurin, h\u00f6hergradiges Urothelkarzinom.<br \/>\nDie Zellen h\u00f6hergradiger Urothelkarzinome k\u00f6nnen Cluster bilden.<br \/>\n60x <\/div>\n<div class=\"newRow\"><\/div>\n<div class=\"chartColumnCell\">\n<a href=\"\/gallery\/images_large\/slide0723.jpg\" class=\"highslide\" onclick=\"return hs.expand(this)\"><br \/>\n\t<img decoding=\"async\" src=\"\/gallery\/images\/slide0723.jpg\" alt=\"Image 3\" title=\"Click to enlarge\" border=\"0\"><\/a><\/p>\n<div class=\"highslide-caption\">\n<strong>Abbildung 41<\/strong><br \/>\n<br \/>\nUrin, h\u00f6hergradiges Urothelkarzinom.<br \/>\nDie Zellkerne h\u00f6hergradiger Urothelkarzinome k\u00f6nnen mehrere unregelm\u00e4\u00dfige Kernk\u00f6rperchen aufweisen.<br \/>\n60x <\/div>\n<\/div>\n<div class=\"chartColumnLongCell\">\n \t<strong>Abbildung 41<br \/>\n \t<\/strong><br \/>\nUrin, h\u00f6hergradiges Urothelkarzinom.<br \/>\n<br \/>\nDie Zellkerne h\u00f6hergradiger Urothelkarzinome k\u00f6nnen mehrere unregelm\u00e4\u00dfige Kernk\u00f6rperchen aufweisen.<br \/>\n60x <\/div>\n<div class=\"newRow\"><\/div>\n<div class=\"chartColumnCell\">\n<a href=\"\/gallery\/images_large\/slide0724.jpg\" class=\"highslide\" onclick=\"return hs.expand(this)\"><br \/>\n\t<img decoding=\"async\" src=\"\/gallery\/images\/slide0724.jpg\" alt=\"Image 3\" title=\"Click to enlarge\" border=\"0\"><\/a><\/p>\n<div class=\"highslide-caption\">\n<strong>Abbildung 42<\/strong><br \/>\n<br \/>\nUrin, h\u00f6hergradiges Urothelkarzinom.<br \/>\nUrotheltumore k\u00f6nnen papill\u00e4r oder nicht papill\u00e4r sein.<br \/>\n60x  <\/div>\n<\/div>\n<div class=\"chartColumnLongCell\">\n \t<strong>Abbildung 42<br \/>\n \t<\/strong><br \/>\nUrin, h\u00f6hergradiges Urothelkarzinom.<br \/>\nUrotheltumore k\u00f6nnen papill\u00e4r oder nicht papill\u00e4r sein.<br \/>\n60x <\/div>\n<\/div>\n<div class=\"newRow\"><\/div>\n<p><a class=\"back\" href=\"#\">Zur\u00fcck nach oben<\/a><\/p>\n<p><a href=\"nongyn_atlas.htm\"> R\u00fcckkehr zu den Inhaltsverzeichnis <\/a><\/p>\n<\/div>\n<p>[\/vc_column_text][\/vc_column][vc_column width=&#8221;1\/3&#8243; offset=&#8221;vc_hidden-sm vc_hidden-xs&#8221;][vc_widget_sidebar sidebar_id=&#8221;consulting-right-sidebar&#8221;][\/vc_column][\/vc_row]<\/p>\n","protected":false},"excerpt":{"rendered":"<p>[vc_row 0=&#8221;&#8221;][vc_column 0=&#8221;&#8221; offset=&#8221;vc_hidden-lg vc_hidden-md&#8221;][vc_raw_html 0=&#8221;&#8221;]PGNlbnRlcj48YSBjbGFzcz0ic2hpZnRuYXYtdG9nZ2xlIHNoaWZ0bmF2LXRvZ2dsZS1idXR0b24iIGRhdGEtc2hpZnRuYXYtdGFyZ2V0PSJzaGlmdG5hdi1tYWluIj48aSBjbGFzcz0iZmEgZmEtYmFycyI+PC9pPiBUYWJsZSBvZiBDb250ZW50cyA8L2E+PC9jZW50ZXI+[\/vc_raw_html][\/vc_column][\/vc_row][vc_row][vc_column][vc_custom_heading text=&#8221;Zytologie der Harnwege&#8221; font_container=&#8221;tag:h1|text_align:center&#8221; use_theme_fonts=&#8221;yes&#8221;][\/vc_column][\/vc_row][vc_row][vc_column width=&#8221;2\/3&#8243;][vc_column_text] H\u00d6HERGRADIGE UROTHELKARZINOME Erinnerung: Sie k\u00f6nnen auf jedes Bild klicken, um dieses vergr\u00f6\u00dfert zu betrachten. Abbildung 31 Katheterurin, h\u00f6hergradiges Urothelkarzinom. H\u00f6hergradige Urothelkarzinome sind h\u00e4ufig reich an Zellen. 20x Abbildung 31 Katheterurin, h\u00f6hergradiges Urothelkarzinom. H\u00f6hergradige Urothelkarzinome sind h\u00e4ufig reich an Zellen. 20x Abbildung 32 Katheterurin,<\/p>\n","protected":false},"author":3,"featured_media":0,"parent":1950,"menu_order":0,"comment_status":"closed","ping_status":"closed","template":"","meta":{"ngg_post_thumbnail":0,"footnotes":""},"class_list":["post-2148","page","type-page","status-publish","hentry"],"_links":{"self":[{"href":"https:\/\/stage.cytologystuff.com\/de\/wp-json\/wp\/v2\/pages\/2148","targetHints":{"allow":["GET"]}}],"collection":[{"href":"https:\/\/stage.cytologystuff.com\/de\/wp-json\/wp\/v2\/pages"}],"about":[{"href":"https:\/\/stage.cytologystuff.com\/de\/wp-json\/wp\/v2\/types\/page"}],"author":[{"embeddable":true,"href":"https:\/\/stage.cytologystuff.com\/de\/wp-json\/wp\/v2\/users\/3"}],"replies":[{"embeddable":true,"href":"https:\/\/stage.cytologystuff.com\/de\/wp-json\/wp\/v2\/comments?post=2148"}],"version-history":[{"count":0,"href":"https:\/\/stage.cytologystuff.com\/de\/wp-json\/wp\/v2\/pages\/2148\/revisions"}],"up":[{"embeddable":true,"href":"https:\/\/stage.cytologystuff.com\/de\/wp-json\/wp\/v2\/pages\/1950"}],"wp:attachment":[{"href":"https:\/\/stage.cytologystuff.com\/de\/wp-json\/wp\/v2\/media?parent=2148"}],"curies":[{"name":"wp","href":"https:\/\/api.w.org\/{rel}","templated":true}]}}