{"id":11211,"date":"2017-08-16T14:02:32","date_gmt":"2017-08-16T14:02:32","guid":{"rendered":"https:\/\/cytologystuff1.wpengine.com\/atypical-endocervical-cells-nos\/"},"modified":"2018-01-16T09:12:04","modified_gmt":"2018-01-16T09:12:04","slug":"atypical-endocervical-cells-nos","status":"publish","type":"page","link":"https:\/\/stage.cytologystuff.com\/es\/atypical-endocervical-cells-nos\/","title":{"rendered":"Atypical Endocervical  Cells (NOS)"},"content":{"rendered":"<p>[vc_row][vc_column][vc_custom_heading text=&#8221;Informaci\u00f3n glandular &#8211; C\u00e9lulas endocervicales at\u00edpicas (NEOM)&#8221; font_container=&#8221;tag:h2|text_align:center&#8221; use_theme_fonts=&#8221;yes&#8221;][\/vc_column][\/vc_row][vc_row][vc_column width=&#8221;2\/3&#8243;][vc_column_text]<\/p>\n<div>\n<p class=\"subhead\">C\u00e9lulas endocervicales at\u00edpicas (NEOM)<\/p>\n<div class=\"chartColumn\">\n<p><strong>Recordatorio: Puede clicar en cualquier imagen para una visi\u00f3n ampliada<\/strong><\/p>\n<p class=\"header3\">Criterios<\/p>\n<p><strong>Presentaci\u00f3n del tejido<br \/>\n<\/strong><\/p>\n<ul class=\"normal\">\n<li>Placas planas<\/li>\n<li>Bien organizado<\/li>\n<li>Disposici\u00f3n de &#8220;banco de peces&#8221;<\/li>\n<\/ul>\n<p>&nbsp;<\/p>\n<div class=\"chartColumnCell\">\n<p><a class=\"highslide\" href=\"\/gallery\/images_large\/slide1355.jpg\"><img decoding=\"async\" title=\"Click to enlarge\" src=\"\/gallery\/images\/slide1355.jpg\" alt=\"Image 2\" border=\"0\" \/><\/a><\/p>\n<div class=\"highslide-caption\"><strong>C\u00e9lulas endocervicales at\u00edpicas (NEOM)<\/strong><br \/>\nUna capa plana de c\u00e9lulas glandulares bien organizadas en una disposici\u00f3n de &#8220;banco de peces&#8221; . Biopsia: Cambios deciduales<\/div>\n<\/div>\n<div class=\"newRow\"><\/div>\n<p><strong>Citoplasma<br \/>\n<\/strong><\/p>\n<ul class=\"normal\">\n<li>Abundante<\/li>\n<li>Apariencia de &#8220;cultivo tisular&#8221;<\/li>\n<\/ul>\n<p>&nbsp;<\/p>\n<div class=\"chartColumnCell\">\n<p><a class=\"highslide\" href=\"\/gallery\/images_large\/slide0107.jpg\"><br \/>\n<img decoding=\"async\" title=\"Click to enlarge\" src=\"\/gallery\/images\/slide0107.jpg\" alt=\"Image 3\" border=\"0\" \/><\/a><\/p>\n<div class=\"highslide-caption\"><strong>C\u00e9lulas endocervicales at\u00edpicas (NEOM)<\/strong><br \/>\nEn la imagen se muestra una capa de c\u00e9lulas endocervicales con estructura ligeramente desordenada, escasa profundidad del grupo, abundante citoplasma, patr\u00f3n de cromatina uniforme y blando y nucleolos prominentes en cada n\u00facleo. El diagn\u00f3stico de at\u00edpia puede realizarse gracias a la profundidad del grupo y a la estructura ligeramente desordenada. Biopsia: At\u00edpia inflamatoria 60x<\/div>\n<\/div>\n<div class=\"newRow\"><\/div>\n<p><strong>Relaci\u00f3n n\u00facleo\/citoplasma<br \/>\n<\/strong><\/p>\n<ul class=\"normal\">\n<li>Baja<\/li>\n<\/ul>\n<p>&nbsp;<\/p>\n<div class=\"chartColumnCell\">\n<p><a class=\"highslide\" href=\"\/gallery\/images_large\/slide1356.jpg\"><br \/>\n<img decoding=\"async\" title=\"Click to enlarge\" src=\"\/gallery\/images\/slide1356.jpg\" alt=\"Image 3\" border=\"0\" \/><\/a><\/p>\n<div class=\"highslide-caption\"><strong>C\u00e9lulas endocervicales at\u00edpicas (NEOM)<\/strong><br \/>\nC\u00e9lulas at\u00edpicas con abundante citoplasma, que mantienen una baja relaci\u00f3n n\u00facleo\/citoplasma. Biopsia: P\u00f3lipo endocervical<\/div>\n<\/div>\n<div class=\"newRow\"><\/div>\n<p><strong>N\u00facleo<br \/>\n<\/strong><\/p>\n<ul class=\"normal\">\n<li>Oval a redondo<\/li>\n<\/ul>\n<p>&nbsp;<\/p>\n<div class=\"chartColumnCell\">\n<p><a class=\"highslide\" href=\"\/gallery\/images_large\/slide0108.jpg\"><br \/>\n<img decoding=\"async\" title=\"Click to enlarge\" src=\"\/gallery\/images\/slide0108.jpg\" alt=\"Image 2\" border=\"0\" \/><\/a><\/p>\n<div class=\"highslide-caption\"><strong>C\u00e9lulas endocervicales at\u00edpicas (NEOM)<\/strong><br \/>\nLa muestra contiene un grupo redondeado (tridimensional) de c\u00e9lulas endocervicales con ligera desorganizaci\u00f3n de la estructura. Los n\u00facleos son todos de tama\u00f1o similar y las membranas nucleares son homog\u00e9neas a ligeramente irregulares. Biopsia: Inflamaci\u00f3n cr\u00f3nica 60x<\/div>\n<\/div>\n<div class=\"newRow\"><\/div>\n<p><strong>Membrana nuclear <\/strong><\/p>\n<ul class=\"normal\">\n<li>Homog\u00e9nea<\/li>\n<li>Posibilidad de ligeras irregularidades<\/li>\n<li>Posibilidad de ligero revorzamiento<\/li>\n<\/ul>\n<p>&nbsp;<\/p>\n<div class=\"chartColumnCell\">\n<p><a class=\"highslide\" href=\"\/gallery\/images_large\/slide1357.jpg\"><br \/>\n<img decoding=\"async\" title=\"Click to enlarge\" src=\"\/gallery\/images\/slide1357.jpg\" alt=\"Image 3\" border=\"0\" \/><\/a><\/p>\n<div class=\"highslide-caption\"><strong>C\u00e9lulas endocervicales at\u00edpicas (NEOM)<\/strong><br \/>\nLos n\u00facleos de este grupo exhiben membranas nucleares con ligeras irregularidades y revorzamiento. Biopsia: Cambios deciduales<\/div>\n<\/div>\n<div class=\"newRow\"><\/div>\n<p><strong>Cromatina<br \/>\n<\/strong><\/p>\n<ul class=\"normal\">\n<li>Granular<\/li>\n<li>Distribuida uniformemente<\/li>\n<li>Uniformemente hipocrom\u00e1tica<\/li>\n<\/ul>\n<p>&nbsp;<\/p>\n<div class=\"chartColumnCell\">\n<p><a class=\"highslide\" href=\"\/gallery\/images_large\/slide0109.jpg\" name=\"pap\"><br \/>\n<img decoding=\"async\" title=\"Click to enlarge\" src=\"\/gallery\/images\/slide0109.jpg\" alt=\"Image 2\" border=\"0\" \/><\/a><\/p>\n<div class=\"highslide-caption\"><strong>C\u00e9lulas endocervicales at\u00edpicas (NEOM)<\/strong><br \/>\nUn grupo poco r\u00edgido de c\u00e9lulas endocervicales exhibe una aparente p\u00e9rdida de polaridad. Los n\u00facleos son redondos a ovales con ligeras irregularidades en las membranas nucleares y ligera aglomeraci\u00f3n. La cromatina es granular, aunque uniformemente distribuida, y se observan nucleolos prominentes. Biopsia: Inflamaci\u00f3n cr\u00f3nica 60x<\/div>\n<\/div>\n<div class=\"newRow\"><\/div>\n<p><strong>Nucleolos<br \/>\n<\/strong><\/p>\n<ul class=\"normal\">\n<li>En todos los n\u00facleos<\/li>\n<li>Aislados a m\u00faltiples<\/li>\n<li>Peque\u00f1os a moderados<\/li>\n<\/ul>\n<p>&nbsp;<\/p>\n<div class=\"chartColumnCell\">\n<p><a class=\"highslide\" href=\"\/gallery\/images_large\/slide1358.jpg\"><br \/>\n<img decoding=\"async\" title=\"Click to enlarge\" src=\"\/gallery\/images\/slide1358.jpg\" alt=\"Image 3\" border=\"0\" \/><\/a><\/p>\n<div class=\"highslide-caption\"><strong>C\u00e9lulas endocervicales at\u00edpicas (NEOM)<\/strong><br \/>\nLos n\u00facleos contienen nucleolos aislados a m\u00faltiples de tama\u00f1o peque\u00f1o a moderado. Biopsia: Cambios deciduales<\/div>\n<\/div>\n<div class=\"newRow\"><\/div>\n<p id=\"look\" class=\"subhead\">Lesiones parecidas a las c\u00e9lulas endocervicales at\u00edpicas (NOS)<\/p>\n<p class=\"header3\">Reparaci\u00f3n endocervical:<\/p>\n<p><strong>Tipo de c\u00e9lulas:<\/strong> Endocervicales<\/p>\n<p><strong>Presentaci\u00f3n del tejido<br \/>\n<\/strong><\/p>\n<ul class=\"normal\">\n<li>Placa plana y suelta<\/li>\n<\/ul>\n<p>&nbsp;<\/p>\n<div class=\"chartColumnCell\">\n<p><a class=\"highslide\" href=\"\/gallery\/images_large\/slide0096.jpg\"><br \/>\n<img decoding=\"async\" title=\"Click to enlarge\" src=\"\/gallery\/images\/slide0096.jpg\" alt=\"Image 3\" border=\"0\" \/><\/a><\/p>\n<div class=\"highslide-caption\"><strong>Lesiones parecidas a las c\u00e9lulas endocervicales at\u00edpicas (NOS) <\/strong><br \/>\nReparaci\u00f3n &#8211; Observe la planaridad de este capa de c\u00e9lulas reparativas. Todos los n\u00facleos est\u00e1n en el mismo plano, sin que se produzca la aglomeraci\u00f3n nuclear caracter\u00edstica del AIS. Los n\u00facleos est\u00e1n uniformemente espaciados y son redondos a ovales, en lugar de alargados. 40x<\/div>\n<\/div>\n<div class=\"newRow\"><\/div>\n<div class=\"chartColumnCell\">\n<p><a class=\"highslide\" href=\"\/gallery\/images_large\/slide0075.jpg\"><br \/>\n<img decoding=\"async\" title=\"Click to enlarge\" src=\"\/gallery\/images\/slide0075.jpg\" alt=\"Image 3\" border=\"0\" \/><\/a><\/p>\n<div class=\"highslide-caption\"><strong>Lesiones parecidas a las c\u00e9lulas endocervicales at\u00edpicas (NOS) <\/strong><br \/>\nReparaci\u00f3n endocervical &#8211; 40x<\/div>\n<\/div>\n<div class=\"newRow\"><\/div>\n<p><strong>Caracter\u00edsticas \u00fanicas<br \/>\n<\/strong><\/p>\n<ul class=\"normal\">\n<li>Apariencia tisular de \u201cbanco de peces\u201d<\/li>\n<li>Baja relaci\u00f3n n\u00facleo\/citoplasma<\/li>\n<li>Nucleolos prominentes<\/li>\n<\/ul>\n<p>&nbsp;<\/p>\n<div class=\"chartColumnCell\">\n<p><a class=\"highslide\" href=\"\/gallery\/images_large\/slide0173.jpg\"><br \/>\n<img decoding=\"async\" title=\"Click to enlarge\" src=\"\/gallery\/images\/slide0173.jpg\" alt=\"Image 3\" border=\"0\" \/><\/a><\/p>\n<div class=\"highslide-caption\"><strong> Lesiones parecidas a las c\u00e9lulas endocervicales at\u00edpicas (NOS) <\/strong><br \/>\nLa reparaci\u00f3n muestra, a menudo, una estructura de &#8220;banco de peces&#8221;. La polaridad se mantiene y la relaci\u00f3n n\u00facleo\/citoplasma de las c\u00e9lulas se encuentra en el rango normal. 40X<\/div>\n<\/div>\n<div class=\"newRow\"><\/div>\n<div class=\"chartColumnCell\">\n<p><a class=\"highslide\" href=\"\/gallery\/images_large\/slide0181.jpg\"><br \/>\n<img decoding=\"async\" title=\"Click to enlarge\" src=\"\/gallery\/images\/slide0181.jpg\" alt=\"Image 3\" border=\"0\" \/><\/a><\/p>\n<div class=\"highslide-caption\"><strong> Lesiones parecidas a las c\u00e9lulas endocervicales at\u00edpicas (NOS) <\/strong><br \/>\nLa reparaci\u00f3n muestra, a menudo, contornos nucleares homog\u00e9neos y una polaridad mantenida dentro del grupo. 60x<\/div>\n<\/div>\n<div class=\"newRow\"><\/div>\n<div class=\"chartColumnCell\">\n<p><a class=\"highslide\" href=\"\/gallery\/images_large\/slide0180.jpg\"><br \/>\n<img decoding=\"async\" title=\"Click to enlarge\" src=\"\/gallery\/images\/slide0180.jpg\" alt=\"Image 3\" border=\"0\" \/><\/a><\/p>\n<div class=\"highslide-caption\"><strong> Lesiones parecidas a las c\u00e9lulas endocervicales at\u00edpicas (NOS) <\/strong><br \/>\nLa reparaci\u00f3n se puede presentar con nucleolos prominentes, algunos m\u00faltiples. 40x<\/div>\n<\/div>\n<div class=\"newRow\"><\/div>\n<div class=\"chartColumnCell\">\n<p><a class=\"highslide\" href=\"\/gallery\/images_large\/slide0182.jpg\"><br \/>\n<img decoding=\"async\" title=\"Click to enlarge\" src=\"\/gallery\/images\/slide0182.jpg\" alt=\"Image 3\" border=\"0\" \/><\/a><\/p>\n<div class=\"highslide-caption\"><strong> Lesiones parecidas a las c\u00e9lulas endocervicales at\u00edpicas (NOS) <\/strong><br \/>\nLa raeparaci\u00f3n puede contener mitosis y macronucleolos. 60x<\/div>\n<\/div>\n<div class=\"newRow\"><\/div>\n<p class=\"header3\">Metaplasia tub\u00e1rica:<\/p>\n<p><strong>Tipo de c\u00e9lulas:<\/strong> Glandulares de tipo trompas de Falopio, cuboidales, peque\u00f1as<\/p>\n<p><strong>Presentaci\u00f3n del tejido <\/strong><\/p>\n<ul class=\"normal\">\n<li>Presentaci\u00f3n aglomerada en panal de abeja<\/li>\n<\/ul>\n<p>&nbsp;<\/p>\n<div class=\"chartColumnCell\">\n<p><a class=\"highslide\" href=\"\/gallery\/images_large\/slide0097.jpg\" name=\"pap\"><br \/>\n<img decoding=\"async\" title=\"Click to enlarge\" src=\"\/gallery\/images\/slide0097.jpg\" alt=\"Image 2\" border=\"0\" \/><\/a><\/p>\n<div class=\"highslide-caption\"><strong>Lesiones parecidas a las c\u00e9lulas endocervicales at\u00edpicas (NOS)<\/strong><br \/>\nLa metaplasia tub\u00e1rica puede asemejarse mucho al AIS. Sin embargo, al inspeccionar m\u00e1s en profundidad las irregularidades se observa que: la aglomeraci\u00f3n, el alargamiento nuclear, las irregularidades de las membranas nucleares y la formaci\u00f3n de fragmentos anormales de tejido son menos severos. La localizaci\u00f3n de cilios y\/o z\u00f3nulas adherens confirma la benignidad. 60X<\/div>\n<\/div>\n<div class=\"newRow\"><\/div>\n<div class=\"chartColumnCell\">\n<p><a class=\"highslide\" href=\"\/gallery\/images_large\/slide1173.jpg\"><br \/>\n<img decoding=\"async\" title=\"Click to enlarge\" src=\"\/gallery\/images\/slide1173.jpg\" alt=\"Image 2\" border=\"0\" \/><\/a><\/p>\n<div class=\"highslide-caption\"><strong>Lesiones parecidas a las c\u00e9lulas endocervicales at\u00edpicas (NOS)<\/strong><br \/>\nC\u00e9lulas glandulares aglomeradas que presentan n\u00facleos aumentados, aunque una inspecci\u00f3n en m\u00e1s detalle revela una cromatina uniformemente distribuida. 40x<\/div>\n<\/div>\n<div class=\"newRow\"><\/div>\n<p><strong>Caracter\u00edsticas \u00fanicas <\/strong><\/p>\n<ul class=\"normal\">\n<li>Z\u00f3nulas adherens y cilios<\/li>\n<\/ul>\n<p>&nbsp;<\/p>\n<div class=\"chartColumnCell\">\n<p><a class=\"highslide\" href=\"\/gallery\/images_large\/slide0149.jpg\"><br \/>\n<img decoding=\"async\" title=\"Click to enlarge\" src=\"\/gallery\/images\/slide0149.jpg\" alt=\"Image 3\" border=\"0\" \/><\/a><\/p>\n<div class=\"highslide-caption\"><strong>Lesiones parecidas a las c\u00e9lulas endocervicales at\u00edpicas (NOS)<\/strong><br \/>\nUna tira de c\u00e9lulas columnares con n\u00facleos hipercrom\u00e1ticos aglomerados. Una observaci\u00f3n en detalle muestra distintivas vacuolas citopl\u00e1smicas y cilios, que posiblemente corresponden a una metaplasia tub\u00e1rica. 60X<\/div>\n<\/div>\n<div class=\"newRow\"><\/div>\n<div class=\"chartColumnCell\">\n<p><a class=\"highslide\" href=\"\/gallery\/images_large\/slide1172.jpg\"><br \/>\n<img decoding=\"async\" title=\"Click to enlarge\" src=\"\/gallery\/images\/slide1172.jpg\" alt=\"Image 3\" border=\"0\" \/><\/a><\/p>\n<div class=\"highslide-caption\"><strong>Lesiones parecidas a las c\u00e9lulas endocervicales at\u00edpicas (NOS)<\/strong><br \/>\nEn esta visi\u00f3n a mayor aumento de la primera fotograf\u00eda (20x) se observa claramente una fila definida de cilios. 60x<\/div>\n<\/div>\n<div class=\"newRow\"><\/div>\n<p class=\"header3\">Segmento uterino inferior:<\/p>\n<p><strong>Tipo de c\u00e9lulas:<\/strong> Endometriales<\/p>\n<p><strong>Presentaci\u00f3n del tejido<br \/>\n<\/strong><\/p>\n<ul class=\"normal\">\n<li>Presentaci\u00f3n en panal de abeja con superposici\u00f3n de n\u00facleos, a menudo en grandes placas<\/li>\n<\/ul>\n<p>&nbsp;<\/p>\n<div class=\"chartColumnCell\">\n<p><a class=\"highslide\" href=\"\/gallery\/images_large\/slide0150.jpg\"><br \/>\n<img decoding=\"async\" title=\"Click to enlarge\" src=\"\/gallery\/images\/slide0150.jpg\" alt=\"Image 3\" border=\"0\" \/><\/a><\/p>\n<div class=\"highslide-caption\"><strong>Lesiones parecidas a las c\u00e9lulas endocervicales at\u00edpicas (NOS)<br \/>\n<\/strong><br \/>\nUn fragmento de c\u00e9lulas provenientes del fragmento uterino inferior, que est\u00e1 doblado sobre s\u00ed mismo generando una apariencia tridimensional. 20X<\/div>\n<\/div>\n<div class=\"newRow\"><\/div>\n<div class=\"chartColumnCell\">\n<p><a class=\"highslide\" href=\"\/gallery\/images_large\/slide0170.jpg\"><br \/>\n<img decoding=\"async\" title=\"Click to enlarge\" src=\"\/gallery\/images\/slide0170.jpg\" alt=\"Image 2\" border=\"0\" \/><\/a><\/p>\n<div class=\"highslide-caption\"><strong>Lesiones parecidas a las c\u00e9lulas endocervicales at\u00edpicas (NOS)<br \/>\n<\/strong><br \/>\nSegmento uterino inferior 40x<\/div>\n<\/div>\n<div class=\"newRow\"><\/div>\n<div class=\"chartColumnCell\">\n<p><a class=\"highslide\" href=\"\/gallery\/images_large\/slide0171.jpg\"><br \/>\n<img decoding=\"async\" title=\"Click to enlarge\" src=\"\/gallery\/images\/slide0171.jpg\" alt=\"Image 3\" border=\"0\" \/><\/a><\/p>\n<div class=\"highslide-caption\">\n<p><strong>Lesiones parecidas a las c\u00e9lulas endocervicales at\u00edpicas (NOS)<\/strong><\/p>\n<p>El segmento uterino inferior puede presentar nucleolos prominentes. 40X<\/p>\n<\/div>\n<\/div>\n<div class=\"newRow\"><\/div>\n<p><strong>Caracter\u00edsticas \u00fanicas<br \/>\n<\/strong><\/p>\n<ul class=\"normal\">\n<li>C\u00e9lulas muy peque\u00f1as con escaso citoplasma y apariencia uniforme<\/li>\n<\/ul>\n<p>&nbsp;<\/p>\n<div class=\"chartColumnCell\">\n<p><a class=\"highslide\" href=\"\/gallery\/images_large\/slide0099.jpg\"><br \/>\n<img decoding=\"async\" title=\"Click to enlarge\" src=\"\/gallery\/images\/slide0099.jpg\" alt=\"Image 3\" border=\"0\" \/><\/a><\/p>\n<div class=\"highslide-caption\"><strong>Lesiones parecidas a las c\u00e9lulas endocervicales at\u00edpicas (NOS)<br \/>\n<\/strong><br \/>\nEste fragmento de tejido del segmento uterino inferior est\u00e1 compuesto por c\u00e9lulas peque\u00f1as cuboidales con n\u00facleos uniformes y cromatina blanda. En la imagen a bajo aumento, las c\u00e9lulas aparecen aglomeradas; sin embargo, una inspecci\u00f3n m\u00e1s en detalle muestra que s\u00f3lo se encuentran empaquetadas firmemente. La cohesi\u00f3n y uniformidad de dichos fragmentos a bajo aumento son las claves del diagn\u00f3stico. Tambi\u00e9n suele existir un componente estromal que tambi\u00e9n facilita el diagn\u00f3stico. 20x<\/div>\n<\/div>\n<div class=\"newRow\"><\/div>\n<p class=\"header3\">Las c\u00e9lulas endocervicales at\u00edpicas sugieren neoplasia o AIS:<\/p>\n<p><strong>Tipo de c\u00e9lulas:<\/strong> Endocervicales<\/p>\n<p><strong>Presentaci\u00f3n del tejido<br \/>\n<\/strong><\/p>\n<ul class=\"normal\">\n<li>Tiras de tejido con aglomeraci\u00f3n nuclear<\/li>\n<li>Estratificaci\u00f3n<\/li>\n<li>Aspecto de pluma<\/li>\n<\/ul>\n<p>&nbsp;<\/p>\n<div class=\"chartColumnCell\">\n<p><a class=\"highslide\" href=\"\/gallery\/images_large\/slide0089.jpg\"><br \/>\n<img decoding=\"async\" title=\"Click to enlarge\" src=\"\/gallery\/images\/slide0089.jpg\" alt=\"Image 2\" border=\"0\" \/><\/a><\/p>\n<div class=\"highslide-caption\">\n<p><strong>Lesiones parecidas a las c\u00e9lulas endocervicales at\u00edpicas (NOS) <\/strong><\/p>\n<p>C\u00e9lulas endocervicales que aparecen formando una tira con una pronunciada aglomeraci\u00f3n nuclear. Biopsia: AIS. 60x<\/p>\n<\/div>\n<\/div>\n<div class=\"newRow\"><\/div>\n<div class=\"chartColumnCell\">\n<p><a class=\"highslide\" href=\"\/gallery\/images_large\/slide0091.jpg\"><br \/>\n<img decoding=\"async\" title=\"Click to enlarge\" src=\"\/gallery\/images\/slide0091.jpg\" alt=\"Image 2\" border=\"0\" \/><\/a><\/p>\n<div class=\"highslide-caption\">\n<p><strong>Lesiones parecidas a las c\u00e9lulas endocervicales at\u00edpicas (NOS) <\/strong><\/p>\n<p>Una tira de c\u00e9lulas endocervicales que exhiben pseudoestratificaci\u00f3n y citoplasma finamente vacuolado con contornos citopl\u00e1smicos indistintos. La estructura es desorganizada, aunque las c\u00e9lulas siguen intentando mantenerse en una configuraci\u00f3n glandular. Observe el aumento de la relaci\u00f3n n\u00facleo\/citoplasma y la presencia variable de nucleolos. Biopsia: AIS. 60x<\/p>\n<\/div>\n<\/div>\n<div class=\"newRow\"><\/div>\n<div class=\"chartColumnCell\">\n<p><a class=\"highslide\" href=\"\/gallery\/images_large\/slide0090.jpg\"><br \/>\n<img decoding=\"async\" title=\"Click to enlarge\" src=\"\/gallery\/images\/slide0090.jpg\" alt=\"Image 2\" border=\"0\" \/><\/a><\/p>\n<div class=\"highslide-caption\">\n<p><strong>Lesiones parecidas a las c\u00e9lulas endocervicales at\u00edpicas (NOS) <\/strong><\/p>\n<p>C\u00e9lulas endocervicales que se muestran en una formaci\u00f3n de pseudo-roseta y que exhiben &#8220;aspecto de pluma&#8221; y alargamiento nuclear debido a la aglomeraci\u00f3n. Biopsia: AIS. 60x<\/p>\n<\/div>\n<\/div>\n<div class=\"newRow\"><\/div>\n<p><strong>Caracter\u00edsticas \u00fanicas<br \/>\n<\/strong><\/p>\n<ul class=\"normal\">\n<li>Aglomeraci\u00f3n nuclear<\/li>\n<li>Estratificaci\u00f3n<\/li>\n<li>Sin cilios ni z\u00f3nulas adherens identificados<\/li>\n<\/ul>\n<p>&nbsp;<\/p>\n<div class=\"chartColumnCell\">\n<p><a class=\"highslide\" href=\"\/gallery\/images_large\/slide0093.jpg\"><br \/>\n<img decoding=\"async\" title=\"Click to enlarge\" src=\"\/gallery\/images\/slide0093.jpg\" alt=\"Image 2\" border=\"0\" \/><\/a><\/p>\n<div class=\"highslide-caption\">\n<p><strong>Lesiones parecidas a las c\u00e9lulas endocervicales at\u00edpicas (NOS) <\/strong><\/p>\n<p>El alargamiento nuclear es claramente evidente en este grupo de c\u00e9lulas endocervicales at\u00edpicas. Se observa tambi\u00e9n la p\u00e9rdida de polaridad nuclear, la p\u00e9rdida de una estructura normal, la aglomeraci\u00f3n nuclear y el &#8220;amoldamiento&#8221; de los n\u00facleos. Observe las membranas nucleares planas en el punto en que se presionan unos contra otros (un signo de verdadera aglomeraci\u00f3n). Biopsia: AIS. 60x<\/p>\n<\/div>\n<\/div>\n<div class=\"newRow\"><\/div>\n<div class=\"chartColumnCell\">\n<p><a class=\"highslide\" href=\"\/gallery\/images_large\/slide0100.jpg\"><br \/>\n<img decoding=\"async\" title=\"Click to enlarge\" src=\"\/gallery\/images\/slide0100.jpg\" alt=\"Image 2\" border=\"0\" \/><\/a><\/p>\n<div class=\"highslide-caption\">\n<p><strong>Lesiones parecidas a las c\u00e9lulas endocervicales at\u00edpicas (NOS) <\/strong><\/p>\n<p>AIS &#8211; Este aglomerado y estratificado grupo de c\u00e9lulas glandulares proviene de un caso de AIS. Observe el apilamiento de los n\u00facleos basales desde la capa inferior del epitelio. 60x<\/p>\n<\/div>\n<\/div>\n<\/div>\n<div class=\"newRow\"><\/div>\n<p><a class=\"back\" href=\"#\">Volver arriba<\/a><\/p>\n<\/div>\n<p>[\/vc_column_text][vc_column_text el_class=&#8221;back-to-top&#8221;]<strong><a href=\"#main\">Back to Top<\/a><\/strong>[\/vc_column_text][\/vc_column][vc_column width=&#8221;1\/3&#8243;][vc_widget_sidebar sidebar_id=&#8221;consulting-right-sidebar2&#8243;][\/vc_column][\/vc_row]<\/p>\n","protected":false},"excerpt":{"rendered":"<p>[vc_row][vc_column][vc_custom_heading text=&#8221;Informaci\u00f3n glandular &#8211; C\u00e9lulas endocervicales at\u00edpicas (NEOM)&#8221; font_container=&#8221;tag:h2|text_align:center&#8221; use_theme_fonts=&#8221;yes&#8221;][\/vc_column][\/vc_row][vc_row][vc_column width=&#8221;2\/3&#8243;][vc_column_text] C\u00e9lulas endocervicales at\u00edpicas (NEOM) Recordatorio: Puede clicar en cualquier imagen para una visi\u00f3n ampliada Criterios Presentaci\u00f3n del tejido Placas planas Bien organizado Disposici\u00f3n de &#8220;banco de peces&#8221; &nbsp; C\u00e9lulas endocervicales at\u00edpicas (NEOM) Una capa plana de c\u00e9lulas glandulares bien organizadas en una disposici\u00f3n de<\/p>\n","protected":false},"author":7,"featured_media":0,"parent":0,"menu_order":0,"comment_status":"closed","ping_status":"closed","template":"","meta":{"ngg_post_thumbnail":0,"footnotes":""},"class_list":["post-11211","page","type-page","status-publish","hentry"],"_links":{"self":[{"href":"https:\/\/stage.cytologystuff.com\/es\/wp-json\/wp\/v2\/pages\/11211","targetHints":{"allow":["GET"]}}],"collection":[{"href":"https:\/\/stage.cytologystuff.com\/es\/wp-json\/wp\/v2\/pages"}],"about":[{"href":"https:\/\/stage.cytologystuff.com\/es\/wp-json\/wp\/v2\/types\/page"}],"author":[{"embeddable":true,"href":"https:\/\/stage.cytologystuff.com\/es\/wp-json\/wp\/v2\/users\/7"}],"replies":[{"embeddable":true,"href":"https:\/\/stage.cytologystuff.com\/es\/wp-json\/wp\/v2\/comments?post=11211"}],"version-history":[{"count":0,"href":"https:\/\/stage.cytologystuff.com\/es\/wp-json\/wp\/v2\/pages\/11211\/revisions"}],"wp:attachment":[{"href":"https:\/\/stage.cytologystuff.com\/es\/wp-json\/wp\/v2\/media?parent=11211"}],"curies":[{"name":"wp","href":"https:\/\/api.w.org\/{rel}","templated":true}]}}