{"id":11337,"date":"2017-08-16T14:03:30","date_gmt":"2017-08-16T14:03:30","guid":{"rendered":"https:\/\/cytologystuff1.wpengine.com\/endocervical-adenocarcinoma\/"},"modified":"2018-01-16T09:16:36","modified_gmt":"2018-01-16T09:16:36","slug":"endocervical-adenocarcinoma","status":"publish","type":"page","link":"https:\/\/stage.cytologystuff.com\/es\/endocervical-adenocarcinoma\/","title":{"rendered":"Endocervical  Adenocarcinoma"},"content":{"rendered":"<p>[vc_row][vc_column][vc_custom_heading text=&#8221;Informaci\u00f3n glandular &#8211; Adenocarcinoma endocervical&#8221; font_container=&#8221;tag:h2|text_align:center&#8221; use_theme_fonts=&#8221;yes&#8221;][\/vc_column][\/vc_row][vc_row][vc_column width=&#8221;2\/3&#8243;][vc_column_text]<\/p>\n<div>\n<p class=\"subhead\">Adenocarcinoma endocervical<\/p>\n<div class=\"chartColumn\">\n<p><strong>Recordatorio: Puede clicar en cualquier imagen para una visi\u00f3n ampliada<\/strong><\/p>\n<p class=\"header3\">Criterios<\/p>\n<p><strong>Presentaci\u00f3n del tejido<br \/>\n<\/strong><\/p>\n<ul class=\"normal\">\n<li>Escasas c\u00e9lulas aisladas y grupos y placas bidimensionales<\/li>\n<li>Contorno del grupo bien definido (bordes dentados)<\/li>\n<\/ul>\n<div class=\"chartColumnCell\"><a class=\"highslide\" href=\"\/gallery\/images_large\/slide0077.jpg\"><br \/>\n<img decoding=\"async\" title=\"Click to enlarge\" src=\"\/gallery\/images\/slide0077.jpg\" alt=\"Image 2\" border=\"0\" \/><\/a><\/p>\n<div class=\"highslide-caption\"><strong>Adenocarcinoma endocervical<\/strong><br \/>\nLas c\u00e9lulas aparecen en grupos tridimensionales, placas bidimensionales y asiladamente. 60x<\/div>\n<\/div>\n<div class=\"newRow\"><\/div>\n<div class=\"chartColumnCell\"><a class=\"highslide\" href=\"\/gallery\/images_large\/slide0079.jpg\"><br \/>\n<img decoding=\"async\" title=\"Click to enlarge\" src=\"\/gallery\/images\/slide0079.jpg\" alt=\"Image 3\" border=\"0\" \/><\/a><\/p>\n<div class=\"highslide-caption\"><strong>Adenocarcinoma endocervical<\/strong><br \/>\nLos grupos de c\u00e9lulas glandulares se redondean en la soluci\u00f3n PreservCyt y los bordes del grupo pueden aparecer dentados. Observe el contorno citopl\u00e1smico homog\u00e9neo y distintivo del borde del grupo. 40x<\/div>\n<\/div>\n<div class=\"newRow\"><\/div>\n<p><strong>Citoplasma<br \/>\n<\/strong><\/p>\n<ul class=\"normal\">\n<li>Finamente vacuolado<\/li>\n<li>Con vacuolas predominantemente m\u00faltiples y discretas<\/li>\n<\/ul>\n<div class=\"chartColumnCell\"><a class=\"highslide\" href=\"\/gallery\/images_large\/slide0078.jpg\"><br \/>\n<img decoding=\"async\" title=\"Click to enlarge\" src=\"\/gallery\/images\/slide0078.jpg\" alt=\"Image 3\" border=\"0\" \/><\/a><\/p>\n<div class=\"highslide-caption\"><strong>Adenocarcinoma endocervical<\/strong><br \/>\nEl citoplasma del adenocarcinoma puede estar finamente vacuolado con m\u00faltiples vacuolas discretas y contornos celulares distintivos. 60x<\/div>\n<\/div>\n<div class=\"newRow\"><\/div>\n<p><strong>Relaci\u00f3n n\u00facleo\/citoplasma<br \/>\n<\/strong><\/p>\n<ul class=\"normal\">\n<li>Relaci\u00f3n n\u00facleo\/citoplasma 2\/1<\/li>\n<\/ul>\n<div class=\"chartColumnCell\"><a class=\"highslide\" href=\"\/gallery\/images_large\/slide0081.jpg\"><br \/>\n<img decoding=\"async\" title=\"Click to enlarge\" src=\"\/gallery\/images\/slide0081.jpg\" alt=\"Image 2\" border=\"0\" \/><\/a><\/p>\n<div class=\"highslide-caption\"><strong>Adenocarcinoma endocervical<\/strong><br \/>\nLos n\u00facleos est\u00e1n aumentados, a menudo ocupando m\u00e1s de 2\/3 del citoplasma y, generalmente, permanecen redondos a ovales con membranas nucleares onduladas. 60x<\/div>\n<\/div>\n<div class=\"newRow\"><\/div>\n<p><strong>N\u00facleo<br \/>\n<\/strong><\/p>\n<ul class=\"normal\">\n<li>Aumentado, redondo a oval<\/li>\n<\/ul>\n<div class=\"chartColumnCell\"><a class=\"highslide\" href=\"\/gallery\/images_large\/slide0073.jpg\"><br \/>\n<img decoding=\"async\" title=\"Click to enlarge\" src=\"\/gallery\/images\/slide0073.jpg\" alt=\"Image 3\" border=\"0\" \/><\/a><\/p>\n<div class=\"highslide-caption\"><strong>Adenocarcinoma endocervical<\/strong><br \/>\nAdenocarcinoma endocervical. &#8211; 40x<\/div>\n<\/div>\n<div class=\"newRow\"><\/div>\n<p><strong>Membrana nuclear<br \/>\n<\/strong><\/p>\n<ul class=\"normal\">\n<li>Homog\u00e9nea a irregular (ondulada)<\/li>\n<li>Reforzada<\/li>\n<\/ul>\n<div class=\"chartColumnCell\"><a class=\"highslide\" href=\"\/gallery\/images_large\/slide0082.jpg\"><br \/>\n<img decoding=\"async\" title=\"Click to enlarge\" src=\"\/gallery\/images\/slide0082.jpg\" alt=\"Image 2\" border=\"0\" \/><\/a><\/p>\n<div class=\"highslide-caption\"><strong>Adenocarcinoma endocervical<\/strong><br \/>\nLas membranas nucleares est\u00e1n reforzada y sus irregularidades son onduladas, al contrario que en las membranas de tipo &#8220;mordisco de rata&#8221; observadas en las lesiones escamosas. 40x<\/div>\n<\/div>\n<div class=\"newRow\"><\/div>\n<p><strong>Cromatina<br \/>\n<\/strong><\/p>\n<ul class=\"normal\">\n<li>Gruesa, distribuida irregularmente<\/li>\n<li>Aclaramiento de paracromatina<\/li>\n<li>Mayor profundidad<\/li>\n<\/ul>\n<div class=\"chartColumnCell\"><a class=\"highslide\" href=\"\/gallery\/images_large\/slide0083.jpg\"><br \/>\n<img decoding=\"async\" title=\"Click to enlarge\" src=\"\/gallery\/images\/slide0083.jpg\" alt=\"Image 3\" border=\"0\" \/><\/a><\/p>\n<div class=\"highslide-caption\"><strong>Adenocarcinoma endocervical<\/strong><br \/>\nLos patrones de cromatina var\u00edan desde fina hasta engrosada granular y puede aparecer uniformemente distribuida aunque sea gruesa y agrupada. Los n\u00facleos aparecen hipercrom\u00e1ticos y exhiben una mayor profundidad en comparaci\u00f3n con la entidad normal. 60x<\/p>\n<\/div>\n<\/div>\n<div class=\"newRow\"><\/div>\n<div class=\"chartColumnCell\"><a class=\"highslide\" href=\"\/gallery\/images_large\/slide0084.jpg\"><br \/>\n<img decoding=\"async\" title=\"Click to enlarge\" src=\"\/gallery\/images\/slide0084.jpg\" alt=\"Image 3\" border=\"0\" \/><\/a><\/p>\n<div class=\"highslide-caption\"><strong>Adenocarcinoma endocervical<\/strong><br \/>\nEl aclaramiento de paracromatina puede ser evidente y, en ese caso, los n\u00facleos exhibir\u00e1n una mayor profundidad en comparaci\u00f3n con los n\u00facleos del componente endocervical normal. 60x<\/div>\n<\/div>\n<div class=\"newRow\"><\/div>\n<p><strong>Nucleolos <\/strong><\/p>\n<ul class=\"normal\">\n<li>Grandes, prominentes<\/li>\n<li>Homog\u00e9neos a irregulares<\/li>\n<li>Aislados a m\u00faltiples<\/li>\n<\/ul>\n<div class=\"chartColumnCell\"><a class=\"highslide\" href=\"\/gallery\/images_large\/slide0085.jpg\"><br \/>\n<img decoding=\"async\" title=\"Click to enlarge\" src=\"\/gallery\/images\/slide0085.jpg\" alt=\"Image 3\" border=\"0\" \/><\/a><\/p>\n<div class=\"highslide-caption\"><strong>Adenocarcinoma endocervical<br \/>\n<\/strong> Cuando aparecen, los nucleolos son prominentes y, a menudo, m\u00faltiples e irregulares. 60x<\/div>\n<\/div>\n<div class=\"newRow\"><\/div>\n<div class=\"chartColumnCell\"><a class=\"highslide\" href=\"\/gallery\/images_large\/slide0073.jpg\"><br \/>\n<img decoding=\"async\" title=\"Click to enlarge\" src=\"\/gallery\/images\/slide0073.jpg\" alt=\"Image 3\" border=\"0\" \/><\/a><\/p>\n<div class=\"highslide-caption\"><strong> Adenocarcinoma endocervical<\/strong><br \/>\nAdenocarcinoma endocervical. 40x<\/div>\n<\/div>\n<div class=\"newRow\"><\/div>\n<p id=\"look\" class=\"subhead\">Lesiones parecidas al adenocarcinoma endocervical<\/p>\n<p class=\"header3\">Las c\u00e9lulas endocervicales at\u00edpicas sugieren neoplasia o AIS:<\/p>\n<p><strong>Tipo de c\u00e9lulas: <\/strong>Endocervicales<br \/>\n<strong> Presentaci\u00f3n del tejido <\/strong><\/p>\n<ul class=\"normal\">\n<li>Tiras de tejido con aglomeraci\u00f3n nuclear<\/li>\n<li>Estratificaci\u00f3n<\/li>\n<li>Aspecto de pluma<\/li>\n<\/ul>\n<div class=\"chartColumnCell\"><a class=\"highslide\" href=\"\/gallery\/images_large\/slide0089.jpg\"><br \/>\n<img decoding=\"async\" title=\"Click to enlarge\" src=\"\/gallery\/images\/slide0089.jpg\" alt=\"Image 3\" border=\"0\" \/><\/a><\/p>\n<div class=\"highslide-caption\"><strong>Lesiones parecidas al adenocarcinoma endocervical<br \/>\n<\/strong> C\u00e9lulas endocervicales que aparecen formando una tira con una pronunciada aglomeraci\u00f3n nuclear.<br \/>\nBiopsia: AIS. 60x<\/div>\n<\/div>\n<div class=\"newRow\"><\/div>\n<div class=\"chartColumnCell\"><a class=\"highslide\" href=\"\/gallery\/images_large\/slide0091.jpg\"><br \/>\n<img decoding=\"async\" title=\"Click to enlarge\" src=\"\/gallery\/images\/slide0091.jpg\" alt=\"Image 3\" border=\"0\" \/><\/a><\/p>\n<div class=\"highslide-caption\"><strong>Lesiones parecidas al adenocarcinoma endocervical<br \/>\n<\/strong><br \/>\nUna tira de c\u00e9lulas endocervicales que exhiben pseudoestratificaci\u00f3n y citoplasma finamente vacuolado con contornos citopl\u00e1smicos indistintos. La estructura es desorganizada, aunque las c\u00e9lulas siguen intentando mantenerse en una configuraci\u00f3n glandular. Observe el aumento de la relaci\u00f3n n\u00facleo\/citoplasma y la presencia variable de nucleolos.<br \/>\nBiopsia: AIS. 60x<\/div>\n<\/div>\n<div class=\"newRow\"><\/div>\n<div class=\"chartColumnCell\"><a class=\"highslide\" href=\"\/gallery\/images_large\/slide0090.jpg\"><br \/>\n<img decoding=\"async\" title=\"Click to enlarge\" src=\"\/gallery\/images\/slide0090.jpg\" alt=\"Image 3\" border=\"0\" \/><\/a><\/p>\n<div class=\"highslide-caption\"><strong>Lesiones parecidas al adenocarcinoma endocervical<br \/>\n<\/strong><br \/>\nC\u00e9lulas endocervicales que se muestran en una formaci\u00f3n de pseudo-roseta y que exhiben &#8220;aspecto de pluma&#8221; y alargamiento nuclear debido a la aglomeraci\u00f3n.<br \/>\nBiopsia: AIS. 60x<\/div>\n<\/div>\n<div class=\"newRow\"><\/div>\n<p><strong>Caracter\u00edsticas \u00fanicas<br \/>\n<\/strong><\/p>\n<ul class=\"normal\">\n<li>Aglomeraci\u00f3n nuclear<\/li>\n<li>Estratificaci\u00f3n<\/li>\n<li>Sin cilios ni z\u00f3nulas adherens identificados<\/li>\n<\/ul>\n<div class=\"chartColumnCell\"><a class=\"highslide\" href=\"\/gallery\/images_large\/slide0093.jpg\"><br \/>\n<img decoding=\"async\" title=\"Click to enlarge\" src=\"\/gallery\/images\/slide0093.jpg\" alt=\"Image 3\" border=\"0\" \/><\/a><\/p>\n<div class=\"highslide-caption\"><strong>Lesiones parecidas al adenocarcinoma endocervical <\/strong><br \/>\nEl alargamiento nuclear es claramente evidente en este grupo de c\u00e9lulas endocervicales at\u00edpicas. Se observa tambi\u00e9n la p\u00e9rdida de polaridad nuclear, la p\u00e9rdida de una estructura normal, la aglomeraci\u00f3n nuclear y el &#8220;amoldamiento&#8221; de los n\u00facleos. Observe las membranas nucleares planas en el punto en que se presionan unos contra otros (un signo de verdadera aglomeraci\u00f3n).<br \/>\nBiopsia: AIS. 60x<\/div>\n<\/div>\n<div class=\"newRow\"><\/div>\n<div class=\"chartColumnCell\"><a class=\"highslide\" href=\"\/gallery\/images_large\/slide0100.jpg\"><br \/>\n<img decoding=\"async\" title=\"Click to enlarge\" src=\"\/gallery\/images\/slide0100.jpg\" alt=\"Image 3\" border=\"0\" \/><\/a><\/p>\n<div class=\"highslide-caption\"><strong>Lesiones parecidas al adenocarcinoma endocervical<\/strong><br \/>\nAIS &#8211; Este aglomerado y estratificado grupo de c\u00e9lulas glandulares proviene de un caso de AIS. Observe el apilamiento de los n\u00facleos basales desde la capa inferior del epitelio. 60x<\/div>\n<\/div>\n<div class=\"newRow\"><\/div>\n<p class=\"header3\">Reparaci\u00f3n endocervical:<\/p>\n<p><strong>Tipo de c\u00e9lulas: <\/strong>Endocervicales<br \/>\n<strong>Presentaci\u00f3n del tejido <\/strong><\/p>\n<ul class=\"normal\">\n<li>Placa plana y suelta<\/li>\n<\/ul>\n<div class=\"chartColumnCell\"><a class=\"highslide\" href=\"\/gallery\/images_large\/slide0096.jpg\" name=\"pap\"><br \/>\n<img decoding=\"async\" title=\"Click to enlarge\" src=\"\/gallery\/images\/slide0096.jpg\" alt=\"Image 2\" border=\"0\" \/><\/a><\/p>\n<div class=\"highslide-caption\"><strong>Lesiones parecidas al adenocarcinoma endocervical<\/strong><br \/>\nReparaci\u00f3n &#8211; Observe la planaridad de este capa de c\u00e9lulas reparativas. Todos los n\u00facleos est\u00e1n en el mismo plano, sin que se produzca la aglomeraci\u00f3n nuclear caracter\u00edstica del AIS. Los n\u00facleos est\u00e1n uniformemente espaciados y son redondos a ovales, en lugar de alargados. 40x<\/div>\n<\/div>\n<div class=\"newRow\"><\/div>\n<div class=\"chartColumnCell\"><a class=\"highslide\" href=\"\/gallery\/images_large\/slide0075.jpg\"><br \/>\n<img decoding=\"async\" title=\"Click to enlarge\" src=\"\/gallery\/images\/slide0075.jpg\" alt=\"Image 2\" border=\"0\" \/><\/a><\/p>\n<div class=\"highslide-caption\"><strong>Lesiones parecidas al adenocarcinoma endocervical <\/strong><br \/>\nReparaci\u00f3n endocervical 40x<\/div>\n<\/div>\n<div class=\"newRow\"><\/div>\n<p><strong>Caracter\u00edsticas \u00fanicas <\/strong><\/p>\n<ul class=\"normal\">\n<li>Apariencia tisular de \u201cbanco de peces\u201d<\/li>\n<li>Baja relaci\u00f3n n\u00facleo\/citoplasma<\/li>\n<li>Nucleolos prominentes<\/li>\n<\/ul>\n<div class=\"chartColumnCell\"><a class=\"highslide\" href=\"\/gallery\/images_large\/slide0173.jpg\"><br \/>\n<img decoding=\"async\" title=\"Click to enlarge\" src=\"\/gallery\/images\/slide0173.jpg\" alt=\"Image 3\" border=\"0\" \/><\/a><\/p>\n<div class=\"highslide-caption\"><strong>Lesiones parecidas al adenocarcinoma endocervical<\/strong><br \/>\nLa reparaci\u00f3n muestra, a menudo, una estructura de &#8220;banco de peces&#8221;. La polaridad se mantiene y la relaci\u00f3n n\u00facleo\/citoplasma de las c\u00e9lulas se encuentra en el rango normal. 40X<\/div>\n<\/div>\n<div class=\"newRow\"><\/div>\n<div class=\"chartColumnCell\"><a class=\"highslide\" href=\"\/gallery\/images_large\/slide0181.jpg\"><br \/>\n<img decoding=\"async\" title=\"Click to enlarge\" src=\"\/gallery\/images\/slide0181.jpg\" alt=\"Image 3\" border=\"0\" \/><\/a><\/p>\n<div class=\"highslide-caption\"><strong>Lesiones parecidas al adenocarcinoma endocervical<\/strong><br \/>\nLa reparaci\u00f3n muestra, a menudo, contornos nucleares homog\u00e9neos y una polaridad mantenida dentro del grupo. 60x<\/div>\n<\/div>\n<div class=\"newRow\"><\/div>\n<div class=\"chartColumnCell\"><a class=\"highslide\" href=\"\/gallery\/images_large\/slide0180.jpg\"><br \/>\n<img decoding=\"async\" title=\"Click to enlarge\" src=\"\/gallery\/images\/slide0180.jpg\" alt=\"Image 3\" border=\"0\" \/><\/a><\/p>\n<div class=\"highslide-caption\"><strong>Lesiones parecidas al adenocarcinoma endocervical<\/strong><br \/>\nLa reparaci\u00f3n se puede presentar con nucleolos prominentes, algunos m\u00faltiples. 40x<\/div>\n<\/div>\n<div class=\"newRow\"><\/div>\n<div class=\"chartColumnCell\"><a class=\"highslide\" href=\"\/gallery\/images_large\/slide0182.jpg\"><br \/>\n<img decoding=\"async\" title=\"Click to enlarge\" src=\"\/gallery\/images\/slide0182.jpg\" alt=\"Image 3\" border=\"0\" \/><\/a><\/p>\n<div class=\"highslide-caption\"><strong>Lesiones parecidas al adenocarcinoma endocervical<\/strong><br \/>\nLa reparaci\u00f3n puede contener mitosis y macronucleolos. 60x<\/div>\n<\/div>\n<div class=\"newRow\"><\/div>\n<p class=\"header3\">Carcinoma celular escamoso no queratinizante<\/p>\n<p><strong>Presentaci\u00f3n del tejido<br \/>\n<\/strong><\/p>\n<ul class=\"normal\">\n<li>Predominantemente sincitial<\/li>\n<li>C\u00e9lulas aisladas dispersas<\/li>\n<\/ul>\n<div class=\"chartColumnCell\"><a class=\"highslide\" href=\"\/gallery\/images_large\/slide0064.jpg\"><br \/>\n<img decoding=\"async\" title=\"Click to enlarge\" src=\"\/gallery\/images\/slide0064.jpg\" alt=\"Image 3\" border=\"0\" \/><\/a><\/p>\n<div class=\"highslide-caption\"><strong>Lesiones parecidas al adenocarcinoma endocervical<br \/>\n<\/strong><br \/>\nLas c\u00e9lulas forman sincitios, peque\u00f1os grupos descohesionados o aparecen aisladas. 40x<\/div>\n<\/div>\n<div class=\"newRow\"><\/div>\n<div class=\"chartColumnCell\"><a class=\"highslide\" href=\"\/gallery\/images_large\/slide0056.jpg\"><br \/>\n<img decoding=\"async\" title=\"Click to enlarge\" src=\"\/gallery\/images\/slide0056.jpg\" alt=\"Image 2\" border=\"0\" \/><\/a><\/p>\n<div class=\"highslide-caption\"><strong> Lesiones parecidas al adenocarcinoma endocervical<br \/>\n<\/strong><br \/>\nCapa descohesionada de c\u00e9lulas escamosas malignas. Observe las vacuolas que pueden confundir el diagn\u00f3stico. 40x<\/div>\n<\/div>\n<div class=\"newRow\"><\/div>\n<p><strong>Cytoplasma<br \/>\n<\/strong><\/p>\n<ul class=\"normal\">\n<li>Vacuolado<\/li>\n<li>Cian\u00f3filo<\/li>\n<\/ul>\n<div class=\"chartColumnCell\"><a class=\"highslide\" href=\"\/gallery\/images_large\/slide0065.jpg\"><br \/>\n<img decoding=\"async\" title=\"Click to enlarge\" src=\"\/gallery\/images\/slide0065.jpg\" alt=\"Image 3\" border=\"0\" \/><\/a><\/p>\n<div class=\"highslide-caption\"><strong>Lesiones parecidas al adenocarcinoma endocervical<\/strong><\/p>\n<p>El citoplasma es cian\u00f3filo y puede aparecer densamente vacuolado. 40x<\/p><\/div>\n<\/div>\n<div class=\"newRow\"><\/div>\n<p><strong>Membrana nuclear<br \/>\n<\/strong><\/p>\n<ul class=\"normal\">\n<li>Prominentes irregularidades en la membrana<\/li>\n<\/ul>\n<div class=\"chartColumnCell\"><a class=\"highslide\" href=\"\/gallery\/images_large\/slide0076.jpg\"><img decoding=\"async\" title=\"Click to enlarge\" src=\"\/gallery\/images\/slide0076.jpg\" alt=\"Image 3\" border=\"0\" \/><\/a><\/p>\n<div class=\"highslide-caption\"><strong> Lesiones parecidas al adenocarcinoma endocervical<br \/>\n<\/strong><br \/>\nCarcinoma celular escamoso con participaci\u00f3n del cuello glandular. 60x<\/div>\n<\/div>\n<div class=\"newRow\"><\/div>\n<p><strong>Cromatina<br \/>\n<\/strong><\/p>\n<ul class=\"normal\">\n<li>Gruesa y distribuida irregularmente, con aclaramiento de paracromatina definido<\/li>\n<\/ul>\n<div class=\"chartColumnCell\"><a class=\"highslide\" href=\"\/gallery\/images_large\/slide0067.jpg\"><br \/>\n<img decoding=\"async\" title=\"Click to enlarge\" src=\"\/gallery\/images\/slide0067.jpg\" alt=\"Image 2\" border=\"0\" \/><\/a><\/p>\n<div class=\"highslide-caption\"><strong> Lesiones parecidas al adenocarcinoma endocervical<\/strong><\/p>\n<p>La cromatina es gruesa y distribuida de forma no uniforme (aclaramiento de paracromatina). 60x<\/p><\/div>\n<\/div>\n<div class=\"newRow\"><\/div>\n<p><strong>Nucleolos<br \/>\n<\/strong><\/p>\n<ul class=\"normal\">\n<li>Macronucleolos prominentes<\/li>\n<\/ul>\n<div class=\"chartColumnCell\"><a class=\"highslide\" href=\"\/gallery\/images_large\/slide0068.jpg\"><br \/>\n<img decoding=\"async\" title=\"Click to enlarge\" src=\"\/gallery\/images\/slide0068.jpg\" alt=\"Image 2\" border=\"0\" \/><\/a><\/p>\n<div class=\"highslide-caption\"><strong> Lesiones parecidas al adenocarcinoma endocervical<\/strong><\/p>\n<p>Puede observarse la presencia de macronucleolos. 60x<\/p><\/div>\n<\/div>\n<\/div>\n<div class=\"newRow\"><\/div>\n<p><a class=\"back\" href=\"#\">Volver arriba<\/a><\/p>\n<\/div>\n<p>[\/vc_column_text][\/vc_column][vc_column width=&#8221;1\/3&#8243;][vc_widget_sidebar sidebar_id=&#8221;consulting-right-sidebar2&#8243;][\/vc_column][\/vc_row]<\/p>\n","protected":false},"excerpt":{"rendered":"<p>[vc_row][vc_column][vc_custom_heading text=&#8221;Informaci\u00f3n glandular &#8211; Adenocarcinoma endocervical&#8221; font_container=&#8221;tag:h2|text_align:center&#8221; use_theme_fonts=&#8221;yes&#8221;][\/vc_column][\/vc_row][vc_row][vc_column width=&#8221;2\/3&#8243;][vc_column_text] Adenocarcinoma endocervical Recordatorio: Puede clicar en cualquier imagen para una visi\u00f3n ampliada Criterios Presentaci\u00f3n del tejido Escasas c\u00e9lulas aisladas y grupos y placas bidimensionales Contorno del grupo bien definido (bordes dentados) Adenocarcinoma endocervical Las c\u00e9lulas aparecen en grupos tridimensionales, placas bidimensionales y asiladamente. 60x Adenocarcinoma endocervical<\/p>\n","protected":false},"author":7,"featured_media":0,"parent":0,"menu_order":0,"comment_status":"closed","ping_status":"closed","template":"","meta":{"ngg_post_thumbnail":0,"footnotes":""},"class_list":["post-11337","page","type-page","status-publish","hentry"],"_links":{"self":[{"href":"https:\/\/stage.cytologystuff.com\/es\/wp-json\/wp\/v2\/pages\/11337","targetHints":{"allow":["GET"]}}],"collection":[{"href":"https:\/\/stage.cytologystuff.com\/es\/wp-json\/wp\/v2\/pages"}],"about":[{"href":"https:\/\/stage.cytologystuff.com\/es\/wp-json\/wp\/v2\/types\/page"}],"author":[{"embeddable":true,"href":"https:\/\/stage.cytologystuff.com\/es\/wp-json\/wp\/v2\/users\/7"}],"replies":[{"embeddable":true,"href":"https:\/\/stage.cytologystuff.com\/es\/wp-json\/wp\/v2\/comments?post=11337"}],"version-history":[{"count":0,"href":"https:\/\/stage.cytologystuff.com\/es\/wp-json\/wp\/v2\/pages\/11337\/revisions"}],"wp:attachment":[{"href":"https:\/\/stage.cytologystuff.com\/es\/wp-json\/wp\/v2\/media?parent=11337"}],"curies":[{"name":"wp","href":"https:\/\/api.w.org\/{rel}","templated":true}]}}