{"id":1926,"date":"2017-07-31T17:49:22","date_gmt":"2017-07-31T17:49:22","guid":{"rendered":"http:\/\/cytologystuff1.wpengine.com\/gyn-atlas-table-of-contents\/low-grade-squamous-intraepithelial-lesion\/"},"modified":"2017-11-15T06:59:17","modified_gmt":"2017-11-15T06:59:17","slug":"low-grade-squamous-intraepithelial-lesion","status":"publish","type":"page","link":"https:\/\/stage.cytologystuff.com\/es\/gyn-atlas-table-of-contents\/low-grade-squamous-intraepithelial-lesion\/","title":{"rendered":"LESI\u00d3N INTRAEPITELIAL ESCAMOSA DE BAJO GRADO (LSIL)"},"content":{"rendered":"<p>[vc_row 0=&#8221;&#8221;][vc_column 0=&#8221;&#8221; offset=&#8221;vc_hidden-lg vc_hidden-md&#8221;][vc_raw_html 0=&#8221;&#8221;]PGNlbnRlcj48YSBjbGFzcz0ic2hpZnRuYXYtdG9nZ2xlIHNoaWZ0bmF2LXRvZ2dsZS1idXR0b24iIGRhdGEtc2hpZnRuYXYtdGFyZ2V0PSJzaGlmdG5hdi1tYWluIj48aSBjbGFzcz0iZmEgZmEtYmFycyI+PC9pPiBUYWJsZSBvZiBDb250ZW50cyA8L2E+PC9jZW50ZXI+[\/vc_raw_html][\/vc_column][\/vc_row][vc_row][vc_column][vc_custom_heading text=&#8221;LESI\u00d3N INTRAEPITELIAL ESCAMOSA DE BAJO GRADO (LSIL) &#8221; font_container=&#8221;tag:h1|text_align:center&#8221; use_theme_fonts=&#8221;yes&#8221;][\/vc_column][\/vc_row][vc_row el_id=&#8221;acknowledgements&#8221;][vc_column width=&#8221;2\/3&#8243;][vc_column_text]<strong> LESI\u00d3N INTRAEPITELIAL ESCAMOSA DE BAJO GRADO (LSIL) <\/strong><br \/>\n<em>Diane D. Davey, MD<br \/>\n<\/em><\/p>\n<p>La displasia escamosa est\u00e1 caracterizada por la presencia de por lo menos alguna caracter\u00edstica escamosa en el citoplasma de las c\u00e9lulas at\u00edpicas&#8221; (Lectura recomendada 1). El grado de displasia refleja la madurez de las c\u00e9lulas implicadas. Por ejemplo, las c\u00e9lulas de una displasia leve se parecen a c\u00e9lulas de metaplasia madura, superficiales e intermedias mientras que el epitelio m\u00e1s severamente displ\u00e1sico refleja un epitelio normal menos maduro como son c\u00e9lulas de tipo parabasal y\/o met\u00e1plasicas inmaduras. Con el surgir del &#8220;The Bethesda System for Classification of Cervical Vaginal Diagnoses&#8221; el uso del t\u00e9rmino &#8220;displasia&#8221; disminuye en favor de lesiones intraepiteliales escamosas de bajo grado (LSIL) o lesiones intraepiteliales escamosas de alto grado (HSIL). Nosotros utilizaremos la terminolog\u00eda del Sistema Bethesda a lo largo de este atlas.<\/p>\n<p>La morfolog\u00eda del LSIL (incluyendo los cambios asociados al virus del papiloma humano HPV) en el portaobjetos del ThinPrep es esencialmente id\u00e9ntica al LSIL en una extensi\u00f3n convencional. En parte estas similitudes se deben a la capacidad de la c\u00e9lula escamosa madura de mantener su integridad a pesar de una fijaci\u00f3n inadecuada o artefacto de extendido inherente en la extensi\u00f3n convencional. Esta integridad es el resultado de la rigidez celular debido a la queratinizaci\u00f3n citoplasm\u00e1tica<\/p>\n<p>A causa de su morfolog\u00eda, las c\u00e9lulas derivadas de lesiones de bajo grado est\u00e1n entre las anomal\u00edas intraepiteliales m\u00e1s localizadas y reconocidas. En comparaci\u00f3n, los n\u00facleos con LSIL son mayores y tienen una relaci\u00f3n N\/C menor que un HSIL o un Carcinoma. Estas c\u00e9lulas tienen mayor atipia nuclear que un ASCUS, que aparece como un aumento en el tama\u00f1o nuclear, cromatina irregular e irregularidades en la membrana nuclear. Los n\u00facleos pueden ocasionalmente no son tan hipercrom\u00e1ticos como en la extensi\u00f3n convencional, pero son siempre hipercrom\u00e1ticos en comparaci\u00f3n a las c\u00e9lulas normales que las rodean. Los cambios asociados al HPV (p.e. cavitaci\u00f3n del citoplasma) son m\u00e1s prominentes debido a la fijaci\u00f3n h\u00fameda as\u00ed como la t\u00e9cnica de transferencia, que elimina la distorsi\u00f3n celular provocada por el m\u00e9todo de extensi\u00f3n convencional. El m\u00e9todo ThinPrep preserva mejor estos cambios celulares permitiendo una diferenciaci\u00f3n m\u00e1s f\u00e1cil entre las verdaderas cavitaciones citoplasm\u00e1ticas inducidas por el HPV y las vacuolas benignas\/degenerativas y\/o las c\u00e9lulas escamosas llenas de gluc\u00f3geno.<\/p>\n<p style=\"padding-left: 7px;\"><a style=\"width: 300px; display: block;\"><img loading=\"lazy\" decoding=\"async\" id=\"selfAssessImg\" src=\"\/images\/button27h.gif\" width=\"400\" height=\"40\" \/><\/a><\/p>\n<div class=\"highslide-gallery\"><strong>Nota: Puede clicar en cualquier imagen del<br \/>\nAtlas para ver la imagen aumentada<\/strong><\/p>\n<div class=\"chartColumnCell\"><a class=\"highslide\" href=\"\/gallery\/images_large\/slide0039.jpg\" name=\"pap\"><br \/>\n<img decoding=\"async\" title=\"Click to enlarge\" src=\"\/gallery\/images\/slide0039.jpg\" alt=\"Image 1\" border=\"0\" \/><\/a><\/p>\n<div class=\"highslide-caption\"><strong>Extension convencional<\/strong><br \/>\nLSIL<\/div>\n<\/div>\n<div class=\"chartColumnShortCell\"><strong>Extension convencional<\/strong><br \/>\nLSIL<\/div>\n<div class=\"newRow\"><\/div>\n<div class=\"chartColumnCell\"><a class=\"highslide\" href=\"\/gallery\/images_large\/slide0040.jpg\"><br \/>\n<img decoding=\"async\" title=\"Click to enlarge\" src=\"\/gallery\/images\/slide0040.jpg\" alt=\"Image 2\" border=\"0\" \/><\/a><\/p>\n<div class=\"highslide-caption\"><strong>ThinPrep Pap Test<\/strong><br \/>\nLSIL<\/div>\n<\/div>\n<div class=\"chartColumnShortCell\"><strong>ThinPrep Pap Test<\/strong><br \/>\nLSIL<\/div>\n<div class=\"newRow\"><\/div>\n<div class=\"chartColumnCell\"><a class=\"highslide\" href=\"\/gallery\/images_large\/slide0041.jpg\"><br \/>\n<img decoding=\"async\" title=\"Click to enlarge\" src=\"\/gallery\/images\/slide0041.jpg\" alt=\"Image 3\" border=\"0\" \/><\/a><\/p>\n<div class=\"highslide-caption\"><strong>Biopsy<\/strong><br \/>\nCIN1<br \/>\nMismo paciente, muestra partida<\/div>\n<\/div>\n<div class=\"chartColumnShortCell\"><strong>Biopsy<\/strong><br \/>\nCIN1<br \/>\nMismo paciente, muestra partida<\/div>\n<div class=\"newRow\"><\/div>\n<div class=\"chartColumnCell\"><a class=\"highslide\" href=\"\/gallery\/images_large\/slide0042.jpg\"><br \/>\n<img decoding=\"async\" title=\"Click to enlarge\" src=\"\/gallery\/images\/slide0042.jpg\" alt=\"Image 4\" border=\"0\" \/><\/a><\/p>\n<div class=\"highslide-caption\"><strong>LSIL<\/strong><br \/>\nLas c\u00e9lulas tienen diferentes bordes citoplasm\u00e1ticos indicando c\u00e9lulas maduras escamosas y metapl\u00e1sicas. 60X<\/div>\n<\/div>\n<div class=\"chartColumnShortCell\"><strong>LSIL<\/strong><br \/>\nLas c\u00e9lulas tienen diferentes bordes citoplasm\u00e1ticos indicando c\u00e9lulas maduras escamosas y metapl\u00e1sicas. 60X<\/div>\n<div class=\"newRow\"><\/div>\n<div class=\"chartColumnCell\"><a class=\"highslide\" href=\"\/gallery\/images_large\/slide0043.jpg\"><br \/>\n<img decoding=\"async\" title=\"Click to enlarge\" src=\"\/gallery\/images\/slide0043.jpg\" alt=\"Image 5\" border=\"0\" \/><\/a><\/p>\n<div class=\"highslide-caption\"><strong>LSIL<\/strong><br \/>\nLas c\u00e9lulas aparecen predominantemente aisladas, en placas o en grupos adoquinados. 60X<\/div>\n<\/div>\n<div class=\"chartColumnShortCell\"><strong>LSIL<\/strong><br \/>\nLas c\u00e9lulas aparecen predominantemente aisladas, en placas o en grupos adoquinados.60X<\/div>\n<div class=\"newRow\"><\/div>\n<div class=\"chartColumnCell\"><a class=\"highslide\" href=\"\/gallery\/images_large\/slide0044.jpg\"><br \/>\n<img decoding=\"async\" title=\"Click to enlarge\" src=\"\/gallery\/images\/slide0044.jpg\" alt=\"Image 6\" border=\"0\" \/><\/a><\/p>\n<div class=\"highslide-caption\"><strong>LSIL<\/strong><br \/>\nLos n\u00facleos est\u00e1n agrandados al menos 3-4 veces el tama\u00f1o del n\u00facleo de una c\u00e9lula intermedia normal. 60X<\/div>\n<\/div>\n<div class=\"chartColumnShortCell\"><strong>LSIL<\/strong><br \/>\nLos n\u00facleos est\u00e1n agrandados al menos 3-4 veces el tama\u00f1o del n\u00facleo de una c\u00e9lula intermedia normal. 60X<\/div>\n<div class=\"newRow\"><\/div>\n<div class=\"chartColumnCell\"><a class=\"highslide\" href=\"\/gallery\/images_large\/slide0045.jpg\"><br \/>\n<img decoding=\"async\" title=\"Click to enlarge\" src=\"\/gallery\/images\/slide0045.jpg\" alt=\"Image 7\" border=\"0\" \/><\/a><\/p>\n<div class=\"highslide-caption\"><strong>LSIL<\/strong><br \/>\nLos n\u00facleos variar\u00e1n en tama\u00f1o y forma. 60X<\/div>\n<\/div>\n<div class=\"chartColumnShortCell\"><strong>LSIL<\/strong><br \/>\nLos n\u00facleos variar\u00e1n en tama\u00f1o y forma. 60X<\/div>\n<div class=\"newRow\"><\/div>\n<div class=\"chartColumnCell\"><a class=\"highslide\" href=\"\/gallery\/images_large\/slide0046.jpg\"><br \/>\n<img decoding=\"async\" title=\"Click to enlarge\" src=\"\/gallery\/images\/slide0046.jpg\" alt=\"Image 8\" border=\"0\" \/><\/a><\/p>\n<div class=\"highslide-caption\"><strong>LSIL<\/strong><br \/>\nLa binucleaci\u00f3n o multinucleaci\u00f3n puede ser evidente con la presencia de los efectos del HPV 60X<\/div>\n<\/div>\n<div class=\"chartColumnShortCell\"><strong>LSIL<\/strong><br \/>\nLa binucleaci\u00f3n o multinucleaci\u00f3n puede ser evidente con la presencia de los efectos del HPV 60X<\/div>\n<div class=\"newRow\"><\/div>\n<div class=\"chartColumnCell\"><a class=\"highslide\" href=\"\/gallery\/images_large\/slide0047.jpg\"><br \/>\n<img decoding=\"async\" title=\"Click to enlarge\" src=\"\/gallery\/images\/slide0047.jpg\" alt=\"Image 9\" border=\"0\" \/><\/a><\/p>\n<div class=\"highslide-caption\"><strong>LSIL<\/strong><br \/>\nLos n\u00facleos tienen una membrana nuclear lisa a ligeramente irregular. 60X<\/div>\n<\/div>\n<div class=\"chartColumnShortCell\"><strong>LSIL<\/strong><br \/>\nLos n\u00facleos tienen una membrana nuclear lisa a ligeramente irregular. 60X<\/div>\n<div class=\"newRow\"><\/div>\n<div class=\"chartColumnCell\"><a class=\"highslide\" href=\"\/gallery\/images_large\/slide0031.jpg\"><br \/>\n<img decoding=\"async\" title=\"Click to enlarge\" src=\"\/gallery\/images\/slide0031.jpg\" alt=\"Image 10\" border=\"0\" \/><\/a><\/p>\n<div class=\"highslide-caption\"><strong>LSIL<\/strong><br \/>\nLa cromatina es ligeramente m\u00e1s grosera pero homog\u00e9neamente distribuida -puede aparecer degenerada o &#8220;manchada&#8221; si los efectos citop\u00e1ticos del HPV son evidentes 60X<\/div>\n<\/div>\n<div class=\"chartColumnShortCell\"><strong>LSIL<\/strong><br \/>\nLa cromatina es ligeramente m\u00e1s grosera pero homog\u00e9neamente distribuida -puede aparecer degenerada o &#8220;manchada&#8221; si los efectos citop\u00e1ticos del HPV son evidentes 60X<\/div>\n<div class=\"newRow\"><\/div>\n<div class=\"chartColumnCell\"><a class=\"highslide\" href=\"\/gallery\/images_large\/slide0032.jpg\"><br \/>\n<img decoding=\"async\" title=\"Click to enlarge\" src=\"\/gallery\/images\/slide0032.jpg\" alt=\"Image 11\" border=\"0\" \/><\/a><\/p>\n<div class=\"highslide-caption\"><strong>LSIL<\/strong><br \/>\nAparece ligera hipercromasia 60X<\/div>\n<\/div>\n<div class=\"chartColumnShortCell\"><strong>LSIL<\/strong><br \/>\nAparece ligera hipercromasia 60X<\/div>\n<div class=\"newRow\"><\/div>\n<div class=\"chartColumnCell\"><a class=\"highslide\" href=\"\/gallery\/images_large\/slide0033.jpg\"><br \/>\n<img decoding=\"async\" title=\"Click to enlarge\" src=\"\/gallery\/images\/slide0033.jpg\" alt=\"Image 12\" border=\"0\" \/><\/a><\/p>\n<div class=\"highslide-caption\"><strong>LSIL<\/strong><br \/>\nLas c\u00e9lulas escamosas deben aparecer con cavitaciones citoplasm\u00e1ticas claras, bien definidas, con un borde denso perif\u00e9rico de citoplasma siguiendo los criterios anteriores para ser diagnosticado como LSIL con cambios citop\u00e1ticos por HPV 60X<\/div>\n<\/div>\n<div class=\"chartColumnShortCell\"><strong>LSIL<\/strong><br \/>\nLas c\u00e9lulas escamosas deben aparecer con cavitaciones citoplasm\u00e1ticas claras, bien definidas, con un borde denso perif\u00e9rico de citoplasma siguiendo los criterios anteriores para ser diagnosticado como LSIL con cambios citop\u00e1ticos por HPV 60X<\/div>\n<div class=\"newRow\"><\/div>\n<div class=\"chartColumnCell\"><a class=\"highslide\" href=\"\/gallery\/images_large\/slide0034.jpg\"><br \/>\n<img decoding=\"async\" title=\"Click to enlarge\" src=\"\/gallery\/images\/slide0034.jpg\" alt=\"Image 13\" border=\"0\" \/><\/a><\/p>\n<div class=\"highslide-caption\"><strong>Gluc\u00f3geno<\/strong><br \/>\nGrandes halos perinucleares o vacuolas sin los anteriores criterios no se clasifican dentro de esta categor\u00eda. 40X<\/div>\n<\/div>\n<div class=\"chartColumnShortCell\"><strong>Gluc\u00f3geno<\/strong><br \/>\nGrandes halos perinucleares o vacuolas sin los anteriores criterios no se clasifican dentro de esta categor\u00eda. 40X<\/div>\n<\/div>\n<div class=\"newRow\"><\/div>\n<p><a name=\"assess\"><\/a><br \/>\nComo las c\u00e9lulas son c\u00e9lulas escamosas maduras, mantienen su forma poligonal y la mayor parte mantienen su tama\u00f1o normal. Los n\u00facleos est\u00e1n aumentados al menos 3-4 veces el tama\u00f1o del n\u00facleo de una c\u00e9lula intermedia. Sin embargo, cuando los cambios por HPV son evidentes, las c\u00e9lulas pueden ser m\u00e1s peque\u00f1as (casi paraquerat\u00f3ticas) y los n\u00facleos pueden ser tambi\u00e9n m\u00e1s peque\u00f1os y algo picn\u00f3ticos presentando binucleaci\u00f3n y\/o multinucleaci\u00f3n. Estos n\u00facleos picn\u00f3ticos presentar\u00e1n tambi\u00e9n caracter\u00edsticas at\u00edpicas como hipercromasia, aumento de tama\u00f1o respecto al de una c\u00e9lula escamosa superficial normal y una ligera variaci\u00f3n en tama\u00f1o y forma. Es importante recalcar que una interpretaci\u00f3n de LSIL\/HPV requiere cavitaciones citoplasm\u00e1ticas acompa\u00f1adas de la morfolog\u00eda at\u00edpica descrita anteriormente.<\/p>\n<p>Algunos casos de SIL presentan una mezcla de c\u00e9lulas de LSIL y HSIL, y al interpretar el ThinPrep la anomal\u00eda m\u00e1s severa debe tener preferencia. A veces es dif\u00edcil distinguir el LSIL del HSIL. Las caracter\u00edsticas a favor del HSIL incluyen una elevada relaci\u00f3n N\/C, citoplasma inmaduro, y mayores atipias nucleares. Pocos casos de SIL no pueden ser clasificados debido a la escasez de c\u00e9lulas at\u00edpicas o criterios verdaderamente intermedios. Estos casos puede ser m\u00e1s probable que progresen, y una interpretaci\u00f3n de &#8220;SIL, el grado no se puede determinar&#8221; o terminolog\u00eda similar es la m\u00e1s prudente. Mientras los estudios de seguimiento con biopsia de LSIL TP mostrar\u00e1n m\u00e1s frecuentemente cambios de bajo grado en la biopsia., un 15-20% de los casos de LSIL son seguidos por biopsias de alto grado .<\/p>\n<p>&nbsp;<\/p>\n<div class=\"highslide-gallery\"><strong>Nota: Puede clicar en cualquier imagen del<br \/>\nAtlas para ver la imagen aumentada<\/strong><\/p>\n<div class=\"chartColumnCell\"><a class=\"highslide\" href=\"\/gallery\/images_large\/slide0035.jpg\"><br \/>\n<img decoding=\"async\" title=\"Click to enlarge\" src=\"\/gallery\/images\/slide0035.jpg\" alt=\"Image 14\" border=\"0\" \/><\/a><\/p>\n<div class=\"highslide-caption\"><strong>LSIL<\/strong><br \/>\nLSIL acompa\u00f1ado de un organismo (Candida en este caso) sin embargo es f\u00e1cilmente identificable con el ThinPrep Pap Test. 60X<\/div>\n<\/div>\n<div class=\"chartColumnShortCell\"><strong>LSIL<\/strong><br \/>\nLSIL acompa\u00f1ado de un organismo (Candida en este caso) sin embargo es f\u00e1cilmente identificable con el ThinPrep Pap Test. 60X<\/div>\n<\/div>\n<div class=\"newRow\"><\/div>\n<p class=\"subhead\">ENTIDADES PARECIDAS (Diagn\u00f3sticos diferenciales):<\/p>\n<p>El LSIL tiene unas pocas entidades clave parecidas, aunque son algo m\u00e1s f\u00e1cil de diferenciar porque la inmediata fijaci\u00f3n con el ThinPrep\u00ae Pap Test tiene como resultado una mejor visualizaci\u00f3n de las c\u00e9lulas y sus caracter\u00edsticas. Para los criterios diferenciales e im\u00e1genes entre LSIL y ASCUS, remitirse al cap\u00edtulo del ASCUS.<\/p>\n<table class=\"chart\">\n<tbody>\n<tr class=\"chart\">\n<td width=\"152\"><\/td>\n<td class=\"heading\" width=\"136\">REACTIVO<br \/>\n(organismos o inflamaci\u00f3n)<\/td>\n<td class=\"heading\" width=\"88\">REPARACI\u00d3N<br \/>\n(t\u00edpica)<\/td>\n<td class=\"heading\" width=\"88\">LSIL<br \/>\n(HPV)<\/td>\n<\/tr>\n<tr>\n<td class=\"chart\">Presentaci\u00f3n Celular<\/td>\n<td class=\"chart\">Sueltas o en placas.<\/td>\n<td class=\"chart\">Placas planas y grupos<\/td>\n<td class=\"chart\">Sueltas o en placas.<\/td>\n<\/tr>\n<tr class=\"chart\">\n<td class=\"chart\">Tipo de C\u00e9lula<\/td>\n<td class=\"chart\">Afectados todos los tipos de c\u00e9lulas<\/td>\n<td class=\"chart\">C\u00e9lulas Endocervicales \/ metapl\u00e1sicas<\/td>\n<td class=\"chart\">C\u00e9lulas escamosas Maduras<\/td>\n<\/tr>\n<tr>\n<td class=\"chart\">N\u00facleos<\/td>\n<td class=\"chart\">Aumentados unas 1.5 veces<\/p>\n<hr \/>\n<p>Puede haber binucleaci\u00f3n<br \/>\n\/multinucleaci\u00f3n<\/p>\n<hr \/>\n<p>Membranas Nucleares suaves<\/td>\n<td class=\"chart\">Aumento variable. De leve a marcado<\/p>\n<hr \/>\n<p>Puede haber binucleaci\u00f3n<br \/>\n\/multinucleaci\u00f3n<\/p>\n<hr \/>\n<p>Membranas Nucleares suaves<\/td>\n<td class=\"chart\">Aumentado al menos 3-4 veces<\/p>\n<hr \/>\n<p>Puede haber binucleaci\u00f3n\/<br \/>\nmultinucleaci\u00f3n con HPV<\/p>\n<hr \/>\n<p>Membranas nucleares suaves o ligeramente irregulares<\/td>\n<\/tr>\n<tr class=\"chart\">\n<td class=\"chart\">Cromatina<\/td>\n<td class=\"chart\">Finamente granular, homog\u00e9neamente distribuida<\/p>\n<hr \/>\n<p>Hipercromasia no evidente<\/td>\n<td class=\"chart\">Finamente granular, homog\u00e9neamente distribuida<\/p>\n<hr \/>\n<p>Hipercromasia no evidente<\/td>\n<td class=\"chart\">Finamente a groseramente granular, homog\u00e9neamente distribuida.<\/p>\n<hr \/>\n<p>Ligeramente hipercrom\u00e1ticos<\/td>\n<\/tr>\n<tr>\n<td class=\"chart\">Nucleolos<\/td>\n<td class=\"chart\">Peque\u00f1os y a menudo m\u00faltiples, uniformes<\/td>\n<td class=\"chart\">Peque\u00f1os o visibles y a menudo m\u00faltiples<\/td>\n<td class=\"chart\">Discreto o ausente<\/td>\n<\/tr>\n<tr class=\"chart\">\n<td class=\"chart\">Presentaci\u00f3n Citoplasm\u00e1tica<\/td>\n<td class=\"chart\">Halos perinucleares a menudo presentes, peque\u00f1as pueden ser evidentes vacuolas m\u00faltiples debido a degeneraci\u00f3n<\/td>\n<td class=\"chart\">Citoplasma vacuolado con presentaci\u00f3n de tejido aislado<\/td>\n<td class=\"chart\">Denso, de forma poligonal con o sin cavitaci\u00f3n por HPV bien definida y con un borde perif\u00e9rico denso de citoplasma<\/td>\n<\/tr>\n<\/tbody>\n<\/table>\n<p>&nbsp;<\/p>\n<div class=\"highslide-gallery\"><strong>Nota: Puede clicar en cualquier imagen del<br \/>\nAtlas para ver la imagen aumentada<\/strong><\/p>\n<div class=\"chartColumnCell\"><a class=\"highslide\" href=\"\/gallery\/images_large\/slide0036.jpg\"><br \/>\n<img decoding=\"async\" title=\"Click to enlarge\" src=\"\/gallery\/images\/slide0036.jpg\" alt=\"Image 15\" border=\"0\" \/><\/a><\/p>\n<div class=\"highslide-caption\"><strong>Diagn\u00f3stico diferencial<\/strong><br \/>\nReactivo 60X<\/div>\n<\/div>\n<div class=\"chartColumnShortCell\"><strong>Diagn\u00f3stico diferencial<\/strong><br \/>\nReactivo 60X<\/div>\n<div class=\"newRow\"><\/div>\n<div class=\"chartColumnCell\"><a class=\"highslide\" href=\"\/gallery\/images_large\/slide0037.jpg\"><br \/>\n<img decoding=\"async\" title=\"Click to enlarge\" src=\"\/gallery\/images\/slide0037.jpg\" alt=\"Image 16\" border=\"0\" \/><\/a><\/p>\n<div class=\"highslide-caption\"><strong>Diagn\u00f3stico diferencial<\/strong><br \/>\nReparaci\u00f3n 60x<\/div>\n<\/div>\n<div class=\"chartColumnShortCell\"><strong>Diagn\u00f3stico diferencial<\/strong><br \/>\nReparaci\u00f3n 60x<\/div>\n<div class=\"newRow\"><\/div>\n<div class=\"chartColumnCell\"><a class=\"highslide\" href=\"\/gallery\/images_large\/slide0038.jpg\"><br \/>\n<img decoding=\"async\" title=\"Click to enlarge\" src=\"\/gallery\/images\/slide0038.jpg\" alt=\"Image 17\" border=\"0\" \/><\/a><\/p>\n<div class=\"highslide-caption\"><strong>Diagn\u00f3stico diferencial<\/strong><br \/>\nLSIL\/HPV 60X<\/div>\n<\/div>\n<div class=\"chartColumnShortCell\"><strong>Diagn\u00f3stico diferencial<\/strong><br \/>\nLSIL\/HPV 60X<\/div>\n<\/div>\n<div class=\"newRow\"><\/div>\n<p><a name=\"readings\"><\/a><strong>LECTURAS RECOMENDADAS:<\/strong><\/p>\n<ol class=\"normal\">\n<li>Austin RM: Follow-up of Abnormal Gynecologic Cytology. A College of American Patholgists Q-Probes Study of 16,312 Cases from 306 Laboratories. Arch Pathol Lab Med 2000;124(8):1113-4<\/li>\n<li>Carpenter AB, Davey D: ThinPrep Pap Test: performance and biopsy follow-up in a university hospital. Cancer 1999;41:39-44.<\/li>\n<li>DeMay RM: The Art and Science of Cytopathology. Chicago: ASCP Press; 1996<\/li>\n<li>Diaz-Rosario LA et al: Performance of a fluid-based, thin-layer Papanicolaou smear method in the clinical setting of an independent laboratory and an outpatient screening population in New England. Arch Pathol Lab Med 1999; Sep 123(9):817-21.<\/li>\n<li>Grace, A, et al: Comparative study: Conventional cervical and ThinPrep Pap Tests in a routine clinical setting. Cytopathol 2002;13:200-05.<\/li>\n<li>Guidos BJ, Selvaggi SM: Use of the ThinPrep Pap Test inclinical practice. Diagn Cytopathol 1999;20:70-73.<\/li>\n<li>Lee KR et al: Comparison of conventional Papanicolaou smears and a fluid-based, thin-layer system for cervical cancer screening. Obstet Gynecol 1997;90:278-284.<\/li>\n<li>Luthra, UH, et al: Performance of monolayered cervical smears in a gynecology outpatient setting in Kuwait. Acta Cytol 2001; 46(2):303-10.<\/li>\n<li>Weintraub J, Morabia A: Efficacy of a liquid-based thin layer method for cervical cancer screening in a population with a low incidence of cervical cancer. Diagn Cytopathol 2000 Jan;22(1):52-9.<\/li>\n<\/ol>\n<p><a href=\"#top\">Volver arriba<\/a>[\/vc_column_text][vc_column_text css=&#8221;.vc_custom_1500390293825{margin-top: 30px !important;}&#8221; el_class=&#8221;back-to-top&#8221;]<strong><a href=\"#main\">Back to Top<\/a><\/strong>[\/vc_column_text][\/vc_column][vc_column width=&#8221;1\/3&#8243; offset=&#8221;vc_hidden-sm vc_hidden-xs&#8221;][vc_widget_sidebar sidebar_id=&#8221;consulting-right-sidebar&#8221;][\/vc_column][\/vc_row]<\/p>\n","protected":false},"excerpt":{"rendered":"<p>[vc_row 0=&#8221;&#8221;][vc_column 0=&#8221;&#8221; offset=&#8221;vc_hidden-lg vc_hidden-md&#8221;][vc_raw_html 0=&#8221;&#8221;]PGNlbnRlcj48YSBjbGFzcz0ic2hpZnRuYXYtdG9nZ2xlIHNoaWZ0bmF2LXRvZ2dsZS1idXR0b24iIGRhdGEtc2hpZnRuYXYtdGFyZ2V0PSJzaGlmdG5hdi1tYWluIj48aSBjbGFzcz0iZmEgZmEtYmFycyI+PC9pPiBUYWJsZSBvZiBDb250ZW50cyA8L2E+PC9jZW50ZXI+[\/vc_raw_html][\/vc_column][\/vc_row][vc_row][vc_column][vc_custom_heading text=&#8221;LESI\u00d3N INTRAEPITELIAL ESCAMOSA DE BAJO GRADO (LSIL) &#8221; font_container=&#8221;tag:h1|text_align:center&#8221; use_theme_fonts=&#8221;yes&#8221;][\/vc_column][\/vc_row][vc_row el_id=&#8221;acknowledgements&#8221;][vc_column width=&#8221;2\/3&#8243;][vc_column_text] LESI\u00d3N INTRAEPITELIAL ESCAMOSA DE BAJO GRADO (LSIL) Diane D. Davey, MD La displasia escamosa est\u00e1 caracterizada por la presencia de por lo menos alguna caracter\u00edstica escamosa en el citoplasma de las c\u00e9lulas at\u00edpicas&#8221; (Lectura recomendada 1). El<\/p>\n","protected":false},"author":3,"featured_media":0,"parent":1892,"menu_order":0,"comment_status":"closed","ping_status":"closed","template":"","meta":{"ngg_post_thumbnail":0,"footnotes":""},"class_list":["post-1926","page","type-page","status-publish","hentry"],"_links":{"self":[{"href":"https:\/\/stage.cytologystuff.com\/es\/wp-json\/wp\/v2\/pages\/1926","targetHints":{"allow":["GET"]}}],"collection":[{"href":"https:\/\/stage.cytologystuff.com\/es\/wp-json\/wp\/v2\/pages"}],"about":[{"href":"https:\/\/stage.cytologystuff.com\/es\/wp-json\/wp\/v2\/types\/page"}],"author":[{"embeddable":true,"href":"https:\/\/stage.cytologystuff.com\/es\/wp-json\/wp\/v2\/users\/3"}],"replies":[{"embeddable":true,"href":"https:\/\/stage.cytologystuff.com\/es\/wp-json\/wp\/v2\/comments?post=1926"}],"version-history":[{"count":0,"href":"https:\/\/stage.cytologystuff.com\/es\/wp-json\/wp\/v2\/pages\/1926\/revisions"}],"up":[{"embeddable":true,"href":"https:\/\/stage.cytologystuff.com\/es\/wp-json\/wp\/v2\/pages\/1892"}],"wp:attachment":[{"href":"https:\/\/stage.cytologystuff.com\/es\/wp-json\/wp\/v2\/media?parent=1926"}],"curies":[{"name":"wp","href":"https:\/\/api.w.org\/{rel}","templated":true}]}}