{"id":1975,"date":"2017-07-31T19:32:51","date_gmt":"2017-07-31T19:32:51","guid":{"rendered":"http:\/\/cytologystuff1.wpengine.com\/non-gyn-atlas\/effusions-mesothelioma\/"},"modified":"2017-11-16T12:23:36","modified_gmt":"2017-11-16T12:23:36","slug":"effusions-mesothelioma","status":"publish","type":"page","link":"https:\/\/stage.cytologystuff.com\/es\/non-gyn-atlas\/effusions-mesothelioma\/","title":{"rendered":"Citolog\u00eda de los Derrames de las Cavides Pleural, Peric\u00e1rdica y Peritoneal"},"content":{"rendered":"<p>[vc_row 0=&#8221;&#8221;][vc_column 0=&#8221;&#8221; offset=&#8221;vc_hidden-lg vc_hidden-md&#8221;][vc_raw_html 0=&#8221;&#8221;]PGNlbnRlcj48YSBjbGFzcz0ic2hpZnRuYXYtdG9nZ2xlIHNoaWZ0bmF2LXRvZ2dsZS1idXR0b24iIGRhdGEtc2hpZnRuYXYtdGFyZ2V0PSJzaGlmdG5hdi1tYWluIj48aSBjbGFzcz0iZmEgZmEtYmFycyI+PC9pPiBUYWJsZSBvZiBDb250ZW50cyA8L2E+PC9jZW50ZXI+[\/vc_raw_html][\/vc_column][\/vc_row][vc_row][vc_column][vc_custom_heading text=&#8221;Citolog\u00eda de los Derrames de las Cavides Pleural, Peric\u00e1rdica y Peritoneal&#8221; font_container=&#8221;tag:h1|text_align:center&#8221; use_theme_fonts=&#8221;yes&#8221;][\/vc_column][\/vc_row][vc_row el_id=&#8221;acknowledgements&#8221;][vc_column width=&#8221;2\/3&#8243;][vc_column_text]<\/p>\n<div id=>\n<p class=\"subhead\">DERRAMES &#8211; MESOTELIOMA  <\/p>\n<p style=\"padding-left:7px\"><a href=\"javascript:void(0)\"  style=\"width:300px;display:block\"><img loading=\"lazy\" decoding=\"async\" src=\"\/images\/button27h.gif\" id=\"selfAssessImg\" width=\"400\" height=\"40\"><\/a><\/p>\n<div class=\"highslide-gallery\">\n<strong>Nota: Puede clicar en cualquier imagen del<br \/>\nAtlas para ver la imagen aumentada<\/strong><\/p>\n<div class=\"chartColumnCell\">\n<a href=\"\/gallery\/images_large\/slide0422.jpg\" class=\"highslide\" onclick=\"return hs.expand(this)\" name=\"pap\"><br \/>\n\t<img decoding=\"async\" src=\"\/gallery\/images\/slide0422.jpg\" alt=\"Image 2\" border=\"0\" title=\"Click to enlarge\"><\/a><\/p>\n<div class=\"highslide-caption\">\n<strong>Figura 22<\/strong><br \/>\n<br \/>\nDerrame pleural: Mesotelioma. . 10X <\/div>\n<\/div>\n<div class=\"chartColumnShortCell\">\n        \t<strong>Figura 22<br \/>\n        \t<\/strong>Derrame pleural:<br \/>\nMesotelioma. .<br \/>\n10X <\/div>\n<div class=\"newRow\"><\/div>\n<div class=\"chartColumnCell\">\n<a href=\"\/gallery\/images_large\/slide0423.jpg\" class=\"highslide\" onclick=\"return hs.expand(this)\"><br \/>\n\t<img decoding=\"async\" src=\"\/gallery\/images\/slide0423.jpg\" alt=\"Image 3\" border=\"0\" title=\"Click to enlarge\"><\/a><\/p>\n<div class=\"highslide-caption\">\n<strong>Figura 23<\/strong><br \/>\n<br \/>\nDerrame pleural: Mesotelioma. 20X  <\/div>\n<\/div>\n<div class=\"chartColumnShortCell\">\n \t\t<strong>Figura 23<br \/>\n \t\t<\/strong>        \t\tDerrame pleural:<br \/>\nMesotelioma.<br \/>\n20X <\/div>\n<div class=\"newRow\"><\/div>\n<div class=\"chartColumnCell\">\n<a href=\"\/gallery\/images_large\/slide0424.jpg\" class=\"highslide\" onclick=\"return hs.expand(this)\"><br \/>\n\t<img decoding=\"async\" src=\"\/gallery\/images\/slide0424.jpg\" alt=\"Image 3\" border=\"0\" title=\"Click to enlarge\"><\/a><\/p>\n<div class=\"highslide-caption\">\n<strong>Figura 24<\/strong><br \/>\nDerrame pleural: Mesotelioma. 40X <\/div>\n<\/div>\n<div class=\"chartColumnShortCell\">\n<strong>Figura 24<br \/>\n<\/strong><br \/>\nDerrame pleural:<br \/>\nMesotelioma.<br \/>\n40X <\/div>\n<div class=\"newRow\"><\/div>\n<p><strong>Figuras 22-24:<\/strong><br \/>\nA varios aumentos se muestran masas de c\u00e9lulas tumorales en bolas de ca\u00f1\u00f3n. La clave para diagnosticar un mesotelioma es no identificar una segunda poblaci\u00f3n maligna de c\u00e9lulas. Para la determinaci\u00f3n final puede ser necesaria la inmunocitoqu\u00edmica o un bloque celular con inmuno histoqu\u00edmica, microscop\u00eda electr\u00f3nica u otras t\u00e9cnicas especializadas. <\/p>\n<div class=\"chartColumnCell\">\n<a href=\"\/gallery\/images_large\/slide0425.jpg\" class=\"highslide\" onclick=\"return hs.expand(this)\" name=\"pap\"><br \/>\n\t<img decoding=\"async\" src=\"\/gallery\/images\/slide0425.jpg\" alt=\"Image 2\" border=\"0\" title=\"Click to enlarge\"><\/a><\/p>\n<div class=\"highslide-caption\">\n<strong>Figura 25<\/strong><br \/>\n<br \/>Derrame pleural: Mesotelioma. 60X<\/div>\n<\/div>\n<div class=\"chartColumnShortCell\">\n        \t<strong>Figura 25<br \/>\n        \t<\/strong><br \/>\n            Derrame pleural:<br \/>\nMesotelioma.<br \/>\n60X <\/div>\n<div class=\"newRow\"><\/div>\n<p>Celulas mesoteliales malignas aisladas muestran un borde de citoplasma ondulado, poco denso (ectoplasma), rodeando un citoplasma denso alrededor del n\u00facleo (endoplasma).  <\/p>\n<div class=\"chartColumnCell\">\n<a href=\"\/gallery\/images_large\/slide0426.jpg\" class=\"highslide\" onclick=\"return hs.expand(this)\"><br \/>\n\t<img decoding=\"async\" src=\"\/gallery\/images\/slide0426.jpg\" alt=\"Image 3\" border=\"0\" title=\"Click to enlarge\"><\/a><\/p>\n<div class=\"highslide-caption\">\n<strong>Figura 26<\/strong><br \/>\n<br \/>Derrame pleural: Mesotelioma. 20X <\/div>\n<\/div>\n<div class=\"chartColumnShortCell\">\n \t\t<strong>Figura 26<br \/>\n \t\t<\/strong>Derrame pleural:<br \/>\nMesotelioma.<br \/>\n20X <\/div>\n<div class=\"newRow\"><\/div>\n<p>Las c\u00e9lulas tumorales se pueden ver en un fondo de debris prote\u00ednaceo y de sangre. Los grupos de m\u00e1s de 12 c\u00e9lulas pueden ser una caracter\u00edstica de malignidad. <\/p>\n<div class=\"chartColumnCell\">\n<a href=\"\/gallery\/images_large\/slide0427.jpg\" class=\"highslide\" onclick=\"return hs.expand(this)\" name=\"pap\"><br \/>\n\t<img decoding=\"async\" src=\"\/gallery\/images\/slide0427.jpg\" alt=\"Image 2\" border=\"0\" title=\"Click to enlarge\"><\/a><\/p>\n<div class=\"highslide-caption\">\n<strong>Figura 27<\/strong><br \/>\n<br \/>Derrame pleural: Mesotelioma. 60X <\/div>\n<\/div>\n<div class=\"chartColumnShortCell\">\n        \t<strong>Figura 27<br \/>\n        \t<\/strong>Derrame pleural:<br \/>\nMesotelioma.<br \/>\n60X <\/div>\n<div class=\"newRow\"><\/div>\n<p>A gran aumento, la elevada relaci\u00f3n N\/C con variabilidad en el tama\u00f1o nuclear y multinucleaci\u00f3n ocasional confirma la naturaleza maligna de estas c\u00e9lulas. Los diagn\u00f3sticos diferenciales incluyen el adenocarcinoma y el mesotelioma. Caracter\u00edsticas microsc\u00f3picas como membranas celulares con borde festoneado en la periferia y ventanas intercelulares pueden ser sugestivos de mesotelioma.   <\/p>\n<div class=\"chartColumnCell\">\n<a href=\"\/gallery\/images_large\/slide0428.jpg\" class=\"highslide\" onclick=\"return hs.expand(this)\"><br \/>\n\t<img decoding=\"async\" src=\"\/gallery\/images\/slide0428.jpg\" alt=\"Image 3\" border=\"0\" title=\"Click to enlarge\"><\/a><\/p>\n<div class=\"highslide-caption\">\n<strong>Figura 28<\/strong><br \/>\n<br \/>Derrame pleural: Mesotelioma. 60X  <\/div>\n<\/div>\n<div class=\"chartColumnShortCell\">\n \t\t<strong>Figura 28<br \/>\n \t\t<\/strong><br \/>\nDerrame pleural:<br \/>\nMesotelioma.<br \/>\n60X <\/div>\n<\/div>\n<div class=\"newRow\"><\/div>\n<p>En los derrames con el mesotelioma se pueden observar figuras mit\u00f3ticas at\u00edpicas, otras malignidades, as\u00ed como c\u00e9lulas mesoteliales reactivas.   <\/p>\n<p><a class=\"back\" href=\"#\">Volver arriba<\/a><\/p>\n<p><a href=\"nongyn_atlas.htm\">Volver a la Tabla de Contenidos<\/a><\/p>\n<\/div>\n<p>[\/vc_column_text][vc_column_text el_class=&#8221;back-to-top&#8221;]<strong><a href=\"#main\">Back to Top<\/a><\/strong>[\/vc_column_text][\/vc_column][vc_column width=&#8221;1\/3&#8243; offset=&#8221;vc_hidden-sm vc_hidden-xs&#8221;][vc_widget_sidebar sidebar_id=&#8221;consulting-right-sidebar&#8221;][\/vc_column][\/vc_row]<\/p>\n","protected":false},"excerpt":{"rendered":"<p>[vc_row 0=&#8221;&#8221;][vc_column 0=&#8221;&#8221; offset=&#8221;vc_hidden-lg vc_hidden-md&#8221;][vc_raw_html 0=&#8221;&#8221;]PGNlbnRlcj48YSBjbGFzcz0ic2hpZnRuYXYtdG9nZ2xlIHNoaWZ0bmF2LXRvZ2dsZS1idXR0b24iIGRhdGEtc2hpZnRuYXYtdGFyZ2V0PSJzaGlmdG5hdi1tYWluIj48aSBjbGFzcz0iZmEgZmEtYmFycyI+PC9pPiBUYWJsZSBvZiBDb250ZW50cyA8L2E+PC9jZW50ZXI+[\/vc_raw_html][\/vc_column][\/vc_row][vc_row][vc_column][vc_custom_heading text=&#8221;Citolog\u00eda de los Derrames de las Cavides Pleural, Peric\u00e1rdica y Peritoneal&#8221; font_container=&#8221;tag:h1|text_align:center&#8221; use_theme_fonts=&#8221;yes&#8221;][\/vc_column][\/vc_row][vc_row el_id=&#8221;acknowledgements&#8221;][vc_column width=&#8221;2\/3&#8243;][vc_column_text] DERRAMES &#8211; MESOTELIOMA Nota: Puede clicar en cualquier imagen del Atlas para ver la imagen aumentada Figura 22 Derrame pleural: Mesotelioma. . 10X Figura 22 Derrame pleural: Mesotelioma. . 10X Figura 23 Derrame pleural:<\/p>\n","protected":false},"author":3,"featured_media":0,"parent":1953,"menu_order":0,"comment_status":"closed","ping_status":"closed","template":"","meta":{"ngg_post_thumbnail":0,"footnotes":""},"class_list":["post-1975","page","type-page","status-publish","hentry"],"_links":{"self":[{"href":"https:\/\/stage.cytologystuff.com\/es\/wp-json\/wp\/v2\/pages\/1975","targetHints":{"allow":["GET"]}}],"collection":[{"href":"https:\/\/stage.cytologystuff.com\/es\/wp-json\/wp\/v2\/pages"}],"about":[{"href":"https:\/\/stage.cytologystuff.com\/es\/wp-json\/wp\/v2\/types\/page"}],"author":[{"embeddable":true,"href":"https:\/\/stage.cytologystuff.com\/es\/wp-json\/wp\/v2\/users\/3"}],"replies":[{"embeddable":true,"href":"https:\/\/stage.cytologystuff.com\/es\/wp-json\/wp\/v2\/comments?post=1975"}],"version-history":[{"count":0,"href":"https:\/\/stage.cytologystuff.com\/es\/wp-json\/wp\/v2\/pages\/1975\/revisions"}],"up":[{"embeddable":true,"href":"https:\/\/stage.cytologystuff.com\/es\/wp-json\/wp\/v2\/pages\/1953"}],"wp:attachment":[{"href":"https:\/\/stage.cytologystuff.com\/es\/wp-json\/wp\/v2\/media?parent=1975"}],"curies":[{"name":"wp","href":"https:\/\/api.w.org\/{rel}","templated":true}]}}