{"id":1989,"date":"2017-07-31T20:06:49","date_gmt":"2017-07-31T20:06:49","guid":{"rendered":"http:\/\/cytologystuff1.wpengine.com\/non-gyn-atlas\/effusions-metastatic-gastrointestinal-malignancy\/"},"modified":"2017-11-17T06:30:11","modified_gmt":"2017-11-17T06:30:11","slug":"effusions-metastatic-gastrointestinal-malignancy","status":"publish","type":"page","link":"https:\/\/stage.cytologystuff.com\/es\/non-gyn-atlas\/effusions-metastatic-gastrointestinal-malignancy\/","title":{"rendered":"Citolog\u00eda de los Derrames de las Cavides Pleural, Peric\u00e1rdica y Peritoneal"},"content":{"rendered":"<p>[vc_row 0=&#8221;&#8221;][vc_column 0=&#8221;&#8221; offset=&#8221;vc_hidden-lg vc_hidden-md&#8221;][vc_raw_html 0=&#8221;&#8221;]PGNlbnRlcj48YSBjbGFzcz0ic2hpZnRuYXYtdG9nZ2xlIHNoaWZ0bmF2LXRvZ2dsZS1idXR0b24iIGRhdGEtc2hpZnRuYXYtdGFyZ2V0PSJzaGlmdG5hdi1tYWluIj48aSBjbGFzcz0iZmEgZmEtYmFycyI+PC9pPiBUYWJsZSBvZiBDb250ZW50cyA8L2E+PC9jZW50ZXI+[\/vc_raw_html][\/vc_column][\/vc_row][vc_row][vc_column][vc_custom_heading text=&#8221;Citolog\u00eda de los Derrames de las Cavides Pleural, Peric\u00e1rdica y Peritoneal&#8221; font_container=&#8221;tag:h1|text_align:center&#8221; use_theme_fonts=&#8221;yes&#8221;][\/vc_column][\/vc_row][vc_row el_id=&#8221;acknowledgements&#8221;][vc_column width=&#8221;2\/3&#8243;][vc_column_text]<\/p>\n<div id=>\n<p class=\"subhead\">DERRAMES \u2013 MET\u00c1STASIS GASTROINTESTINAL   <\/p>\n<p style=\"padding-left:7px\"><a href=\"javascript:void(0)\"  style=\"width:300px;display:block\"><img loading=\"lazy\" decoding=\"async\" src=\"\/images\/button27h.gif\" id=\"selfAssessImg\" width=\"400\" height=\"40\"><\/a><\/p>\n<div class=\"highslide-gallery\">\n<strong>Nota: Puede clicar en cualquier imagen del<br \/>\nAtlas para ver la imagen aumentada<\/strong><\/p>\n<div class=\"chartColumnCell\">\n<a href=\"\/gallery\/images_large\/slide0493.jpg\" class=\"highslide\" onclick=\"return hs.expand(this)\" name=\"pap\"><br \/>\n\t<img decoding=\"async\" src=\"\/gallery\/images\/slide0493.jpg\" alt=\"Image 2\" border=\"0\" title=\"Click to enlarge\"><\/a><\/p>\n<div class=\"highslide-caption\">\n<strong>Figura 93<\/strong><br \/>\n<br \/>Derrame peritoneal: Adenocarcinoma g\u00e1strico. Las c\u00e9lulas con caracter\u00edsticas malignas se presentan como una poblaci\u00f3n distinta. Algunas pueden mostrar desplazamiento nuclear por una gran vacuola secretora, una c\u00e9lula en \u201canillo de sello\u201d. No es f\u00e1cil averiguar si el origen es de una parte del tracto gastrointestinal o de otra.  60x <\/div>\n<\/div>\n<div class=\"chartColumnLongCell\">\n        \t<strong>Figura 93<br \/>\n        \t<\/strong><br \/>\nDerrame peritoneal:<br \/>\nAdenocarcinoma g\u00e1strico. Las c\u00e9lulas con caracter\u00edsticas malignas se presentan como una poblaci\u00f3n distinta. Algunas pueden mostrar desplazamiento nuclear por una gran vacuola secretora, una c\u00e9lula en \u201canillo de sello\u201d. No es f\u00e1cil averiguar si el origen es de una parte del tracto gastrointestinal o de otra.<br \/>\n60x <\/div>\n<div class=\"newRow\"><\/div>\n<div class=\"chartColumnCell\">\n<a href=\"\/gallery\/images_large\/slide0494.jpg\" class=\"highslide\" onclick=\"return hs.expand(this)\"><br \/>\n\t<img decoding=\"async\" src=\"\/gallery\/images\/slide0494.jpg\" alt=\"Image 3\" border=\"0\" title=\"Click to enlarge\"><\/a><\/p>\n<div class=\"highslide-caption\">\n<strong>Figura 94<\/strong><br \/>\n<br \/> Derrame peritoneal: Bloque cellular, adenocarcinoma g\u00e1strico. El bloque celular contiene c\u00e9lulas con caracter\u00edsticas malignas similares a las que se observan en la l\u00e1mina ThinPrep del derrame.40x<\/div>\n<\/div>\n<div class=\"chartColumnLongCell\">\n \t\t<strong>Figura 94<br \/>\n \t\t<\/strong>        \t\tDerrame peritoneal:<br \/>\nBloque cellular, adenocarcinoma g\u00e1strico. El bloque celular contiene c\u00e9lulas con caracter\u00edsticas malignas similares a las que se observan en la l\u00e1mina ThinPrep del derrame.<br \/>\n40x\n<\/div>\n<div class=\"newRow\"><\/div>\n<div class=\"chartColumnCell\">\n<a href=\"\/gallery\/images_large\/slide0495.jpg\" class=\"highslide\" onclick=\"return hs.expand(this)\"><br \/>\n\t<img decoding=\"async\" src=\"\/gallery\/images\/slide0495.jpg\" alt=\"Image 3\" border=\"0\" title=\"Click to enlarge\"><\/a><\/p>\n<div class=\"highslide-caption\">\n<strong>Figura 95<\/strong><br \/>\nDerrame peritoneal: Carcinoma g\u00e1strico pobremente diferenciado. Las c\u00e9lulas malignas destacan f\u00e1cilmente de las c\u00e9lulas benignas del fondo. 20x<\/div>\n<\/div>\n<div class=\"chartColumnLongCell\">\n<strong>Figura 95<br \/>\n<\/strong><br \/>\nDerrame peritoneal:<br \/>\nCarcinoma g\u00e1strico pobremente diferenciado. Las c\u00e9lulas malignas destacan f\u00e1cilmente de las c\u00e9lulas benignas del fondo.<br \/>\n20x\n<\/div>\n<div class=\"newRow\"><\/div>\n<div class=\"chartColumnCell\">\n<a href=\"\/gallery\/images_large\/slide0496.jpg\" class=\"highslide\" onclick=\"return hs.expand(this)\" name=\"pap\"><br \/>\n\t<img decoding=\"async\" src=\"\/gallery\/images\/slide0496.jpg\" alt=\"Image 2\" border=\"0\" title=\"Click to enlarge\"><\/a><\/p>\n<div class=\"highslide-caption\">\n<strong>Figura 96<\/strong><br \/>\n <br \/>Derrame peritoneal:  Carcinoma g\u00e1strico pobremente diferenciado. Los n\u00facleos exc\u00e9ntricos, aumentados de tama\u00f1o, muestran membranas nucleares irregulares y nucleolos prominentes.  60x<\/div>\n<\/div>\n<div class=\"chartColumnLongCell\">\n        \t<strong>Figura 96<br \/>\n        \t<\/strong><br \/>\nDerrame peritoneal:<br \/>\nCarcinoma g\u00e1strico pobremente diferenciado. Los n\u00facleos exc\u00e9ntricos, aumentados de tama\u00f1o, muestran membranas nucleares irregulares y nucleolos prominentes.<br \/>\n60x<\/div>\n<div class=\"newRow\"><\/div>\n<div class=\"chartColumnCell\">\n<a href=\"\/gallery\/images_large\/slide0497.jpg\" class=\"highslide\" onclick=\"return hs.expand(this)\"><br \/>\n\t<img decoding=\"async\" src=\"\/gallery\/images\/slide0497.jpg\" alt=\"Image 3\" border=\"0\" title=\"Click to enlarge\"><\/a><\/p>\n<div class=\"highslide-caption\">\n<strong>Figura 97<\/strong><br \/>\n<br \/>Derrame peritoneal: Carcinoma g\u00e1strico. Derrame peritoneal maligno en un caso de carcinoma g\u00e1strico metast\u00e1sico. Un grupo suelto de c\u00e9lulas malignas con n\u00facleos pleom\u00f3rficos y m\u00faltiples figuras mit\u00f3ticas. 60x <\/div>\n<\/div>\n<div class=\"chartColumnLongCell\">\n \t\t<strong>Figura 97<br \/>\n \t\t<\/strong><br \/>\nDerrame peritoneal:<br \/>\nCarcinoma g\u00e1strico. Derrame peritoneal maligno en un caso de carcinoma g\u00e1strico metast\u00e1sico. Un grupo suelto de c\u00e9lulas malignas con n\u00facleos pleom\u00f3rficos y m\u00faltiples figuras mit\u00f3ticas.<br \/>\n60x\n<\/div>\n<div class=\"newRow\"><\/div>\n<div class=\"chartColumnCell\">\n<a href=\"\/gallery\/images_large\/slide0498.jpg\" class=\"highslide\" onclick=\"return hs.expand(this)\"><br \/>\n\t<img decoding=\"async\" src=\"\/gallery\/images\/slide0498.jpg\" alt=\"Image 3\" border=\"0\" title=\"Click to enlarge\"><\/a><\/p>\n<div class=\"highslide-caption\">\n<strong>Figura 98<\/strong><br \/>\n<br \/>Derrame peritoneal: Carcinoma g\u00e1strico.  40x<\/div>\n<\/div>\n<div class=\"chartColumnShortCell\">\n \t\t<strong>Figura 98<br \/>\n \t\t<\/strong><br \/>\nDerrame peritoneal:<br \/>\nCarcinoma g\u00e1strico.<br \/>\n40x\n<\/div>\n<div class=\"newRow\"><\/div>\n<div class=\"chartColumnCell\">\n<a href=\"\/gallery\/images_large\/slide0499.jpg\" class=\"highslide\" onclick=\"return hs.expand(this)\"><br \/>\n\t<img decoding=\"async\" src=\"\/gallery\/images\/slide0499.jpg\" alt=\"Image 3\" border=\"0\" title=\"Click to enlarge\"><\/a><\/p>\n<div class=\"highslide-caption\">\n<strong>Figura 99<\/strong><br \/>\n<br \/>Derrame peritoneal: Carcinoma g\u00e1strico.  60x <\/div>\n<\/div>\n<div class=\"chartColumnShortCell\">\n \t\t<strong>Figura 99<br \/>\n \t\t<\/strong><br \/>\nDerrame peritoneal:<br \/>\nCarcinoma g\u00e1strico.<br \/>\n60x\n<\/div>\n<div class=\"newRow\"><\/div>\n<p><strong>Figura 98-99: Derrame pleural: Carcinoma g\u00e1strico.<\/strong><br \/>\nC\u00e9lulas glandulares malignas agrupadas en un grupo denso redondeado. Observar que las c\u00e9lulas de la superficie mantienen la polaridad celular con citoplasma apical. Los n\u00facleos son irregulares con nucleolos prominentes. <\/p>\n<div class=\"chartColumnCell\">\n<a href=\"\/gallery\/images_large\/slide0500.jpg\" class=\"highslide\" onclick=\"return hs.expand(this)\"><br \/>\n\t<img decoding=\"async\" src=\"\/gallery\/images\/slide0500.jpg\" alt=\"Image 3\" border=\"0\" title=\"Click to enlarge\"><\/a><\/p>\n<div class=\"highslide-caption\">\n<strong>Figura 100<\/strong><br \/>\n<br \/>Lavado Abdominal: Adenocarcinoma de colon. 20x  <\/div>\n<\/div>\n<div class=\"chartColumnShortCell\">\n \t\t<strong>Figura 100<br \/>\n \t\t<\/strong><br \/>\nLavado Abdominal:<br \/>\nAdenocarcinoma de colon.<br \/>\n20x\n<\/div>\n<div class=\"newRow\"><\/div>\n<div class=\"chartColumnCell\">\n<a href=\"\/gallery\/images_large\/slide0501.jpg\" class=\"highslide\" onclick=\"return hs.expand(this)\" name=\"pap\"><br \/>\n\t<img decoding=\"async\" src=\"\/gallery\/images\/slide0501.jpg\" alt=\"Image 2\" border=\"0\" title=\"Click to enlarge\"><\/a><\/p>\n<div class=\"highslide-caption\">\n<strong>Figura 101<\/strong><br \/>\n<br \/>Lavado Abdominal: Adenocarcinoma de colon. 40x <\/div>\n<\/div>\n<div class=\"chartColumnShortCell\">\n        \t<strong>Figura 101<br \/>\n        \t<\/strong><br \/>\nLavado Abdominal:<br \/>\nAdenocarcinoma de colon.<br \/>\n40x  <\/div>\n<div class=\"newRow\"><\/div>\n<div class=\"chartColumnCell\">\n<a href=\"\/gallery\/images_large\/slide0502.jpg\" class=\"highslide\" onclick=\"return hs.expand(this)\"><br \/>\n\t<img decoding=\"async\" src=\"\/gallery\/images\/slide0502.jpg\" alt=\"Image 3\" border=\"0\" title=\"Click to enlarge\"><\/a><\/p>\n<div class=\"highslide-caption\">\n<strong>Figura 102<\/strong><br \/>\n<br \/>Lavado Abdominal: Adenocarcinoma de colon. 60x  <\/div>\n<\/div>\n<div class=\"chartColumnShortCell\">\n \t\t<strong>Figura 102<br \/>\n \t\t<\/strong><br \/>\nLavado Abdominal:<br \/>\nAdenocarcinoma de colon.<br \/>\n60x\n<\/div>\n<div class=\"newRow\"><\/div>\n<p><strong>Figura 101-102: Lavado abdominal: adenocarcinoma de colon.<\/strong><br \/>\nLavados abdominales mostrando c\u00e9lulas glandulares malignas. Este caso es de un paciente con carcinoma de col\u00f3n. Los grupos papilares de c\u00e9lulas muestran caracter\u00edsticas obvias de un adenocarcinoma, pero no muestran claves diferentes como el origen del tumor. <\/p>\n<div class=\"chartColumnCell\">\n<a href=\"\/gallery\/images_large\/slide0503.jpg\" class=\"highslide\" onclick=\"return hs.expand(this)\" name=\"pap\"><br \/>\n\t<img decoding=\"async\" src=\"\/gallery\/images\/slide0503.jpg\" alt=\"Image 2\" border=\"0\" title=\"Click to enlarge\"><\/a><\/p>\n<div class=\"highslide-caption\">\n<strong>Figura 103<\/strong><br \/>\n<br \/>Derrame peritoneal: Carcinoma hepatocelular. 20x \t<\/div>\n<\/div>\n<div class=\"chartColumnShortCell\">\n        \t<strong>Figura 103<br \/>\n        \t<\/strong><br \/>\nDerrame peritoneal:<br \/>\nCarcinoma hepatocelular.<br \/>\n20x \t<\/div>\n<div class=\"newRow\"><\/div>\n<div class=\"chartColumnCell\">\n<a href=\"\/gallery\/images_large\/slide0504.jpg\" class=\"highslide\" onclick=\"return hs.expand(this)\"><br \/>\n\t<img decoding=\"async\" src=\"\/gallery\/images\/slide0504.jpg\" alt=\"Image 3\" border=\"0\" title=\"Click to enlarge\"><\/a><\/p>\n<div class=\"highslide-caption\">\n<strong>Figura 104<\/strong><br \/>\n<br \/>Derrame peritoneal: Carcinoma hepatocelular. 60x  <\/div>\n<\/div>\n<div class=\"chartColumnShortCell\">\n \t\t<strong>Figura 104<br \/>\n \t\t<\/strong><br \/>\nDerrame peritoneal:<br \/>\nCarcinoma hepatocelular.<br \/>\n60x\n<\/div>\n<div class=\"newRow\"><\/div>\n<div class=\"chartColumnCell\">\n<a href=\"\/gallery\/images_large\/slide0505.jpg\" class=\"highslide\" onclick=\"return hs.expand(this)\"><br \/>\n\t<img decoding=\"async\" src=\"\/gallery\/images\/slide0505.jpg\" alt=\"Image 3\" border=\"0\" title=\"Click to enlarge\"><\/a><\/p>\n<div class=\"highslide-caption\">\n<strong>Figura 105<\/strong><br \/>\n<br \/>Derrame peritoneal: Carcinoma hepatocelular. 60x<\/div>\n<\/div>\n<div class=\"chartColumnShortCell\">\n \t\t<strong>Figura 105<br \/>\n \t\t<\/strong><br \/>\nDerrame peritoneal:<br \/>\nCarcinoma hepatocelular.<br \/>\n60x\n<\/div>\n<div class=\"newRow\"><\/div>\n<p><strong>Figura 103-105: Derrame peritoneal: Carcinoma hepatocelular.<\/strong><br \/>\nEn el Hepatoma pueden descamar c\u00e9lulas malignas en el derrame peritoneal. Las c\u00e9lulas muestras citoplasma granular y n\u00facleo at\u00edpico localizado centralmente. La distinci\u00f3n de una adenocarcinoma puede ser dif\u00edcil.  <\/p>\n<div class=\"chartColumnCell\">\n<a href=\"\/gallery\/images_large\/slide0506.jpg\" class=\"highslide\" onclick=\"return hs.expand(this)\" name=\"pap\"><br \/>\n\t<img decoding=\"async\" src=\"\/gallery\/images\/slide0506.jpg\" alt=\"Image 2\" border=\"0\" title=\"Click to enlarge\"><\/a><\/p>\n<div class=\"highslide-caption\">\n<strong>Figura 106<\/strong><br \/>\n<br \/>Derrame peritoneal: Colangiocarcinoma. 20x\t<\/div>\n<\/div>\n<div class=\"chartColumnShortCell\">\n        \t<strong>Figura 106<br \/>\n        \t<\/strong><br \/>\nDerrame peritoneal:<br \/>\nColangiocarcinoma.<br \/>\n20x\t<\/div>\n<div class=\"newRow\"><\/div>\n<div class=\"chartColumnCell\">\n<a href=\"\/gallery\/images_large\/slide0507.jpg\" class=\"highslide\" onclick=\"return hs.expand(this)\"><br \/>\n\t<img decoding=\"async\" src=\"\/gallery\/images\/slide0507.jpg\" alt=\"Image 3\" border=\"0\" title=\"Click to enlarge\"><\/a><\/p>\n<div class=\"highslide-caption\">\n<strong>Figura 107<\/strong><br \/>\n<br \/>Derrame peritoneal: Colangiocarcinoma. 40x <\/div>\n<\/div>\n<div class=\"chartColumnShortCell\">\n \t\t<strong>Figura 107<br \/>\n \t\t<\/strong><br \/>\nDerrame peritoneal:<br \/>\nColangiocarcinoma.<br \/>\n40x\n<\/div>\n<div class=\"newRow\"><\/div>\n<div class=\"chartColumnCell\">\n<a href=\"\/gallery\/images_large\/slide0508.jpg\" class=\"highslide\" onclick=\"return hs.expand(this)\"><br \/>\n\t<img decoding=\"async\" src=\"\/gallery\/images\/slide0508.jpg\" alt=\"Image 3\" border=\"0\" title=\"Click to enlarge\"><\/a><\/p>\n<div class=\"highslide-caption\">\n<strong>Figura 108<\/strong><br \/>\n<br \/>Derrame peritoneal: Colangiocarcinoma. 60x<\/div>\n<\/div>\n<div class=\"chartColumnShortCell\">\n \t\t<strong>Figura 108<br \/>\n \t\t<\/strong><br \/>\nDerrame peritoneal:<br \/>\nColangiocarcinoma.<br \/>\n60x\n<\/div>\n<div class=\"newRow\"><\/div>\n<p><strong>Figura 106-108: Derrame peritoneal:Colangiocarcinoma.<\/strong><br \/>\nEl colangiocarcinoma, tanto de un origen intrahep\u00e1tico como del \u00e1rbol biliar extrahep\u00e1tico, puede parecerse a un adenocarcinoma de cualquier lugar en el tracto GI. Por exclusi\u00f3n de otros or\u00edgenes a trav\u00e9s de endoscopia, ultrasonograf\u00eda y\/o imagen CT, se puede determinar la localizaci\u00f3n.  <\/p>\n<div class=\"chartColumnCell\">\n<a href=\"\/gallery\/images_large\/slide0509.jpg\" class=\"highslide\" onclick=\"return hs.expand(this)\" name=\"pap\"><br \/>\n\t<img decoding=\"async\" src=\"\/gallery\/images\/slide0509.jpg\" alt=\"Image 2\" border=\"0\" title=\"Click to enlarge\"><\/a><\/p>\n<div class=\"highslide-caption\">\n<strong>Figura 109<\/strong><br \/>\n<br \/>Lavado peritoneal: Sospechoso de carcinoma pancre\u00e1tico.  60x\t<\/div>\n<\/div>\n<div class=\"chartColumnShortCell\">\n        \t<strong>Figura 109<br \/>\n        \t<\/strong><br \/>\nLavado peritoneal:<br \/>\nSospechoso de carcinoma pancre\u00e1tico.<br \/>\n60x\t<\/div>\n<div class=\"newRow\"><\/div>\n<div class=\"chartColumnCell\">\n<a href=\"\/gallery\/images_large\/slide0510.jpg\" class=\"highslide\" onclick=\"return hs.expand(this)\"><br \/>\n\t<img decoding=\"async\" src=\"\/gallery\/images\/slide0510.jpg\" alt=\"Image 3\" border=\"0\" title=\"Click to enlarge\"><\/a><\/p>\n<div class=\"highslide-caption\">\n<strong>Figura 110<\/strong><br \/>\n<br \/>Lavado peritoneal: Sospechoso de carcinoma pancre\u00e1tico.  60x <\/div>\n<\/div>\n<div class=\"chartColumnShortCell\">\n \t\t<strong>Figura 110<br \/>\n \t\t<\/strong><br \/>\nLavado peritoneal:<br \/>\nSospechoso de carcinoma pancre\u00e1tico.<br \/>\n60x\n<\/div>\n<div class=\"newRow\"><\/div>\n<div class=\"chartColumnCell\">\n<a href=\"\/gallery\/images_large\/slide0511.jpg\" class=\"highslide\" onclick=\"return hs.expand(this)\"><br \/>\n\t<img decoding=\"async\" src=\"\/gallery\/images\/slide0511.jpg\" alt=\"Image 3\" border=\"0\" title=\"Click to enlarge\"><\/a><\/p>\n<div class=\"highslide-caption\">\n<strong>Figura 111<\/strong><br \/>\n<br \/>Derrame peritoneal: Carcinoma pancre\u00e1tico.  20x<\/div>\n<\/div>\n<div class=\"chartColumnShortCell\">\n \t\t<strong>Figura 111<br \/>\n \t\t<\/strong><br \/>\nDerrame peritoneal:<br \/>\nCarcinoma pancre\u00e1tico.<br \/>\n20x\n<\/div>\n<div class=\"newRow\"><\/div>\n<div class=\"chartColumnCell\">\n<a href=\"\/gallery\/images_large\/slide0512.jpg\" class=\"highslide\" onclick=\"return hs.expand(this)\" name=\"pap\"><br \/>\n\t<img decoding=\"async\" src=\"\/gallery\/images\/slide0512.jpg\" alt=\"Image 2\" border=\"0\" title=\"Click to enlarge\"><\/a><\/p>\n<div class=\"highslide-caption\">\n<strong>Figura 112<\/strong><br \/>\n<br \/>Derrame peritoneal: Carcinoma pancre\u00e1tico.  40x <\/div>\n<\/div>\n<div class=\"chartColumnShortCell\">\n        \t<strong>Figura 112<br \/>\n        \t<\/strong><br \/>\nDerrame peritoneal:<br \/>\nCarcinoma pancre\u00e1tico.<br \/>\n40x <\/div>\n<div class=\"newRow\"><\/div>\n<div class=\"chartColumnCell\">\n<a href=\"\/gallery\/images_large\/slide0513.jpg\" class=\"highslide\" onclick=\"return hs.expand(this)\"><br \/>\n\t<img decoding=\"async\" src=\"\/gallery\/images\/slide0513.jpg\" alt=\"Image 3\" border=\"0\" title=\"Click to enlarge\"><\/a><\/p>\n<div class=\"highslide-caption\">\n<strong>Figura 113 <\/strong><br \/>\n<br \/>Derrame peritoneal: Carcinoma pancre\u00e1tico.  60x  <\/div>\n<\/div>\n<div class=\"chartColumnShortCell\">\n \t\t<strong>Figura 113<br \/>\n \t\t<\/strong><br \/>\nDerrame peritoneal:<br \/>\nCarcinoma pancre\u00e1tico.<br \/>\n60x\n<\/div>\n<\/div>\n<div class=\"newRow\"><\/div>\n<p><strong>Figura 111-113: Derrame peritoneal: Carcinoma pancre\u00e1tico.<\/strong><br \/>\nLos tumores pancreatobiliares provocan obstrucci\u00f3n y provocan una fuerte respuesta fibrosa en el hu\u00e9sped. Raramente liberan c\u00e9lulas a la cavidad peritoneal, m\u00e1s probablemente despu\u00e9s de invasi\u00f3n . <\/p>\n<p><a class=\"back\" href=\"#\">Volver arriba<\/a><\/p>\n<p><a href=\"nongyn_atlas.htm\">Volver a la Tabla de Contenidos<\/a><\/p>\n<\/div>\n<p>[\/vc_column_text][vc_column_text css=&#8221;.vc_custom_1500390293825{margin-top: 30px !important;}&#8221; el_class=&#8221;back-to-top&#8221;]<strong><a href=\"#main\">Back to Top<\/a><\/strong>[\/vc_column_text][\/vc_column][vc_column width=&#8221;1\/3&#8243; offset=&#8221;vc_hidden-sm vc_hidden-xs&#8221;][vc_widget_sidebar sidebar_id=&#8221;consulting-right-sidebar&#8221;][\/vc_column][\/vc_row]<\/p>\n","protected":false},"excerpt":{"rendered":"<p>[vc_row 0=&#8221;&#8221;][vc_column 0=&#8221;&#8221; offset=&#8221;vc_hidden-lg vc_hidden-md&#8221;][vc_raw_html 0=&#8221;&#8221;]PGNlbnRlcj48YSBjbGFzcz0ic2hpZnRuYXYtdG9nZ2xlIHNoaWZ0bmF2LXRvZ2dsZS1idXR0b24iIGRhdGEtc2hpZnRuYXYtdGFyZ2V0PSJzaGlmdG5hdi1tYWluIj48aSBjbGFzcz0iZmEgZmEtYmFycyI+PC9pPiBUYWJsZSBvZiBDb250ZW50cyA8L2E+PC9jZW50ZXI+[\/vc_raw_html][\/vc_column][\/vc_row][vc_row][vc_column][vc_custom_heading text=&#8221;Citolog\u00eda de los Derrames de las Cavides Pleural, Peric\u00e1rdica y Peritoneal&#8221; font_container=&#8221;tag:h1|text_align:center&#8221; use_theme_fonts=&#8221;yes&#8221;][\/vc_column][\/vc_row][vc_row el_id=&#8221;acknowledgements&#8221;][vc_column width=&#8221;2\/3&#8243;][vc_column_text] DERRAMES \u2013 MET\u00c1STASIS GASTROINTESTINAL Nota: Puede clicar en cualquier imagen del Atlas para ver la imagen aumentada Figura 93 Derrame peritoneal: Adenocarcinoma g\u00e1strico. Las c\u00e9lulas con caracter\u00edsticas malignas se presentan como una poblaci\u00f3n distinta.<\/p>\n","protected":false},"author":3,"featured_media":0,"parent":1953,"menu_order":0,"comment_status":"closed","ping_status":"closed","template":"","meta":{"ngg_post_thumbnail":0,"footnotes":""},"class_list":["post-1989","page","type-page","status-publish","hentry"],"_links":{"self":[{"href":"https:\/\/stage.cytologystuff.com\/es\/wp-json\/wp\/v2\/pages\/1989","targetHints":{"allow":["GET"]}}],"collection":[{"href":"https:\/\/stage.cytologystuff.com\/es\/wp-json\/wp\/v2\/pages"}],"about":[{"href":"https:\/\/stage.cytologystuff.com\/es\/wp-json\/wp\/v2\/types\/page"}],"author":[{"embeddable":true,"href":"https:\/\/stage.cytologystuff.com\/es\/wp-json\/wp\/v2\/users\/3"}],"replies":[{"embeddable":true,"href":"https:\/\/stage.cytologystuff.com\/es\/wp-json\/wp\/v2\/comments?post=1989"}],"version-history":[{"count":0,"href":"https:\/\/stage.cytologystuff.com\/es\/wp-json\/wp\/v2\/pages\/1989\/revisions"}],"up":[{"embeddable":true,"href":"https:\/\/stage.cytologystuff.com\/es\/wp-json\/wp\/v2\/pages\/1953"}],"wp:attachment":[{"href":"https:\/\/stage.cytologystuff.com\/es\/wp-json\/wp\/v2\/media?parent=1989"}],"curies":[{"name":"wp","href":"https:\/\/api.w.org\/{rel}","templated":true}]}}