{"id":2084,"date":"2017-08-01T13:34:33","date_gmt":"2017-08-01T13:34:33","guid":{"rendered":"http:\/\/cytologystuff1.wpengine.com\/non-gyn-atlas\/non-gyn-atlas-acknowledgements\/"},"modified":"2017-11-22T10:04:40","modified_gmt":"2017-11-22T10:04:40","slug":"non-gyn-atlas-acknowledgements","status":"publish","type":"page","link":"https:\/\/stage.cytologystuff.com\/fr\/non-gyn-atlas\/non-gyn-atlas-acknowledgements\/","title":{"rendered":"Atlas Non-Gyn"},"content":{"rendered":"<p>[vc_row 0=&#8221;&#8221;][vc_column 0=&#8221;&#8221; offset=&#8221;vc_hidden-lg vc_hidden-md&#8221;][vc_raw_html 0=&#8221;&#8221;]PGNlbnRlcj48YSBjbGFzcz0ic2hpZnRuYXYtdG9nZ2xlIHNoaWZ0bmF2LXRvZ2dsZS1idXR0b24iIGRhdGEtc2hpZnRuYXYtdGFyZ2V0PSJzaGlmdG5hdi1tYWluIj48aSBjbGFzcz0iZmEgZmEtYmFycyI+PC9pPiBUYWJsZSBvZiBDb250ZW50cyA8L2E+PC9jZW50ZXI+[\/vc_raw_html][\/vc_column][\/vc_row][vc_row][vc_column][vc_custom_heading text=&#8221;Atlas Non-Gyn&#8221; font_container=&#8221;tag:h1|text_align:center&#8221; use_theme_fonts=&#8221;yes&#8221;][\/vc_column][\/vc_row][vc_row][vc_column width=&#8221;2\/3&#8243;][vc_column_text]<\/p>\n<div id=>\n<p class=\"subhead\" id=\"acknowledgements\">Remerciements<\/p>\n<p>         <em>Eileen B. Ludlow, BS, CT(ASCP)<br \/>\n<\/em><\/p>\n<div id=\"contentImg\">\n  <img loading=\"lazy\" decoding=\"async\" src=\"\/images\/stripe.jpg\" width=\"150\" height=\"1120\">\n  <\/div>\n<p>   Cet atlas repr\u00e9sente le point culminant de nombreux efforts. Le projet a d\u00e9but\u00e9 avec notre souhait de mettre en avant la cytologie non gyn\u00e9cologique ThinPrep<sup>\u00ae<\/sup> et le vaste panel d&#8217;\u00e9chantillons que nous avons acquis au fil des ann\u00e9es par le biais de nombreuses sources g\u00e9n\u00e9reuses.  <\/p>\n<p>La majorit\u00e9 des images de cet atlas ont \u00e9t\u00e9 prises par <strong>Charlotte L. Brahm, CT(ASCP),<\/strong> qui a travaill\u00e9 sans rel\u00e2che pour fournir aux auteurs les informations dont ils avaient besoin et qui a g\u00e9r\u00e9 ce projet de fa\u00e7on admirable. <\/p>\n<p>Nous remercions tous les r\u00e9dacteurs pour leur contribution, leur d\u00e9vouement et leur expertise. Sans leur aide pr\u00e9cieuse, ce projet n&#8217;aurait tout simplement pas vu le jour.<\/p>\n<p><em><strong>Collaborateurs :<\/strong><\/em><\/p>\n<p><strong>Raheela Ashfaq, MD <\/strong><br \/>\nProfessor, Department of Pathology, University of Texas Southwestern Medical Center, and Director of Cytopathology and Oncodiagnostic Laboratory, Parkland Health and Hospital, Dallas, TX <\/p>\n<p><strong>Rana S. Hoda, MD, FIAC<\/strong><br \/>\nAssociate Professor of Pathology and Director of Cytopathology, Medical University of South Carolina, Charleston, SC <\/p>\n<p><strong>David B. Kaminsky, MD,FIAC<\/strong><br \/>\nDirector of Cytopathology, Pathology Inc., Palm Springs, CA <\/p>\n<p><strong>Stan A. Lightfoot, MD <\/strong><br \/>\nAssociate Professor of Pathology, Oklahoma University Health Science Center, Oklahoma City, OK <\/p>\n<p><strong>James Linder, MD<\/strong><br \/>\nChief Medical Officer and Senior Vice President, Hologic, Inc., Marlborough, MA, Professor of Pathology and Microbiology, University of Nebraska Medical Center, Omaha, NE <\/p>\n<p><strong>Grace T. McKee, MD <\/strong><br \/>\nFormerly Associate Pathologist, Massachusetts General Hospital, Associate Professor, Harvard Medical School, Boston, MA <\/p>\n<p><strong>Telma C. Pereira, MD<\/strong><br \/>\nCytopathology Fellow, Department of Pathology and Laboratory Medicine, Allegheny General Hospital, Pittsburgh, PA <\/p>\n<p><strong><\/p>\n<p>Latha Pisharodi, MD<\/strong><br \/>\nDirector of Cytopathology, Women &amp; Infant&#8217;s Hospital and Rhode Island Hospital, Associate Professor of Pathology, Brown University, Providence, RI <\/p>\n<p><strong>Jan F. Silverman, MD <\/strong><br \/>\nChairman and Director of Anatomic Pathology, Department of Pathology and Laboratory Medicine, Allegheny General Hospital, Professor, Pathology and Laboratory Medicine, Drexel University College of Medicine, Pittsburgh, PA <\/p>\n<p>\n<strong>Richard A. Smith, MD, PhD, MBA<\/strong><br \/>\nChief of Pathology, Sturdy Memorial Hospital, Attleboro, MA <\/p>\n<p><strong>Helen H. Wang, MD, DrPH<\/strong><br \/>\nDirector of Cytopathology, Beth Israel Deaconess Medical Center, Associate Professor of Pathology, Harvard Medical School, Boston, MA <\/p>\n<p><strong>Michele M. Weir, MD, FRCP<\/strong><br \/>\nStaff Pathologist, London Health Sciences Centre, and Assistant Professor, University of Western Ontario, London, Ontario, Canada <\/p>\n<p><a class=\"back\" href=\"#\">Retour au d\u00e9but<\/a><\/p>\n<p><a href=\"nongyn_atlas.htm\">Retour \u00e0 la table des mati\u00e8res<\/a><\/p>\n<\/div>\n<p>[\/vc_column_text][\/vc_column][vc_column width=&#8221;1\/3&#8243; offset=&#8221;vc_hidden-sm vc_hidden-xs&#8221;][vc_widget_sidebar sidebar_id=&#8221;consulting-right-sidebar&#8221;][\/vc_column][\/vc_row]<\/p>\n","protected":false},"excerpt":{"rendered":"<p>[vc_row 0=&#8221;&#8221;][vc_column 0=&#8221;&#8221; offset=&#8221;vc_hidden-lg vc_hidden-md&#8221;][vc_raw_html 0=&#8221;&#8221;]PGNlbnRlcj48YSBjbGFzcz0ic2hpZnRuYXYtdG9nZ2xlIHNoaWZ0bmF2LXRvZ2dsZS1idXR0b24iIGRhdGEtc2hpZnRuYXYtdGFyZ2V0PSJzaGlmdG5hdi1tYWluIj48aSBjbGFzcz0iZmEgZmEtYmFycyI+PC9pPiBUYWJsZSBvZiBDb250ZW50cyA8L2E+PC9jZW50ZXI+[\/vc_raw_html][\/vc_column][\/vc_row][vc_row][vc_column][vc_custom_heading text=&#8221;Atlas Non-Gyn&#8221; font_container=&#8221;tag:h1|text_align:center&#8221; use_theme_fonts=&#8221;yes&#8221;][\/vc_column][\/vc_row][vc_row][vc_column width=&#8221;2\/3&#8243;][vc_column_text] Remerciements Eileen B. Ludlow, BS, CT(ASCP) Cet atlas repr\u00e9sente le point culminant de nombreux efforts. Le projet a d\u00e9but\u00e9 avec notre souhait de mettre en avant la cytologie non gyn\u00e9cologique ThinPrep\u00ae et le vaste panel d&#8217;\u00e9chantillons que nous avons acquis au fil des ann\u00e9es<\/p>\n","protected":false},"author":7,"featured_media":0,"parent":1949,"menu_order":0,"comment_status":"closed","ping_status":"closed","template":"","meta":{"ngg_post_thumbnail":0,"footnotes":""},"class_list":["post-2084","page","type-page","status-publish","hentry"],"_links":{"self":[{"href":"https:\/\/stage.cytologystuff.com\/fr\/wp-json\/wp\/v2\/pages\/2084","targetHints":{"allow":["GET"]}}],"collection":[{"href":"https:\/\/stage.cytologystuff.com\/fr\/wp-json\/wp\/v2\/pages"}],"about":[{"href":"https:\/\/stage.cytologystuff.com\/fr\/wp-json\/wp\/v2\/types\/page"}],"author":[{"embeddable":true,"href":"https:\/\/stage.cytologystuff.com\/fr\/wp-json\/wp\/v2\/users\/7"}],"replies":[{"embeddable":true,"href":"https:\/\/stage.cytologystuff.com\/fr\/wp-json\/wp\/v2\/comments?post=2084"}],"version-history":[{"count":0,"href":"https:\/\/stage.cytologystuff.com\/fr\/wp-json\/wp\/v2\/pages\/2084\/revisions"}],"up":[{"embeddable":true,"href":"https:\/\/stage.cytologystuff.com\/fr\/wp-json\/wp\/v2\/pages\/1949"}],"wp:attachment":[{"href":"https:\/\/stage.cytologystuff.com\/fr\/wp-json\/wp\/v2\/media?parent=2084"}],"curies":[{"name":"wp","href":"https:\/\/api.w.org\/{rel}","templated":true}]}}