{"id":2175,"date":"2017-08-01T13:08:47","date_gmt":"2017-08-01T13:08:47","guid":{"rendered":"http:\/\/cytologystuff1.wpengine.com\/non-gyn-atlas\/urinary-tract-cytology-other-types-of-malignancies\/"},"modified":"2017-11-22T09:20:48","modified_gmt":"2017-11-22T09:20:48","slug":"urinary-tract-cytology-other-types-of-malignancies","status":"publish","type":"page","link":"https:\/\/stage.cytologystuff.com\/fr\/non-gyn-atlas\/urinary-tract-cytology-other-types-of-malignancies\/","title":{"rendered":"Cytologie de l&#8217;appareil urinaire"},"content":{"rendered":"<p>[vc_row 0=&#8221;&#8221;][vc_column 0=&#8221;&#8221; offset=&#8221;vc_hidden-lg vc_hidden-md&#8221;][vc_raw_html 0=&#8221;&#8221;]PGNlbnRlcj48YSBjbGFzcz0ic2hpZnRuYXYtdG9nZ2xlIHNoaWZ0bmF2LXRvZ2dsZS1idXR0b24iIGRhdGEtc2hpZnRuYXYtdGFyZ2V0PSJzaGlmdG5hdi1tYWluIj48aSBjbGFzcz0iZmEgZmEtYmFycyI+PC9pPiBUYWJsZSBvZiBDb250ZW50cyA8L2E+PC9jZW50ZXI+[\/vc_raw_html][\/vc_column][\/vc_row][vc_row][vc_column][vc_custom_heading text=&#8221;Cytologie de l&#8217;appareil urinaire&#8221; font_container=&#8221;tag:h1|text_align:center&#8221; use_theme_fonts=&#8221;yes&#8221;][\/vc_column][\/vc_row][vc_row][vc_column width=&#8221;2\/3&#8243;][vc_column_text]<\/p>\n<div id=>\n<p class=\"subhead\">\nAutres types de tumeurs malignes <\/p>\n<p style=\"padding-left:7px\"><a href=\"javascript:void(0)\"  style=\"width:350px;display:block\"><img loading=\"lazy\" decoding=\"async\" src=\"\/images\/button27h.gif\" id=\"selfAssessImg\" width=\"350\" height=\"40\"><\/a><\/p>\n<div class=\"highslide-gallery\">\n<strong>Rappel : Vous pouvez cliquer sur une image<br \/>\nde l&#8217;Atlas pour la voir dans un format plus grand.<\/strong><\/p>\n<div class=\"chartColumnCell\">\n<a href=\"\/gallery\/images_large\/slide0737.jpg\" class=\"highslide\" onclick=\"return hs.expand(this)\"><br \/>\n\t<img decoding=\"async\" src=\"\/gallery\/images\/slide0737.jpg\" alt=\"Image 2\" title=\"Click to enlarge\" border=\"0\"><\/a><\/p>\n<div class=\"highslide-caption\">\n<strong>Figure 55<\/strong><br \/>\n<br \/>\nMiction <br \/>\nCarcinome uroth\u00e9lial avec diff\u00e9renciation malpighienne. La pr\u00e9sence de cellules malpighiennes dans les urines peut \u00eatre due \u00e0 un carcinome \u00e9pidermo\u00efde primitif ou \u00e0 un carcinome uroth\u00e9lial avec diff\u00e9renciation malpighienne.<br \/>\n20x <\/div>\n<\/div>\n<div class=\"chartColumnLongCell\">\n        <strong>Figure 55<br \/>\n        <\/strong><br \/>\nMiction <br \/>\nCarcinome uroth\u00e9lial avec diff\u00e9renciation malpighienne. La pr\u00e9sence de cellules malpighiennes dans les urines peut \u00eatre due \u00e0 un carcinome \u00e9pidermo\u00efde primitif ou \u00e0 un carcinome uroth\u00e9lial avec diff\u00e9renciation malpighienne.<br \/>\n20x <\/div>\n<div class=\"newRow\"><\/div>\n<div class=\"chartColumnCell\">\n<a href=\"\/gallery\/images_large\/slide0738.jpg\" class=\"highslide\" onclick=\"return hs.expand(this)\"><br \/>\n\t<img decoding=\"async\" src=\"\/gallery\/images\/slide0738.jpg\" alt=\"Image 3\" title=\"Click to enlarge\" border=\"0\"><\/a><\/p>\n<div class=\"highslide-caption\">\n<strong>Figure 56<\/strong><br \/>\n<br \/>\nMiction<br \/>\nCarcinome uroth\u00e9lial avec diff\u00e9renciation malpighienne. Les cellules k\u00e9ratinis\u00e9es fusel\u00e9es et en forme de t\u00eatard indiquent la diff\u00e9renciation malpighienne.<br \/>\n40x<\/div>\n<\/div>\n<div class=\"chartColumnLongCell\">\n \t<strong>Figure 56<br \/>\n \t<\/strong><br \/>\nMiction<br \/>\nCarcinome uroth\u00e9lial avec diff\u00e9renciation malpighienne. Les cellules k\u00e9ratinis\u00e9es fusel\u00e9es et en forme de t\u00eatard indiquent la diff\u00e9renciation malpighienne.<br \/>\n40x<\/div>\n<div class=\"newRow\"><\/div>\n<div class=\"chartColumnCell\">\n<a href=\"\/gallery\/images_large\/slide0739.jpg\" class=\"highslide\" onclick=\"return hs.expand(this)\"><br \/>\n\t<img decoding=\"async\" src=\"\/gallery\/images\/slide0739.jpg\" alt=\"Image 3\" title=\"Click to enlarge\" border=\"0\"><\/a><\/p>\n<div class=\"highslide-caption\">\n<strong>Figure 57<br \/>\n<\/strong><br \/>\nMiction<br \/>\nCarcinome uroth\u00e9lial avec diff\u00e9renciation malpighienne. Dans le carcinome \u00e9pidermo\u00efde, les noyaux affichent un pl\u00e9omorphisme marqu\u00e9, sont denses et hyperchromatiques.<br \/>\n60x<\/div>\n<\/div>\n<div class=\"chartColumnLongCell\">\n<strong>Figure 57<br \/>\n<\/strong><br \/>\nMiction<br \/>\nCarcinome uroth\u00e9lial avec diff\u00e9renciation malpighienne. Dans le carcinome \u00e9pidermo\u00efde, les noyaux affichent un pl\u00e9omorphisme marqu\u00e9, sont denses et hyperchromatiques.<br \/>\n60x <\/div>\n<div class=\"newRow\"><\/div>\n<div class=\"chartColumnCell\">\n<a href=\"\/gallery\/images_large\/slide0740.jpg\" class=\"highslide\" onclick=\"return hs.expand(this)\" name=\"pap\"><br \/>\n\t<img decoding=\"async\" src=\"\/gallery\/images\/slide0740.jpg\" alt=\"Image 2\" title=\"Click to enlarge\" border=\"0\"><\/a><\/p>\n<div class=\"highslide-caption\">\n<strong>Figure 58<\/strong><br \/>\n<br \/>\nLavage v\u00e9sical <br \/>\nCancer m\u00e9tastatique de la prostate. Pr\u00e9sence de groupes ou de cellules isol\u00e9es.<br \/>\n20x <\/div>\n<\/div>\n<div class=\"chartColumnLongCell\">\n        <strong>Figure 58<br \/>\n        <\/strong><br \/>\nLavage v\u00e9sical <br \/>\nCancer m\u00e9tastatique de la prostate. Pr\u00e9sence de groupes ou de cellules isol\u00e9es.<br \/>\n20x <\/div>\n<div class=\"newRow\"><\/div>\n<div class=\"chartColumnCell\">\n<a href=\"\/gallery\/images_large\/slide0741.jpg\" class=\"highslide\" onclick=\"return hs.expand(this)\"><br \/>\n\t<img decoding=\"async\" src=\"\/gallery\/images\/slide0741.jpg\" alt=\"Image 3\" title=\"Click to enlarge\" border=\"0\"><\/a><\/p>\n<div class=\"highslide-caption\">\n<strong>Figure 59<\/strong><br \/>\n<br \/>\nLavage v\u00e9sical <br \/>\nCancer m\u00e9tastatique de la prostate. Le cytoplasme peut comporter des vacuoles de mucus.<br \/>\n40x <\/div>\n<\/div>\n<div class=\"chartColumnLongCell\">\n \t<strong>Figure 59<br \/>\n \t<\/strong><br \/>\nLavage v\u00e9sical <br \/>\nCancer m\u00e9tastatique de la prostate.<br \/>\nLe cytoplasme peut comporter des vacuoles de mucus.<br \/>\n40x\n<\/div>\n<div class=\"newRow\"><\/div>\n<div class=\"chartColumnCell\">\n<a href=\"\/gallery\/images_large\/slide0742.jpg\" class=\"highslide\" onclick=\"return hs.expand(this)\" name=\"pap\"><br \/>\n\t<img decoding=\"async\" src=\"\/gallery\/images\/slide0742.jpg\" alt=\"Image 2\" title=\"Click to enlarge\" border=\"0\"><\/a><\/p>\n<div class=\"highslide-caption\">\n<strong>Figure 60<\/strong><br \/>\n<br \/>\nLavage v\u00e9sical <br \/>\nCancer m\u00e9tastatique de la prostate. Noyaux excentr\u00e9s avec nucl\u00e9oles pro\u00e9minents, caract\u00e9ristiques du cancer m\u00e9tastatiques de la prostate.<br \/>\n60x <\/div>\n<\/div>\n<div class=\"chartColumnLongCell\">\n        <strong>Figure 60<br \/>\n        <\/strong><br \/>\nLavage v\u00e9sical <br \/>\nCancer m\u00e9tastatique de la prostate.<br \/>\nNoyaux excentr\u00e9s avec nucl\u00e9oles pro\u00e9minents, caract\u00e9ristiques du cancer m\u00e9tastatiques de la prostate. <\/p>\n<p>60x <\/p><\/div>\n<\/div>\n<div class=\"newRow\"><\/div>\n<div class=\"newRow\"><\/div>\n<p><a class=\"back\" href=\"#\">Retour au d\u00e9but<\/a><\/p>\n<p><a href=\"nongyn_atlas.htm\"> Retour \u00e0 la table des mati\u00e8res<\/a><\/p>\n<\/div>\n<p>[\/vc_column_text][\/vc_column][vc_column width=&#8221;1\/3&#8243; offset=&#8221;vc_hidden-sm vc_hidden-xs&#8221;][vc_widget_sidebar sidebar_id=&#8221;consulting-right-sidebar&#8221;][\/vc_column][\/vc_row]<\/p>\n","protected":false},"excerpt":{"rendered":"<p>[vc_row 0=&#8221;&#8221;][vc_column 0=&#8221;&#8221; offset=&#8221;vc_hidden-lg vc_hidden-md&#8221;][vc_raw_html 0=&#8221;&#8221;]PGNlbnRlcj48YSBjbGFzcz0ic2hpZnRuYXYtdG9nZ2xlIHNoaWZ0bmF2LXRvZ2dsZS1idXR0b24iIGRhdGEtc2hpZnRuYXYtdGFyZ2V0PSJzaGlmdG5hdi1tYWluIj48aSBjbGFzcz0iZmEgZmEtYmFycyI+PC9pPiBUYWJsZSBvZiBDb250ZW50cyA8L2E+PC9jZW50ZXI+[\/vc_raw_html][\/vc_column][\/vc_row][vc_row][vc_column][vc_custom_heading text=&#8221;Cytologie de l&#8217;appareil urinaire&#8221; font_container=&#8221;tag:h1|text_align:center&#8221; use_theme_fonts=&#8221;yes&#8221;][\/vc_column][\/vc_row][vc_row][vc_column width=&#8221;2\/3&#8243;][vc_column_text] Autres types de tumeurs malignes Rappel : Vous pouvez cliquer sur une image de l&#8217;Atlas pour la voir dans un format plus grand. Figure 55 Miction Carcinome uroth\u00e9lial avec diff\u00e9renciation malpighienne. La pr\u00e9sence de cellules malpighiennes dans les urines peut \u00eatre due<\/p>\n","protected":false},"author":3,"featured_media":0,"parent":1949,"menu_order":0,"comment_status":"closed","ping_status":"closed","template":"","meta":{"ngg_post_thumbnail":0,"footnotes":""},"class_list":["post-2175","page","type-page","status-publish","hentry"],"_links":{"self":[{"href":"https:\/\/stage.cytologystuff.com\/fr\/wp-json\/wp\/v2\/pages\/2175","targetHints":{"allow":["GET"]}}],"collection":[{"href":"https:\/\/stage.cytologystuff.com\/fr\/wp-json\/wp\/v2\/pages"}],"about":[{"href":"https:\/\/stage.cytologystuff.com\/fr\/wp-json\/wp\/v2\/types\/page"}],"author":[{"embeddable":true,"href":"https:\/\/stage.cytologystuff.com\/fr\/wp-json\/wp\/v2\/users\/3"}],"replies":[{"embeddable":true,"href":"https:\/\/stage.cytologystuff.com\/fr\/wp-json\/wp\/v2\/comments?post=2175"}],"version-history":[{"count":0,"href":"https:\/\/stage.cytologystuff.com\/fr\/wp-json\/wp\/v2\/pages\/2175\/revisions"}],"up":[{"embeddable":true,"href":"https:\/\/stage.cytologystuff.com\/fr\/wp-json\/wp\/v2\/pages\/1949"}],"wp:attachment":[{"href":"https:\/\/stage.cytologystuff.com\/fr\/wp-json\/wp\/v2\/media?parent=2175"}],"curies":[{"name":"wp","href":"https:\/\/api.w.org\/{rel}","templated":true}]}}