{"id":11070,"date":"2017-09-04T18:53:04","date_gmt":"2017-09-04T18:53:04","guid":{"rendered":"https:\/\/cytologystuff1.wpengine.com\/1587-2\/gyn-atlas-table-of-contents\/endometrial-adenocarcinoma\/"},"modified":"2017-11-15T10:38:58","modified_gmt":"2017-11-15T10:38:58","slug":"endometrial-adenocarcinoma","status":"publish","type":"page","link":"https:\/\/stage.cytologystuff.com\/it\/1587-2\/gyn-atlas-table-of-contents\/endometrial-adenocarcinoma\/","title":{"rendered":"ANOMALIE DELLE CELLULE EPITELIALI"},"content":{"rendered":"<p>[vc_row 0=&#8221;&#8221;][vc_column 0=&#8221;&#8221; offset=&#8221;vc_hidden-lg vc_hidden-md&#8221;][vc_raw_html 0=&#8221;&#8221;]PGNlbnRlcj48YSBjbGFzcz0ic2hpZnRuYXYtdG9nZ2xlIHNoaWZ0bmF2LXRvZ2dsZS1idXR0b24iIGRhdGEtc2hpZnRuYXYtdGFyZ2V0PSJzaGlmdG5hdi1tYWluIj48aSBjbGFzcz0iZmEgZmEtYmFycyI+PC9pPiBUYWJsZSBvZiBDb250ZW50cyA8L2E+PC9jZW50ZXI+[\/vc_raw_html][\/vc_column][\/vc_row][vc_row][vc_column][vc_custom_heading text=&#8221;ANOMALIE DELLE CELLULE EPITELIALI&#8221; font_container=&#8221;tag:h1|text_align:center&#8221; use_theme_fonts=&#8221;yes&#8221;][\/vc_column][\/vc_row][vc_row][vc_column width=&#8221;2\/3&#8243;][vc_column_text]<\/p>\n<p class=\"subhead\"> ANOMALIE DELLE CELLULE EPITELIALI<\/p>\n<p>         <strong> ADENOCARCINOMA ENDOMETRIALE<br \/>\n<\/strong><br \/>\n\t\t<em>Luis A. Diaz-Rosario, medico <\/em><\/p>\n<p> L&#8217;adenocarcinoma endometriale \u00e8 la forma pi\u00f9 diffusa di tumore ginecologico maligno e rappresenta i due terzi dei tumori del corpo dell\u2019utero. Da un punto di vista clinico, pu\u00f2 essere suddiviso in due grandi gruppi. Il tipo I, che costituisce 2\/3 degli adenocarcinomi endometriali, colpisce in genere le donne in pre- o peri-menopausa con una storia clinica caratterizzata da un livello iperestrogenico endogeno o esogeno. Di solito, l&#8217;evoluzione della patologia prevede la progressione del processo neoplastico da un&#8217;iperplasia a un adenocarcinoma invasivo ben differenziato e il tumore spesso risponde alla terapia ormonale, con conseguente prognosi migliore rispetto ai tumori di tipo II. Il tipo II, che costituisce 1\/3 degli adenocarcinomi endometriali, colpisce di solito le donne in post-menopausa, non \u00e8 associato a un livello iper-estrogenico e presenta spesso cellule neoplastiche scarsamente differenziate. Per alcune donne \u00e8 possibile diagnosticare la presenza di adenocarcinoma dell&#8217;endometrio scarsamente o ben differenziato con il semplice prelievo di materiale dalla cervice per il Pap test. Come avviene per il Pap test convenzionale, l\u2019aspetto citologicodell&#8217;adenocarcinoma endometriale nei campioni di ThinPrep\u00aePap Test dipende in larga misura dal grado e dal tipo della neoplasia. Anche se le lesioni endometriali non sono direttamente campionabilicon il Pap test, le neoplasie di pi\u00f9 alto grado tendono a esfoliare pi\u00f9 cellule e ad esserepi\u00f9 evidenti. La distribuzione uniforme e il fissaggio in fase liquida delle cellule nei campioni di ThinPrep Pap Test possono facilitare l&#8217;individuazione di lesioni ben differenziate, che sono spesso presenti con un piccolo numero di cellule anormali, con alterazioni cellulari lievi e nella fase iniziale. <\/p>\n<p> L&#8217;anamnesi della paziente, pur essendo un elemento importante per tutta l&#8217;analisi citologica, riveste importanza fondamentale quando si analizzano le cellule endometriali nel Pap test. L&#8217;et\u00e0 e l&#8217;anamnesi della paziente sono elementi chiave per la formulazione di una diagnosi di cellule endometriali benigne, atipiche e chiaramente maligne. Da un punto di vista citologico, l&#8217;adenocarcinoma endometriale ben differenziato pu\u00f2 essere difficile da distinguere da un endometrio benigno e da un&#8217;iperplasia endometriale e sarebbero necessari ulteriori studi e pubblicazioni che definissero con maggior precisione i criteri relativi.  <\/p>\n<p> Il grado di atipia dell&#8217;adenocarcinoma endometriale aumenta con il grado del tumore. L&#8217;aspetto delle cellule pu\u00f2 variare da apparentemente benigno a chiaramente maligno. Ai fini dello studio dei criteri classici, si proceder\u00e0 alla descrizione delle caratteristiche chiaramente maligne da utilizzare come linee guida di riferimento per l&#8217;analisi citologica. <\/p>\n<p> Da un punto di vista citologico, le neoplasie di tipo I presentano cellule endometriali atipiche\/maligne su uno quadro con aumentato indice di maturazione. Al contrario, le neoplasie di tipo II presentano in genere uno quadro atrofico. Nei campioni ThinPrep le cellule endometriali sono ben conservate e possono apparire in gruppi tridimensionali addensati di varie dimensioni o in piccoli lembi piatti che contengono poche cellule. Le cellule appaiono di solito pi\u00f9 grandi rispetto alle cellule normali e i gruppi presentano bordi regolari e talvolta dentellati che fa loro assumere una configurazione papillare Il citoplasma \u00e8 finemente o distintamente vacuolato ed \u00e8 possibile notare alcuni vacuoli pi\u00f9 grandi che premono il nucleo ad un lato della cellula e talvolta rivelano engulfment cos\u00ec come talvolta accade per le polimorfonucleate (). La caratteristiche nucleari variano in base al grado del tumore. In linea di massima, quando il tumore diventa meno differenziato, il nucleo tende ad addensarsi evidenziando un aumento graduale della superficie nucleare (\u00b5m2) e della dimensione e del numero di nucleoli, irregolarit\u00e0 nella distribuzione e nella grana della cromatina e un ispessimento delle membrane nucleari. <\/p>\n<p style=\"padding-left:7px\"><a href=\"javascript:void(0)\"  style=\"width:350px;display:block\"><img loading=\"lazy\" decoding=\"async\" src=\"\/images\/button27h.gif\" id=\"selfAssessImg\" width=\"350\" height=\"40\"><\/a><\/p>\n<p><a name=\"assess\"><\/a><br \/>\n<strong> I criteri citologici relativi all&#8217;adenocarcinoma endometriale nel ThinPrep<sup>\u00ae<\/sup> Pap Test sono i seguenti: <\/strong> <\/p>\n<div class=\"highslide-gallery\">\n<strong>Ricorda: Puoi cliccare su qualsiasi immagine per ingrandire l&#8217;immagine.<\/strong><\/p>\n<div class=\"chartColumnCell\">\n\t\t\t  <a href=\"\/gallery\/images_large\/slide0194.jpg\" class=\"highslide\" onclick=\"return hs.expand(this)\"><br \/>\n\t<img decoding=\"async\" src=\"\/gallery\/images\/slide0194.jpg\" alt=\"Image 1\" border=\"0\" title=\"Click to enlarge\"><\/a><\/p>\n<div class=\"highslide-caption\">\n\t<strong> Adenocarcinoma endometriale<br \/>\n<\/strong><br \/>\n Le cellule si trovano principalmente in gruppi tridimensionali ben conservati di dimensioni variabili, che presentano un&#8217;anisonucleosi e una sovrapposizione nucleare (affollamento); possono essere presenti cellule singole.60x\n<\/div><\/div>\n<div class=\"chartColumnShortCell\">\n\t<strong> Adenocarcinoma endometriale<br \/>\n<\/strong><br \/>\n Le cellule si trovano principalmente in gruppi tridimensionali ben conservati di dimensioni variabili, che presentano un&#8217;anisonucleosi e una sovrapposizione nucleare (affollamento); possono essere presenti cellule singole.60x\n<\/div>\n<div class=\"newRow\"><\/div>\n<div class=\"chartColumnCell\">\n<a href=\"\/gallery\/images_large\/slide0195.jpg\" class=\"highslide\" onclick=\"return hs.expand(this)\"><br \/>\n\t<img decoding=\"async\" src=\"\/gallery\/images\/slide0195.jpg\" alt=\"Image 2\" border=\"0\" title=\"Click to enlarge\"><\/a><\/p>\n<div class=\"highslide-caption\">\n\t<strong> Adenocarcinoma endometriale<br \/>\n<\/strong><br \/>\n Il citoplasma \u00e8 finemente o distintamente vacuolato con frequenti vacuoli grandi.60x<\/div>\n<\/div>\n<div class=\"chartColumnShortCell\">\n\t\t<strong> Adenocarcinoma endometriale<br \/>\n<\/strong><br \/>\n Il citoplasma \u00e8 finemente o distintamente vacuolato con frequenti vacuoli grandi.60x<\/div>\n<\/div>\n<div class=\"newRow\"><\/div>\n<div class=\"chartColumnCell\">\n<a href=\"\/gallery\/images_large\/slide0196.jpg\" class=\"highslide\" onclick=\"return hs.expand(this)\"><br \/>\n\t<img decoding=\"async\" src=\"\/gallery\/images\/slide0196.jpg\" alt=\"Image 3\" border=\"0\" title=\"Click to enlarge\"><\/a><\/p>\n<div class=\"highslide-caption\">\n\t<strong> Adenocarcinoma endometriale<br \/>\n<\/strong><br \/>\n Nelle cellule polimorfonucleate pu\u00f2 verificarsi \u201cengulfment\u201c.60x<\/div>\n<\/div>\n<div class=\"chartColumnShortCell\">\n \t\t<strong> Adenocarcinoma endometriale<br \/>\n<\/strong><br \/>\n Nelle cellule polimorfonucleate pu\u00f2 verificarsi \u201cengulfment\u201c.60x<\/div>\n<div class=\"newRow\"><\/div>\n<div class=\"chartColumnCell\">\n<a href=\"\/gallery\/images_large\/slide0197.jpg\" class=\"highslide\" onclick=\"return hs.expand(this)\"><br \/>\n\t<img decoding=\"async\" src=\"\/gallery\/images\/slide0197.jpg\" alt=\"Image 4\" border=\"0\" title=\"Click to enlarge\"><\/a><\/p>\n<div class=\"highslide-caption\">\n\t<strong> Adenocarcinoma endometriale<br \/>\n<\/strong><br \/>\n Le dimensioni complessive delle cellule sono generalmente pi\u00f9 grandi di quelle dell&#8217;omologo normale.60x<\/div>\n<\/div>\n<div class=\"chartColumnShortCell\">\n\t<strong> Adenocarcinoma endometriale<br \/>\n<\/strong><br \/>\n Le dimensioni complessive delle cellule sono generalmente pi\u00f9 grandi di quelle dell&#8217;omologo normale.60x<\/div>\n<div class=\"newRow\"><\/div>\n<div class=\"chartColumnCell\">\n<a href=\"\/gallery\/images_large\/slide0198.jpg\" class=\"highslide\" onclick=\"return hs.expand(this)\"><br \/>\n\t<img decoding=\"async\" src=\"\/gallery\/images\/slide0198.jpg\" alt=\"Image 5\" border=\"0\" title=\"Click to enlarge\"><\/a><\/p>\n<div class=\"highslide-caption\">\n\t<strong> Adenocarcinoma endometriale<br \/>\n<\/strong><br \/>\n Nuclei &#8220;riuniti&#8221; rispetto ai nuclei normali.60x<\/div>\n<\/div>\n<div class=\"chartColumnShortCell\">\n \t<strong> Adenocarcinoma endometriale<br \/>\n<\/strong><br \/>\n Nuclei &#8220;riuniti&#8221; rispetto ai nuclei normali.60x<\/div>\n<div class=\"newRow\"><\/div>\n<div class=\"chartColumnCell\">\n<a href=\"\/gallery\/images_large\/slide0199.jpg\" class=\"highslide\" onclick=\"return hs.expand(this)\"><br \/>\n\t<img decoding=\"async\" src=\"\/gallery\/images\/slide0199.jpg\" alt=\"Image 6\" border=\"0\" title=\"Click to enlarge\"><\/a><\/p>\n<div class=\"highslide-caption\">\n\t<strong> Adenocarcinoma endometriale<\/strong><br \/>\n Le membrane nucleari possono essere inspessite. 60x<\/div>\n<\/div>\n<div class=\"chartColumnShortCell\">\n \t<strong> Adenocarcinoma endometriale<br \/>\n<\/strong><br \/>\n Le membrane nucleari possono essere inspessite. 60x<\/div>\n<div class=\"newRow\"><\/div>\n<div class=\"chartColumnCell\">\n<a href=\"\/gallery\/images_large\/slide0200.jpg\" class=\"highslide\" onclick=\"return hs.expand(this)\"><br \/>\n\t<img decoding=\"async\" src=\"\/gallery\/images\/slide0200.jpg\" alt=\"Image 7\" border=\"0\" title=\"Click to enlarge\"><\/a><\/p>\n<div class=\"highslide-caption\">\n\t<strong> Adenocarcinoma endometriale<br \/>\n<\/strong><br \/>\n La cromatina pu\u00f2 essere aggregata e distribuita in modo irregolare. 60x<\/div>\n<\/div>\n<div class=\"chartColumnShortCell\">\n\t<strong> Adenocarcinoma endometriale<br \/>\n<\/strong><br \/>\n La cromatina pu\u00f2 essere aggregata e distribuita in modo irregolare. 60x<\/div>\n<div class=\"newRow\"><\/div>\n<div class=\"chartColumnCell\">\n<a href=\"\/gallery\/images_large\/slide0201.jpg\" class=\"highslide\" onclick=\"return hs.expand(this)\"><br \/>\n\t<img decoding=\"async\" src=\"\/gallery\/images\/slide0201.jpg\" alt=\"Image 3\" border=\"0\" title=\"Click to enlarge\"><\/a><\/p>\n<div class=\"highslide-caption\">\n\t<strong> Adenocarcinoma endometriale<br \/>\n<\/strong><br \/>\n I nucleoli sono normali e variano di frequenza, dimensione e numero.60x<\/div>\n<\/div>\n<div class=\"chartColumnShortCell\">\n \t<strong> Adenocarcinoma endometriale<\/strong><br \/>\n I nucleoli sono normali e variano di frequenza, dimensione e numero.60x<\/div>\n<div class=\"newRow\"><\/div>\n<p> Gli indizi contestuali rilevati sullo sfondo di queste lesioni rimangono quando si utilizza il ThinPrep<sup>\u00ae<\/sup> Pap Test. La diatesi tumorale rilevata con maggiore frequenza sotto forma di una diatesi acquosa nello striscio convenzionale, si presenta nel Thin Prep<sup>\u00ae<\/sup> Pap Test sotto forma di detriti aggregati e granulari che non provocano l&#8217;oscuramento dei dettagli cellulari. <\/p>\n<div class=\"newRow\"><\/div>\n<div class=\"chartColumnCell\">\n<a href=\"\/gallery\/images_large\/slide0202.jpg\" class=\"highslide\" onclick=\"return hs.expand(this)\"><br \/>\n\t<img decoding=\"async\" src=\"\/gallery\/images\/slide0202.jpg\" alt=\"Image 8\" border=\"0\" title=\"Click to enlarge\"><\/a><\/p>\n<div class=\"highslide-caption\">\n\t<strong> Adenocarcinoma endometriale<br \/>\n<\/strong><br \/>\n Possono essere presenti diatesi tumorale e cellule maligne singole.60x<\/div>\n<\/div>\n<div class=\"chartColumnShortCell\">\n \t<strong> Adenocarcinoma endometriale<br \/>\n<\/strong><br \/>\n Possono essere presenti diatesi tumorale e cellule maligne singole.60x<\/div>\n<div class=\"newRow\"><\/div>\n<div class=\"chartColumnCell\">\n<a href=\"\/gallery\/images_large\/slide0206.jpg\" class=\"highslide\" onclick=\"return hs.expand(this)\"><br \/>\n\t<img decoding=\"async\" src=\"\/gallery\/images\/slide0206.jpg\" alt=\"Image 9\" border=\"0\" title=\"Click to enlarge\"><\/a><\/p>\n<div class=\"highslide-caption\">\n <strong> Adenocarcinoma endometriale<\/strong><br \/>\n Un aggregato di cellule da adenocarcinoma endometriale \u00e8 associato a diatesi tumorale.60x<\/div>\n<\/div>\n<div class=\"chartColumnShortCell\">\n \t<strong> Adenocarcinoma endometriale<\/strong><br \/>\n Un aggregato di cellule da adenocarcinoma endometriale \u00e8 associato a diatesi tumorale.60x<\/div>\n<div class=\"newRow\"><\/div>\n<p class=\"subhead\"> ASPETTI SIMILI <\/p>\n<p> L&#8217;adenocarcinoma endometriale \u00e8 caratterizzato da pochi elementi di somiglianza, anche se l&#8217;et\u00e0 e l&#8217;anamnesi della paziente possono contribuire alla formulazione di diagnosi differenziali. L&#8217;adenocarcinoma endometriale, di tipo specificamente endometrioide, pu\u00f2 assomigliare all&#8217;adenocarcinoma endocervicale. Pu\u00f2 avere un aspetto simile a lembi , anzicch\u00e9 un aspetto complessivamente papillare. Se l&#8217;adenocarcinoma endometrioide si sviluppa nell&#8217;utero e intacca la cervice o viceversa, pu\u00f2 essere molto difficile da differenziare. <\/p>\n<p> Le cellule del carcinoma squamoso a piccole cellule costituiscono un altro potenziale elemento di somiglianza con l&#8217;adenocarcinoma endometriale a causa della dimensione ridotta delle cellule e dell&#8217;assenza di citoplasma. <\/p>\n<p> Nota: \u00e8 possibile individuare cellule endometriali da iperplasia o iperplasia atipica, difficili da distinguere da una neoplasia (consultare la sezione relativa alle AGUS). <\/p>\n<table class=\"chart\">\n<tbody>\n<tr class=\"chart\">\n<td width=\"152\"><\/td>\n<td width=\"136\" class=\"heading\">ADENOCARCINOMA ENDOMETRIALE <\/td>\n<td width=\"136\" class=\"heading\">ADENOCARCINOMA ENDOCERVICALE <\/td>\n<td width=\"88\" class=\"heading\">CARCINOMA A CELLULE SQUAMOSE CON CELLULE PICCOLE<\/td>\n<\/tr>\n<tr>\n<td class=\"chart\">Presentazione dei tessuti <\/td>\n<td class=\"chart\">Aggregati piccoli e disgiunti, gruppi di cellule (aggregati tridimensionali) e lembi grandi nei tumori scarsamente differenziati <\/td>\n<td class=\"chart\">Alcune cellule singole, nastri , rosette e lembi e aggregati bidimensionali con bordi dei gruppi ben definiti (bordi con dentellature) <\/td>\n<td class=\"chart\">Si possono rilevare cellule singole e aggregati o disposizioni sinciziali. La presentazione dei tessuti \u00e8 piatta piuttosto che aggregata.<\/td>\n<\/tr>\n<tr class=\"chart\">\n<td class=\"chart\">Citoplasma<\/td>\n<td class=\"chart\">finemente o discretamentee vacuolato con alcuni vacuoli grandi, rapporto N\/C 2:1 o citoplasma molto scarso <\/td>\n<td class=\"chart\">finemente vacuolato con rari vacuoli singoli distinti, rapporto N\/C 2:1 <\/td>\n<td class=\"chart\">Il citoplasma \u00e8 scarso e finemente vacuolato o delicato.<\/td>\n<\/tr>\n<tr>\n<td class=\"chart\">Nucleo<\/td>\n<td class=\"chart\">Appena pi\u00f9 grande o pi\u00f9 grande (leggermente pi\u00f9 grande del nucleo delle cellule intermedie), in prevalenza tondo o ovale <\/td>\n<td class=\"chart\">Pi\u00f9 grande (ingrandito di 3-4 volte la dimensione del nucleo delle cellule intermedie), tondo o ovale <\/td>\n<td class=\"chart\">I nuclei sono in genere tondi o ovali e occupano fino al 95% del citoplasma. \u00c8 possibile rilevare forme picnotiche<\/td>\n<\/tr>\n<tr class=\"chart\">\n<td class=\"chart\">Membrana nucleare <\/td>\n<td class=\"chart\">Regolare, ispessita <\/td>\n<td class=\"chart\">Regolare o irregolare (ondulata), ispessita <\/td>\n<td class=\"chart\">Le membrane nucleari sono regolari o irregolari e ispessite<\/td>\n<\/tr>\n<tr>\n<td class=\"chart\">Cromatina <\/td>\n<td class=\"chart\">Grossolana, distribuita non uniformemente con chiarificazione della paracromatina, lieve ipercromia <\/td>\n<td class=\"chart\">Grossolana , granulare e ipercromica (cromatina grigia) <\/td>\n<td class=\"chart\">Grossolana e ipercromica, anche se talvolta pu\u00f2 apparire finemente granulare e uniformemente distribuita<\/td>\n<\/tr>\n<tr class=\"chart\">\n<td class=\"chart\">Nucleoli <\/td>\n<td class=\"chart\">Singoli o multipli, regolari, non in ogni cellula <\/td>\n<td class=\"chart\">Numerosi, prominenti, regolari o irregolari, singoli o multipli <\/td>\n<td class=\"chart\">I nucleoli sono spesso presenti e sono piccoli e talvolta multipli<\/td>\n<\/tr>\n<\/tbody>\n<\/table>\n<div class=\"chartColumnCell\">\n<a href=\"\/gallery\/images_large\/slide0203.jpg\" class=\"highslide\" onclick=\"return hs.expand(this)\"><br \/>\n\t<img decoding=\"async\" src=\"\/gallery\/images\/slide0203.jpg\" alt=\"Image 10\" border=\"0\" title=\"Click to enlarge\"><\/a><\/p>\n<div class=\"highslide-caption\">\n\t<strong> Aspetto simile<\/strong><br \/>\n Adenocarcinoma endometriale 60x<\/div>\n<\/div>\n<div class=\"chartColumnShortCell\">\n <strong> Aspetto simile<\/strong><br \/>\n Adenocarcinoma endometriale<br \/>\n60x<\/div>\n<div class=\"newRow\"><\/div>\n<div class=\"chartColumnCell\">\n<a href=\"\/gallery\/images_large\/slide0204.jpg\" class=\"highslide\" onclick=\"return hs.expand(this)\"><br \/>\n\t<img decoding=\"async\" src=\"\/gallery\/images\/slide0204.jpg\" alt=\"Image 11\" border=\"0\" title=\"Click to enlarge\"><\/a><\/p>\n<div class=\"highslide-caption\">\n\t<strong> Aspetto simile<\/strong><br \/>\n Adenocarcinoma endometriale 60x<\/div>\n<\/div>\n<div class=\"chartColumnShortCell\">\n \t<strong> Aspetto simile<\/strong><br \/>\n Adenocarcinoma endometriale<br \/>\n60x<\/div>\n<div class=\"newRow\"><\/div>\n<div class=\"chartColumnCell\">\n<a href=\"\/gallery\/images_large\/slide0205.jpg\" class=\"highslide\" onclick=\"return hs.expand(this)\"><br \/>\n\t<img decoding=\"async\" src=\"\/gallery\/images\/slide0205.jpg\" alt=\"Image 12\" border=\"0\" title=\"Click to enlarge\"><\/a><\/p>\n<div class=\"highslide-caption\">\n\t<strong> Aspetto simile<\/strong><br \/>\n Carcinoma a piccole cellule 60x<\/div>\n<\/div>\n<div class=\"chartColumnShortCell\">\n \t<strong> Aspetto simile<\/strong><br \/>\n Carcinoma a piccole cellule60x<\/div>\n<div class=\"newRow\"><\/div>\n<p> <a name=\"readings\"><\/a><strong> BIBLIOGRAFIA CONSIGLIATA: <\/strong><\/p>\n<ol class=\"normal\">\n<li>DeMay RM: The Art &amp; Science of Cytopathology. Chicago, IL. ASCP Press, 1996, pp 122-127.\n  <\/li>\n<li>Guidos BJ et al: Detection of endometrial adenocarcinoma with the ThinPrep Pap test. Acta Cytol 1999; 43(5): 903.\n  <\/li>\n<li>Johnson JE et al: Endocervical glandular neoplasia and its mimics in ThinPrep Pap tests. A descriptive study. Acta Cytol 1999;43(3):369-75.\n<\/li>\n<li>Papillo J et al: Increased specificity in the detection of glandular lesions: Decreased false positive AGUS with ThinPrep Pap tests. Acta Cytol 1999; 43(5): 902.  <\/li>\n<li>Tao L-C: Cytopathology of the Endometrium Direct Intrauterine Sampling. Chicago, IL. ASCP Press, 1993, pp 71-107.  <\/li>\n<\/ol>\n<p><a href=\"#top\">Torna a inizio pagina<\/a><\/p>\n<p>[\/vc_column_text][vc_column_text el_class=&#8221;back-to-top&#8221;]<strong><a href=\"#main\">Back to Top<\/a><\/strong>[\/vc_column_text][\/vc_column][vc_column width=&#8221;1\/3&#8243; offset=&#8221;vc_hidden-sm vc_hidden-xs&#8221;][vc_widget_sidebar sidebar_id=&#8221;consulting-right-sidebar&#8221;][\/vc_column][\/vc_row]<\/p>\n","protected":false},"excerpt":{"rendered":"<p>[vc_row 0=&#8221;&#8221;][vc_column 0=&#8221;&#8221; offset=&#8221;vc_hidden-lg vc_hidden-md&#8221;][vc_raw_html 0=&#8221;&#8221;]PGNlbnRlcj48YSBjbGFzcz0ic2hpZnRuYXYtdG9nZ2xlIHNoaWZ0bmF2LXRvZ2dsZS1idXR0b24iIGRhdGEtc2hpZnRuYXYtdGFyZ2V0PSJzaGlmdG5hdi1tYWluIj48aSBjbGFzcz0iZmEgZmEtYmFycyI+PC9pPiBUYWJsZSBvZiBDb250ZW50cyA8L2E+PC9jZW50ZXI+[\/vc_raw_html][\/vc_column][\/vc_row][vc_row][vc_column][vc_custom_heading text=&#8221;ANOMALIE DELLE CELLULE EPITELIALI&#8221; font_container=&#8221;tag:h1|text_align:center&#8221; use_theme_fonts=&#8221;yes&#8221;][\/vc_column][\/vc_row][vc_row][vc_column width=&#8221;2\/3&#8243;][vc_column_text] ANOMALIE DELLE CELLULE EPITELIALI ADENOCARCINOMA ENDOMETRIALE Luis A. Diaz-Rosario, medico L&#8217;adenocarcinoma endometriale \u00e8 la forma pi\u00f9 diffusa di tumore ginecologico maligno e rappresenta i due terzi dei tumori del corpo dell\u2019utero. Da un punto di vista clinico, pu\u00f2 essere suddiviso in due<\/p>\n","protected":false},"author":3,"featured_media":0,"parent":1890,"menu_order":0,"comment_status":"closed","ping_status":"closed","template":"","meta":{"ngg_post_thumbnail":0,"footnotes":""},"class_list":["post-11070","page","type-page","status-publish","hentry"],"_links":{"self":[{"href":"https:\/\/stage.cytologystuff.com\/it\/wp-json\/wp\/v2\/pages\/11070","targetHints":{"allow":["GET"]}}],"collection":[{"href":"https:\/\/stage.cytologystuff.com\/it\/wp-json\/wp\/v2\/pages"}],"about":[{"href":"https:\/\/stage.cytologystuff.com\/it\/wp-json\/wp\/v2\/types\/page"}],"author":[{"embeddable":true,"href":"https:\/\/stage.cytologystuff.com\/it\/wp-json\/wp\/v2\/users\/3"}],"replies":[{"embeddable":true,"href":"https:\/\/stage.cytologystuff.com\/it\/wp-json\/wp\/v2\/comments?post=11070"}],"version-history":[{"count":0,"href":"https:\/\/stage.cytologystuff.com\/it\/wp-json\/wp\/v2\/pages\/11070\/revisions"}],"up":[{"embeddable":true,"href":"https:\/\/stage.cytologystuff.com\/it\/wp-json\/wp\/v2\/pages\/1890"}],"wp:attachment":[{"href":"https:\/\/stage.cytologystuff.com\/it\/wp-json\/wp\/v2\/media?parent=11070"}],"curies":[{"name":"wp","href":"https:\/\/api.w.org\/{rel}","templated":true}]}}