{"id":2002,"date":"2017-07-31T19:51:09","date_gmt":"2017-07-31T19:51:09","guid":{"rendered":"http:\/\/cytologystuff1.wpengine.com\/1587-2\/non-gyn-atlas\/effusions-and-washes-other-gynecologic-metastases\/"},"modified":"2017-11-17T05:10:21","modified_gmt":"2017-11-17T05:10:21","slug":"effusions-and-washes-other-gynecologic-metastases","status":"publish","type":"page","link":"https:\/\/stage.cytologystuff.com\/it\/1587-2\/non-gyn-atlas\/effusions-and-washes-other-gynecologic-metastases\/","title":{"rendered":"Citologia dei versamenti della cavit\u00e0 pleurica, pericardica e peritoneale."},"content":{"rendered":"<p>[vc_row 0=&#8221;&#8221;][vc_column 0=&#8221;&#8221; offset=&#8221;vc_hidden-lg vc_hidden-md&#8221;][vc_raw_html 0=&#8221;&#8221;]PGNlbnRlcj48YSBjbGFzcz0ic2hpZnRuYXYtdG9nZ2xlIHNoaWZ0bmF2LXRvZ2dsZS1idXR0b24iIGRhdGEtc2hpZnRuYXYtdGFyZ2V0PSJzaGlmdG5hdi1tYWluIj48aSBjbGFzcz0iZmEgZmEtYmFycyI+PC9pPiBUYWJsZSBvZiBDb250ZW50cyA8L2E+PC9jZW50ZXI+[\/vc_raw_html][\/vc_column][\/vc_row][vc_row][vc_column][vc_custom_heading text=&#8221;Citologia dei versamenti della cavit\u00e0 pleurica, pericardica e peritoneale.&#8221; font_container=&#8221;tag:h1|text_align:center&#8221; use_theme_fonts=&#8221;yes&#8221;][\/vc_column][\/vc_row][vc_row el_id=&#8221;acknowledgements&#8221;][vc_column width=&#8221;2\/3&#8243;][vc_column_text]<\/p>\n<div id=>\n<p class=\"subhead\"> VERSAMENTI E LAVAGGI &#8211; ALTRE METASTASI GINECOLOGICHE <\/p>\n<p style=\"padding-left:7px\"><a href=\"javascript:void(0)\"  style=\"width:350px;display:block\"><img loading=\"lazy\" decoding=\"async\" src=\"\/images\/button27h.gif\" id=\"selfAssessImg\" width=\"350\" height=\"40\"><\/a><\/p>\n<div class=\"highslide-gallery\">\n<strong>Ricorda: Puoi cliccare su qualsiasi immagine per ingrandire l&#8217;immagine.<\/strong><\/p>\n<div class=\"chartColumnCell\">\n<a href=\"\/gallery\/images_large\/slide0455.jpg\" class=\"highslide\" onclick=\"return hs.expand(this)\" name=\"pap\"><br \/>\n\t<img decoding=\"async\" src=\"\/gallery\/images\/slide0455.jpg\" alt=\"Image 2\" border=\"0\" title=\"Click to enlarge\"><\/a><\/p>\n<div class=\"highslide-caption\">\n<strong>Figura 55<\/strong><br \/>\n<br \/> Versamento peritoneale:<br \/>\n carcinoma sieroso papillare dell&#8217;endometrio. 20X<\/div>\n<\/div>\n<div class=\"chartColumnShortCell\">\n        \t<strong>Figura 55<br \/>\n        \t<\/strong><br \/>\n             Versamento peritoneale:<br \/>\n carcinoma sieroso papillare dell&#8217;endometrio. 20X <\/div>\n<div class=\"newRow\"><\/div>\n<div class=\"chartColumnCell\">\n<a href=\"\/gallery\/images_large\/slide0456.jpg\" class=\"highslide\" onclick=\"return hs.expand(this)\"><br \/>\n\t<img decoding=\"async\" src=\"\/gallery\/images\/slide0456.jpg\" alt=\"Image 3\" border=\"0\" title=\"Click to enlarge\"><\/a><\/p>\n<div class=\"highslide-caption\">\n<strong>Figura 56<\/strong><br \/>\n<br \/> Versamento peritoneale:<br \/>\n carcinoma sieroso papillare dell&#8217;endometrio. 40X <\/div>\n<\/div>\n<div class=\"chartColumnShortCell\">\n \t\t<strong>Figura 56<br \/>\n \t\t<\/strong>        \t\t Versamento peritoneale:<br \/>\n carcinoma sieroso papillare dell&#8217;endometrio. 40X\n<\/div>\n<div class=\"newRow\"><\/div>\n<p><strong>Figure 55-56:<\/strong> <br \/>\n Versamento peritoneale, carcinoma sieroso papillare dell&#8217;endometrio. Cellule maligne aggregate intorno a corpi di psammoma.             <\/p>\n<div class=\"chartColumnCell\">\n<a href=\"\/gallery\/images_large\/slide0457.jpg\" class=\"highslide\" onclick=\"return hs.expand(this)\" name=\"pap\"><br \/>\n\t<img decoding=\"async\" src=\"\/gallery\/images\/slide0457.jpg\" alt=\"Image 2\" border=\"0\" title=\"Click to enlarge\"><\/a><\/p>\n<div class=\"highslide-caption\">\n    \t<strong>Figura 57<br \/>\n        \t<\/strong><br \/>\n Versamento peritoneale:<br \/>\n adenocarcinoma endometriale. Le microfotografie a bassa potenza mostrano due popolazioni di cellule separate. Nella parte inferiore sinistra \u00e8 visibile un foglietto piatto di cellule benigne uniformi, in quella inferiore destra cellule tumorali non coesive e in quella superiore sinistra un grande frammento coesivo di cellule tumorali. 20X<\/div>\n<\/div>\n<div class=\"chartColumnLongCell\">\n        \t<strong>Figura 57<br \/>\n        \t<\/strong><br \/>\n Versamento peritoneale:<br \/>\n adenocarcinoma endometriale. Le microfotografie a bassa potenza mostrano due popolazioni di cellule separate. Nella parte inferiore sinistra \u00e8 visibile un foglietto piatto di cellule benigne uniformi, in quella inferiore destra cellule tumorali non coesive e in quella superiore sinistra un grande frammento coesivo di cellule tumorali. 20X <\/div>\n<div class=\"newRow\"><\/div>\n<div class=\"chartColumnCell\">\n<a href=\"\/gallery\/images_large\/slide0458.jpg\" class=\"highslide\" onclick=\"return hs.expand(this)\"><br \/>\n\t<img decoding=\"async\" src=\"\/gallery\/images\/slide0458.jpg\" alt=\"Image 3\" border=\"0\" title=\"Click to enlarge\"><\/a><\/p>\n<div class=\"highslide-caption\">\n<strong>Figura 58<\/strong><br \/>\n<br \/> Versamento peritoneale:<br \/>\n adenocarcinoma endometriale. Cellule maligne con caratteristiche dell&#8217;adenocarcinoma, che includono un apparato mitotico, nucleoli prominenti, citoplasma vacuolato e nuclei eccentrici. 60X <\/div>\n<\/div>\n<div class=\"chartColumnLongCell\">\n \t\t<strong>Figura 58<br \/>\n \t\t<\/strong><br \/>\n Versamento peritoneale:<br \/>\n adenocarcinoma endometriale. Cellule maligne con caratteristiche dell&#8217;adenocarcinoma, che includono un apparato mitotico, nucleoli prominenti, citoplasma vacuolato e nuclei eccentrici. 60X\n<\/div>\n<div class=\"newRow\"><\/div>\n<div class=\"chartColumnCell\">\n<a href=\"\/gallery\/images_large\/slide0459.jpg\" class=\"highslide\" onclick=\"return hs.expand(this)\"><br \/>\n\t<img decoding=\"async\" src=\"\/gallery\/images\/slide0459.jpg\" alt=\"Image 3\" border=\"0\" title=\"Click to enlarge\"><\/a><\/p>\n<div class=\"highslide-caption\">\n<strong>Figura 59<\/strong><br \/>\n<br \/> Versamento pleurico:<br \/>\n adenocarcinoma endometriale. 20X <\/div>\n<\/div>\n<div class=\"chartColumnLongCell\">\n \t\t<strong>Figura 59<br \/>\n \t\t<\/strong><br \/>\n  Versamento pleurico:<br \/>\n adenocarcinoma endometriale. 20X\n<\/div>\n<div class=\"newRow\"><\/div>\n<div class=\"chartColumnCell\">\n<a href=\"\/gallery\/images_large\/slide0460.jpg\" class=\"highslide\" onclick=\"return hs.expand(this)\"><br \/>\n\t<img decoding=\"async\" src=\"\/gallery\/images\/slide0460.jpg\" alt=\"Image 3\" border=\"0\" title=\"Click to enlarge\"><\/a><\/p>\n<div class=\"highslide-caption\">\n<strong>Figura 60<\/strong><br \/>\n<br \/>\n Versamento pleurico:<br \/>\n adenocarcinoma endometriale.  40X <\/div>\n<\/div>\n<div class=\"chartColumnLongCell\">\n \t\t<strong>Figura 60<br \/>\n \t\t<\/strong><br \/>\n        Versamento pleurico:<br \/>\n adenocarcinoma endometriale. 40X\n<\/div>\n<div class=\"newRow\"><\/div>\n<p><strong>Figure 59-60:<\/strong> <br \/>\n Versamento pleurico: adenocarcinoma endometriale.<br \/>\n Questo versamento pleurico contiene aggregati di cellule maligne. \u00c8 possibile osservare la maggiore dimensione cellulare dei linfociti e delle cellule mesoteliali dello sfondo. La presenza di una popolazione discontinua \u00e8 una caratteristica maligna nei versamenti corporei. <\/p>\n<div class=\"chartColumnCell\">\n<a href=\"\/gallery\/images_large\/slide0461.jpg\" class=\"highslide\" onclick=\"return hs.expand(this)\"><br \/>\n\t<img decoding=\"async\" src=\"\/gallery\/images\/slide0461.jpg\" alt=\"Image 3\" border=\"0\" title=\"Click to enlarge\"><\/a><\/p>\n<div class=\"highslide-caption\">\n<strong>Figura 61<\/strong><br \/>\n<br \/> Versamento pleurico:<br \/>\n adenocarcinoma papillare della superficie peritoneale. L&#8217;origine di questo tumore \u00e8 un carcinoma extra-ovarico o un carcinoma di origine m\u00fclleriana. \u00c8 possibile notare la differenza con le cellule benigne. 10X<\/div>\n<\/div>\n<div class=\"chartColumnLongCell\">\n \t\t<strong>Figura 61<br \/>\n \t\t<\/strong><br \/>\n Versamento pleurico:<br \/>\n adenocarcinoma papillare della superficie peritoneale. L&#8217;origine di questo tumore \u00e8 un carcinoma extra-ovarico o un carcinoma di origine m\u00fclleriana. \u00c8 possibile notare la differenza con le cellule benigne. 10X<\/div>\n<div class=\"newRow\"><\/div>\n<div class=\"chartColumnCell\">\n<a href=\"\/gallery\/images_large\/slide0462.jpg\" class=\"highslide\" onclick=\"return hs.expand(this)\" name=\"pap\"><br \/>\n\t<img decoding=\"async\" src=\"\/gallery\/images\/slide0462.jpg\" alt=\"Image 2\" border=\"0\" title=\"Click to enlarge\"><\/a><\/p>\n<div class=\"highslide-caption\">\n<strong>Figura 62<\/strong><br \/>\n<br \/>\n Versamento pleurico:  adenocarcinoma. Aggregati papillari di cellule maligne.  20X <\/div>\n<\/div>\n<div class=\"chartColumnLongCell\">\n        \t<strong>Figura 62<br \/>\n        \t<\/strong><br \/>\n Versamento pleurico:<br \/>\n adenocarcinoma. Aggregati papillari di cellule maligne. 20X <\/div>\n<div class=\"newRow\"><\/div>\n<div class=\"chartColumnCell\">\n<a href=\"\/gallery\/images_large\/slide0463.jpg\" class=\"highslide\" onclick=\"return hs.expand(this)\"><br \/>\n\t<img decoding=\"async\" src=\"\/gallery\/images\/slide0463.jpg\" alt=\"Image 3\" border=\"0\" title=\"Click to enlarge\"><\/a><\/p>\n<div class=\"highslide-caption\">\n<strong>Figura 63<\/strong><br \/>\n<br \/> Blocco di cellule provenienti da un versamento pleurico:<br \/>\n adenocarcinoma. Un blocco di cellule mette ulteriormente in evidenza la popolazione distinta di cellule maligne e consente di eseguire l&#8217;analisi immunoistochimica dei marcatori cellulari per la differenziazione e la prognosi. 10X   <\/div>\n<\/div>\n<div class=\"chartColumnLongCell\">\n \t\t<strong>Figura 63<br \/>\n \t\t<\/strong><br \/>\n Blocco di cellule provenienti da un versamento pleurico:<br \/>\n adenocarcinoma. Un blocco di cellule mette ulteriormente in evidenza la popolazione distinta di cellule maligne e consente di eseguire l&#8217;analisi immunoistochimica dei marcatori cellulari per la differenziazione e la prognosi. 10X\n<\/div>\n<div class=\"newRow\"><\/div>\n<div class=\"chartColumnCell\">\n<a href=\"\/gallery\/images_large\/slide0464.jpg\" class=\"highslide\" onclick=\"return hs.expand(this)\"><br \/>\n\t<img decoding=\"async\" src=\"\/gallery\/images\/slide0464.jpg\" alt=\"Image 3\" border=\"0\" title=\"Click to enlarge\"><\/a><\/p>\n<div class=\"highslide-caption\">\n<strong>Figura 64<\/strong><br \/>\n<br \/> Lavaggio pelvico: carcinoma indifferenziato a grandi cellule della cervice. L&#8217;esame citologico mette in evidenza aggregati tondeggianti di cellule maligne. 60X<\/div>\n<\/div>\n<div class=\"chartColumnLongCell\">\n \t\t<strong>Figura 64<br \/>\n \t\t<\/strong><br \/>\n Lavaggio pelvico:  carcinoma indifferenziato a grandi cellule della cervice. L&#8217;esame citologico mette in evidenza aggregati tondeggianti di cellule maligne. 60X\n<\/div>\n<div class=\"newRow\"><\/div>\n<div class=\"chartColumnCell\">\n<a href=\"\/gallery\/images_large\/slide0465.jpg\" class=\"highslide\" onclick=\"return hs.expand(this)\"><br \/>\n\t<img decoding=\"async\" src=\"\/gallery\/images\/slide0465.jpg\" alt=\"Image 3\" border=\"0\" title=\"Click to enlarge\"><\/a><\/p>\n<div class=\"highslide-caption\">\n<strong>Figura 65<\/strong><br \/>\n<br \/> Lavaggio pelvico:<br \/>\n carcinoma della cervice. L&#8217;ingrandimento della visualizzazione consente di visualizzare il citoplasma vacuolato, i nucleoli prominenti e il pattern &#8220;polveroso&#8221; della cromatina che suggeriscono la presenza di un adenocarcinoma. 60X <\/div>\n<\/div>\n<div class=\"chartColumnLongCell\">\n \t\t<strong>Figura 65<br \/>\n \t\t<\/strong><br \/>\n Lavaggio pelvico:<br \/>\n carcinoma della cervice. L&#8217;ingrandimento della visualizzazione consente di visualizzare il citoplasma vacuolato, i nucleoli prominenti e il pattern &#8220;polveroso&#8221; della cromatina che suggeriscono la presenza di un adenocarcinoma. 60X\n<\/div>\n<div class=\"newRow\"><\/div>\n<div class=\"chartColumnCell\">\n<a href=\"\/gallery\/images_large\/slide0466.jpg\" class=\"highslide\" onclick=\"return hs.expand(this)\"><br \/>\n\t<img decoding=\"async\" src=\"\/gallery\/images\/slide0466.jpg\" alt=\"Image 3\" border=\"0\" title=\"Click to enlarge\"><\/a><\/p>\n<div class=\"highslide-caption\">\n<strong>Figura 66<\/strong><br \/>\n<br \/> Lavaggio pelvico:  carcinosarcoma. 20X<\/div>\n<\/div>\n<div class=\"chartColumnShortCell\">\n \t\t<strong>Figura 66<br \/>\n \t\t<\/strong><br \/>\n Lavaggio pelvico:<br \/>\ncarcinosarcoma.<br \/>\n20X\n<\/div>\n<div class=\"newRow\"><\/div>\n<div class=\"chartColumnCell\">\n<a href=\"\/gallery\/images_large\/slide0467.jpg\" class=\"highslide\" onclick=\"return hs.expand(this)\"><br \/>\n\t<img decoding=\"async\" src=\"\/gallery\/images\/slide0467.jpg\" alt=\"Image 3\" border=\"0\" title=\"Click to enlarge\"><\/a><\/p>\n<div class=\"highslide-caption\">\n<strong>Figura 67<\/strong><br \/>\n<br \/> Lavaggio pelvico:  carcinosarcoma. 60X<\/div>\n<\/div>\n<div class=\"chartColumnShortCell\">\n \t\t<strong>Figura 67<br \/>\n \t\t<\/strong><br \/>\n Lavaggio pelvico:<br \/>\ncarcinosarcoma.<br \/>\n60X\n<\/div>\n<div class=\"newRow\"><\/div>\n<p><strong>Figure 66-67:<\/strong><br \/>\n  Lavaggio pelvico:  carcinosarcoma.<br \/>\n Aggregati di cellule maligne di alto grado. Si devono ricercare componenti delle cellule epiteliali e stromali maligne. <\/p>\n<div class=\"chartColumnCell\">\n<a href=\"\/gallery\/images_large\/slide0468.jpg\" class=\"highslide\" onclick=\"return hs.expand(this)\"><br \/>\n\t<img decoding=\"async\" src=\"\/gallery\/images\/slide0468.jpg\" alt=\"Image 3\" border=\"0\" title=\"Click to enlarge\"><\/a><\/p>\n<div class=\"highslide-caption\">\n<strong>Figura 68<\/strong><br \/>\n<br \/> Versamento peritoneale:   adenocarcinoma delle tube di Falloppio. 20X<\/div>\n<\/div>\n<div class=\"chartColumnShortCell\">\n \t\t<strong>Figura 68<br \/>\n \t\t<\/strong><br \/>\n Versamento peritoneale:<br \/>\n adenocarcinoma delle tube di Falloppio. 20X\n<\/div>\n<div class=\"newRow\"><\/div>\n<div class=\"chartColumnCell\">\n<a href=\"\/gallery\/images_large\/slide0469.jpg\" class=\"highslide\" onclick=\"return hs.expand(this)\"><br \/>\n\t<img decoding=\"async\" src=\"\/gallery\/images\/slide0469.jpg\" alt=\"Image 3\" border=\"0\" title=\"Click to enlarge\"><\/a><\/p>\n<div class=\"highslide-caption\">\n<strong>Figura 69<\/strong><br \/>\n<br \/> Versamento peritoneale:  adenocarcinoma delle tube di Falloppio. 60X<\/div>\n<\/div>\n<div class=\"chartColumnShortCell\">\n \t\t<strong>Figura 69<br \/>\n \t\t<\/strong><br \/>\n Versamento peritoneale:<br \/>\n adenocarcinoma delle tube di Falloppio. 60X\n<\/div>\n<\/div>\n<div class=\"newRow\"><\/div>\n<p><strong>Figure 68-69:<\/strong> <br \/>\n Versamento peritoneale:  adenocarcinoma delle tube di Falloppio.<br \/>\n Un tumore raro, ma decisamente maligno. Questa diagnosi pu\u00f2 essere presa in considerazione quando il versamento peritoneale non mostra tracce di patologia endometriale ovarica. \u00c8 possibile notare i vacuoli citoplasmatici prominenti. <\/p>\n<p><a class=\"back\" href=\"#\">Torna a inizio pagina<\/a><\/p>\n<p><a href=\"nongyn_atlas.htm\">Ritorna alla Indice dei contenuti<\/a><\/p>\n<\/div>\n<p>[\/vc_column_text][vc_column_text css=&#8221;.vc_custom_1500390293825{margin-top: 30px !important;}&#8221; el_class=&#8221;back-to-top&#8221;]<strong><a href=\"#main\">Back to Top<\/a><\/strong>[\/vc_column_text][\/vc_column][vc_column width=&#8221;1\/3&#8243; offset=&#8221;vc_hidden-sm vc_hidden-xs&#8221;][vc_widget_sidebar sidebar_id=&#8221;consulting-right-sidebar&#8221;][\/vc_column][\/vc_row]<\/p>\n","protected":false},"excerpt":{"rendered":"<p>[vc_row 0=&#8221;&#8221;][vc_column 0=&#8221;&#8221; offset=&#8221;vc_hidden-lg vc_hidden-md&#8221;][vc_raw_html 0=&#8221;&#8221;]PGNlbnRlcj48YSBjbGFzcz0ic2hpZnRuYXYtdG9nZ2xlIHNoaWZ0bmF2LXRvZ2dsZS1idXR0b24iIGRhdGEtc2hpZnRuYXYtdGFyZ2V0PSJzaGlmdG5hdi1tYWluIj48aSBjbGFzcz0iZmEgZmEtYmFycyI+PC9pPiBUYWJsZSBvZiBDb250ZW50cyA8L2E+PC9jZW50ZXI+[\/vc_raw_html][\/vc_column][\/vc_row][vc_row][vc_column][vc_custom_heading text=&#8221;Citologia dei versamenti della cavit\u00e0 pleurica, pericardica e peritoneale.&#8221; font_container=&#8221;tag:h1|text_align:center&#8221; use_theme_fonts=&#8221;yes&#8221;][\/vc_column][\/vc_row][vc_row el_id=&#8221;acknowledgements&#8221;][vc_column width=&#8221;2\/3&#8243;][vc_column_text] VERSAMENTI E LAVAGGI &#8211; ALTRE METASTASI GINECOLOGICHE Ricorda: Puoi cliccare su qualsiasi immagine per ingrandire l&#8217;immagine. Figura 55 Versamento peritoneale: carcinoma sieroso papillare dell&#8217;endometrio. 20X Figura 55 Versamento peritoneale: carcinoma sieroso papillare dell&#8217;endometrio. 20X Figura 56<\/p>\n","protected":false},"author":3,"featured_media":0,"parent":1951,"menu_order":0,"comment_status":"closed","ping_status":"closed","template":"","meta":{"ngg_post_thumbnail":0,"footnotes":""},"class_list":["post-2002","page","type-page","status-publish","hentry"],"_links":{"self":[{"href":"https:\/\/stage.cytologystuff.com\/it\/wp-json\/wp\/v2\/pages\/2002","targetHints":{"allow":["GET"]}}],"collection":[{"href":"https:\/\/stage.cytologystuff.com\/it\/wp-json\/wp\/v2\/pages"}],"about":[{"href":"https:\/\/stage.cytologystuff.com\/it\/wp-json\/wp\/v2\/types\/page"}],"author":[{"embeddable":true,"href":"https:\/\/stage.cytologystuff.com\/it\/wp-json\/wp\/v2\/users\/3"}],"replies":[{"embeddable":true,"href":"https:\/\/stage.cytologystuff.com\/it\/wp-json\/wp\/v2\/comments?post=2002"}],"version-history":[{"count":0,"href":"https:\/\/stage.cytologystuff.com\/it\/wp-json\/wp\/v2\/pages\/2002\/revisions"}],"up":[{"embeddable":true,"href":"https:\/\/stage.cytologystuff.com\/it\/wp-json\/wp\/v2\/pages\/1951"}],"wp:attachment":[{"href":"https:\/\/stage.cytologystuff.com\/it\/wp-json\/wp\/v2\/media?parent=2002"}],"curies":[{"name":"wp","href":"https:\/\/api.w.org\/{rel}","templated":true}]}}