{"id":2079,"date":"2017-07-31T19:31:02","date_gmt":"2017-07-31T19:31:02","guid":{"rendered":"http:\/\/cytologystuff1.wpengine.com\/1587-2\/non-gyn-atlas\/negative-washes\/"},"modified":"2017-11-16T11:25:17","modified_gmt":"2017-11-16T11:25:17","slug":"negative-washes","status":"publish","type":"page","link":"https:\/\/stage.cytologystuff.com\/it\/1587-2\/non-gyn-atlas\/negative-washes\/","title":{"rendered":"Citologia dei versamenti della cavit\u00e0 pleurica, pericardica e peritoneale"},"content":{"rendered":"<p>[vc_row 0=&#8221;&#8221;][vc_column 0=&#8221;&#8221; offset=&#8221;vc_hidden-lg vc_hidden-md&#8221;][vc_raw_html 0=&#8221;&#8221;]PGNlbnRlcj48YSBjbGFzcz0ic2hpZnRuYXYtdG9nZ2xlIHNoaWZ0bmF2LXRvZ2dsZS1idXR0b24iIGRhdGEtc2hpZnRuYXYtdGFyZ2V0PSJzaGlmdG5hdi1tYWluIj48aSBjbGFzcz0iZmEgZmEtYmFycyI+PC9pPiBUYWJsZSBvZiBDb250ZW50cyA8L2E+PC9jZW50ZXI+[\/vc_raw_html][\/vc_column][\/vc_row][vc_row][vc_column][vc_custom_heading text=&#8221;Citologia dei versamenti della cavit\u00e0 pleurica, pericardica e peritoneale&#8221; font_container=&#8221;tag:h1|text_align:center&#8221; use_theme_fonts=&#8221;yes&#8221;][\/vc_column][\/vc_row][vc_row el_id=&#8221;acknowledgements&#8221;][vc_column width=&#8221;2\/3&#8243;][vc_column_text]<\/p>\n<div id=>\n<p class=\"subhead\">LAVAGGI NEGATIVI<\/p>\n<p style=\"padding-left:7px\"><a href=\"javascript:void(0)\"  style=\"width:350px;display:block\"><img loading=\"lazy\" decoding=\"async\" src=\"\/images\/button27h.gif\" id=\"selfAssessImg\" width=\"350\" height=\"40\"><\/a><\/p>\n<div class=\"highslide-gallery\">\n<strong>Ricorda: Puoi cliccare su qualsiasi immagine per ingrandire l&#8217;immagine.<\/strong><\/p>\n<div class=\"chartColumnCell\">\n<a href=\"\/gallery\/images_large\/slide0413.jpg\" class=\"highslide\" onclick=\"return hs.expand(this)\" name=\"pap\"><br \/>\n\t<img decoding=\"async\" src=\"\/gallery\/images\/slide0413.jpg\" alt=\"Image 2\" border=\"0\" title=\"Click to enlarge\"><\/a><\/p>\n<div class=\"highslide-caption\">\n        <strong>Figura 13<\/strong><br \/>\n       <br \/>\n  Lavaggio peritoneale: <br \/>\n  benigno.<br \/>\n  20X <\/div>\n<\/div>\n<div class=\"chartColumnShortCell\">\n        \t<strong>Figura 13<br \/>\n        \t<\/strong>Lavaggio peritoneale: <br \/>\nbenigno.<br \/>\n20X  <\/div>\n<div class=\"newRow\"><\/div>\n<p>Durante i lavaggi peritoneali, il medico esegue un&#8217;irrigazione o barbotage per raccogliere le cellule da analizzare. Le cellule mesoteliali pelviche possono essere isolate in foglietti larghi e piatti. Pu\u00f2 accadere che i foglietti si ripieghino rendendo evidente la sovrapposizione delle cellule. <\/p>\n<p>\nLa disposizione e l&#8217;aspetto uniforme delle cellule mesoteliali ne evidenziano la natura benigna.<\/p>\n<div class=\"chartColumnCell\">\n<a href=\"\/gallery\/images_large\/slide0414.jpg\" class=\"highslide\" onclick=\"return hs.expand(this)\"><br \/>\n\t<img decoding=\"async\" src=\"\/gallery\/images\/slide0414.jpg\" alt=\"Image 3\" border=\"0\" title=\"Click to enlarge\"><\/a><\/p>\n<div class=\"highslide-caption\">\n<strong>Figura 14<\/strong><br \/>\n<br \/> Lavaggio peritoneale: <br \/> Cellule mesoteliali benigne aggregate.<br \/>\n40X <\/div>\n<\/div>\n<div class=\"chartColumnShortCell\">\n \t\t<strong>Figura 14<br \/>\n \t\t<\/strong>        \t\tLavaggio peritoneale: <br \/>\nCellule mesoteliali benigne aggregate. <br \/>\n40X\n<\/div>\n<div class=\"newRow\"><\/div>\n<p>In un lavaggio peritoneale \u00e8 possibile notare cellule mesoteliali benigne riunite in un gruppo pi\u00f9 tridimensionale con alcune sovrapposizioni. Un esame approfondito rivela la presenza di cellule uniformi con caratteristiche nucleari benigne.\n<\/p>\n<div class=\"chartColumnCell\">\n<a href=\"\/gallery\/images_large\/slide0415.jpg\" class=\"highslide\" onclick=\"return hs.expand(this)\"><br \/>\n\t<img decoding=\"async\" src=\"\/gallery\/images\/slide0415.jpg\" alt=\"Image 3\" border=\"0\" title=\"Click to enlarge\"><\/a><\/p>\n<div class=\"highslide-caption\">\n<strong>Figura 15<\/strong><br \/>\nLavaggio peritoneale: <br \/>cellule mesoteliali reattive. <br \/>\n40X<\/div>\n<\/div>\n<div class=\"chartColumnShortCell\">\n<strong>Figura 15<br \/>\n<\/strong><br \/>\nLavaggio peritoneale: <br \/>\ncellule mesoteliali reattive. <br \/>\n40X\n<\/div>\n<div class=\"newRow\"><\/div>\n<p>Questo gruppo di cellule mesoteliali benigne evidenzia piccole sovrapposizioni. Gli aggregati di cellule mesoteliali benigne presentano bordi con dentellature o protuberanze in contrasto con il bordo regolare tipico degli aggregati dell&#8217;adenocarcinoma.<\/p>\n<div class=\"chartColumnCell\">\n<a href=\"\/gallery\/images_large\/slide0416.jpg\" class=\"highslide\" onclick=\"return hs.expand(this)\" name=\"pap\"><br \/>\n\t<img decoding=\"async\" src=\"\/gallery\/images\/slide0416.jpg\" alt=\"Image 2\" border=\"0\" title=\"Click to enlarge\"><\/a><\/p>\n<div class=\"highslide-caption\">\n<strong>Figura 16<\/strong> <br \/>\nLavaggio pelvico:<br \/>cellule mesoteliali benigne.<br \/>20X <\/div>\n<\/div>\n<div class=\"chartColumnShortCell\">\n        \t<strong>Figura 16<br \/>\n        \t<\/strong>Lavaggio pelvico:<br \/>\ncellule mesoteliali benigne.<br \/>\n20X   <\/div>\n<div class=\"newRow\"><\/div>\n<p>Foglietto piatto di cellule mesoteliali distribuite in modo uniforme con disposizione a palizzata.<\/p>\n<p><\/p>\n<div class=\"chartColumnCell\">\n<a href=\"\/gallery\/images_large\/slide0417.jpg\" class=\"highslide\" onclick=\"return hs.expand(this)\"><br \/>\n\t<img decoding=\"async\" src=\"\/gallery\/images\/slide0417.jpg\" alt=\"Image 3\" border=\"0\" title=\"Click to enlarge\"><\/a><\/p>\n<div class=\"highslide-caption\">\n<strong>Figura 17<\/strong><br \/>\n<br \/>\nLavaggio pelvico:<br \/> cellule mesoteliali benigne. <br \/> 40X <\/div>\n<\/div>\n<div class=\"chartColumnShortCell\">\n \t\t<strong>Figura 17<br \/>\n \t\t<\/strong>        \t\tLavaggio pelvico:<br \/>\ncellule mesoteliali benigne. <br \/>\n40X\n<\/div>\n<div class=\"newRow\"><\/div>\n<div class=\"chartColumnCell\">\n<a href=\"\/gallery\/images_large\/slide0418.jpg\" class=\"highslide\" onclick=\"return hs.expand(this)\" name=\"pap\"><br \/>\n\t<img decoding=\"async\" src=\"\/gallery\/images\/slide0418.jpg\" alt=\"Image 2\" border=\"0\" title=\"Click to enlarge\"><\/a><\/p>\n<div class=\"highslide-caption\">\n<strong>Figura 18<\/strong><br \/>\n<br \/>\nLavaggio pelvico:<br \/> cellule mesoteliali benigne. <br \/> 20X <\/div>\n<\/div>\n<div class=\"chartColumnShortCell\">\n        \t<strong>Figura 18<br \/>\n        \t<\/strong>Lavaggio pelvico:<br \/>\ncellule mesoteliali benigne. <br \/>\n20X <\/div>\n<div class=\"newRow\"><\/div>\n<p>  <strong>Le Figure 17 e 18<\/strong> mostrano foglietti grandi di cellule mesoteliali. I nuclei sono vescicolari e uniformi con nucleoli piccoli o appena visibili. <\/p>\n<div class=\"chartColumnCell\">\n<a href=\"\/gallery\/images_large\/slide0419.jpg\" class=\"highslide\" onclick=\"return hs.expand(this)\"><br \/>\n\t<img decoding=\"async\" src=\"\/gallery\/images\/slide0419.jpg\" alt=\"Image 3\" border=\"0\" title=\"Click to enlarge\"><\/a><\/p>\n<div class=\"highslide-caption\">\n<strong>Figura 19<\/strong><br \/>\n<br \/>\nLavaggio pelvico:<br \/>negativo. <br \/> 40X <\/div>\n<\/div>\n<div class=\"chartColumnShortCell\">\n \t\t<strong>Figura 19<br \/>\n \t\t<\/strong>        \t\tLavaggio pelvico:<br \/>\nnegativo. <br \/>\n40X\n<\/div>\n<div class=\"newRow\"><\/div>\n<p>  Le cellule mesoteliali possono avere un aspetto cuboidale con citoplasma pi\u00f9 concentrato. Anche in questo caso, \u00e8 possibile notare il foglietto coesivo di cellule caratterizzato da uniformit\u00e0 dei nuclei. <\/p>\n<div class=\"chartColumnCell\">\n<a href=\"\/gallery\/images_large\/slide0420.jpg\" class=\"highslide\" onclick=\"return hs.expand(this)\"><br \/>\n\t<img decoding=\"async\" src=\"\/gallery\/images\/slide0420.jpg\" alt=\"Image 3\" border=\"0\" title=\"Click to enlarge\"><\/a><\/p>\n<div class=\"highslide-caption\">\n<strong>Figura 20<\/strong><br \/>\n<br \/>\nLavaggio peritoneale: <br \/> artefatti.<br \/> 20X <\/div>\n<\/div>\n<div class=\"chartColumnShortCell\">\n \t\t<strong>Figura 20<br \/>\n \t\t<\/strong>        \t\tLavaggio peritoneale: <br \/>\nartefatti.<br \/>\n20X\n<\/div>\n<div class=\"newRow\"><\/div>\n<p>Nei lavaggi peritoneali e nei fluidi di altre regioni corporee \u00e8 possibile individuare colesterolo e altri tipi di cristalli.<\/p>\n<p> <\/p>\n<div class=\"chartColumnCell\">\n<a href=\"\/gallery\/images_large\/slide0421.jpg\" class=\"highslide\" onclick=\"return hs.expand(this)\"><br \/>\n\t<img decoding=\"async\" src=\"\/gallery\/images\/slide0421.jpg\" alt=\"Image 3\" border=\"0\" title=\"Click to enlarge\"><\/a><\/p>\n<div class=\"highslide-caption\">\n<strong>Figura 21<\/strong><br \/>\n<br \/>\nLavaggio peritoneale: <br \/> artefatti.<br \/> 60X <\/div>\n<\/div>\n<div class=\"chartColumnShortCell\">\n \t\t<strong>Figura 21<br \/>\n \t\t<\/strong>        \t\tLavaggio peritoneale: <br \/>\nartefatti.<br \/>\n60X\n<\/div>\n<\/div>\n<div class=\"newRow\"><\/div>\n<p>       Le cellule mesoteliali reattive che contengono granuli di amido segnalano una contaminazione da polvere di guanti riconducile a una precedente laparotomia. I granuli di amido possono contaminare il campione se questo entra in contatto con i guanti utilizzati dal tecnico che esegue l&#8217;elaborazione.   <\/p>\n<p><a class=\"back\" href=\"#\">Torna a inizio pagina<\/a><\/p>\n<\/div>\n<p>[\/vc_column_text][vc_column_text css=&#8221;.vc_custom_1500390293825{margin-top: 30px !important;}&#8221; el_class=&#8221;back-to-top&#8221;]<strong><a href=\"#main\">Back to Top<\/a><\/strong>[\/vc_column_text][\/vc_column][vc_column width=&#8221;1\/3&#8243; offset=&#8221;vc_hidden-sm vc_hidden-xs&#8221;][vc_widget_sidebar sidebar_id=&#8221;consulting-right-sidebar&#8221;][\/vc_column][\/vc_row]<\/p>\n","protected":false},"excerpt":{"rendered":"<p>[vc_row 0=&#8221;&#8221;][vc_column 0=&#8221;&#8221; offset=&#8221;vc_hidden-lg vc_hidden-md&#8221;][vc_raw_html 0=&#8221;&#8221;]PGNlbnRlcj48YSBjbGFzcz0ic2hpZnRuYXYtdG9nZ2xlIHNoaWZ0bmF2LXRvZ2dsZS1idXR0b24iIGRhdGEtc2hpZnRuYXYtdGFyZ2V0PSJzaGlmdG5hdi1tYWluIj48aSBjbGFzcz0iZmEgZmEtYmFycyI+PC9pPiBUYWJsZSBvZiBDb250ZW50cyA8L2E+PC9jZW50ZXI+[\/vc_raw_html][\/vc_column][\/vc_row][vc_row][vc_column][vc_custom_heading text=&#8221;Citologia dei versamenti della cavit\u00e0 pleurica, pericardica e peritoneale&#8221; font_container=&#8221;tag:h1|text_align:center&#8221; use_theme_fonts=&#8221;yes&#8221;][\/vc_column][\/vc_row][vc_row el_id=&#8221;acknowledgements&#8221;][vc_column width=&#8221;2\/3&#8243;][vc_column_text] LAVAGGI NEGATIVI Ricorda: Puoi cliccare su qualsiasi immagine per ingrandire l&#8217;immagine. Figura 13 Lavaggio peritoneale: benigno. 20X Figura 13 Lavaggio peritoneale: benigno. 20X Durante i lavaggi peritoneali, il medico esegue un&#8217;irrigazione o barbotage per raccogliere le<\/p>\n","protected":false},"author":3,"featured_media":0,"parent":1951,"menu_order":0,"comment_status":"closed","ping_status":"closed","template":"","meta":{"ngg_post_thumbnail":0,"footnotes":""},"class_list":["post-2079","page","type-page","status-publish","hentry"],"_links":{"self":[{"href":"https:\/\/stage.cytologystuff.com\/it\/wp-json\/wp\/v2\/pages\/2079","targetHints":{"allow":["GET"]}}],"collection":[{"href":"https:\/\/stage.cytologystuff.com\/it\/wp-json\/wp\/v2\/pages"}],"about":[{"href":"https:\/\/stage.cytologystuff.com\/it\/wp-json\/wp\/v2\/types\/page"}],"author":[{"embeddable":true,"href":"https:\/\/stage.cytologystuff.com\/it\/wp-json\/wp\/v2\/users\/3"}],"replies":[{"embeddable":true,"href":"https:\/\/stage.cytologystuff.com\/it\/wp-json\/wp\/v2\/comments?post=2079"}],"version-history":[{"count":0,"href":"https:\/\/stage.cytologystuff.com\/it\/wp-json\/wp\/v2\/pages\/2079\/revisions"}],"up":[{"embeddable":true,"href":"https:\/\/stage.cytologystuff.com\/it\/wp-json\/wp\/v2\/pages\/1951"}],"wp:attachment":[{"href":"https:\/\/stage.cytologystuff.com\/it\/wp-json\/wp\/v2\/media?parent=2079"}],"curies":[{"name":"wp","href":"https:\/\/api.w.org\/{rel}","templated":true}]}}